{"id":1055,"date":"2017-07-11T19:01:52","date_gmt":"2017-07-11T19:01:52","guid":{"rendered":"http:\/\/www2.unsa.edu.pe\/escuelas\/antropologia\/?page_id=1055"},"modified":"2025-12-17T11:37:54","modified_gmt":"2025-12-17T16:37:54","slug":"personal-docente","status":"publish","type":"page","link":"https:\/\/fchs.unsa.edu.pe\/antropologia\/personal-docente\/","title":{"rendered":"Personal Docente"},"content":{"rendered":"<h3 style=\"text-align: center;\"><strong>PERSONAL DOCENTE &#8211; ESCUELA PROFESIONAL DE ANTROPOLOG\u00cdA <\/strong><\/h3>\n<p><strong>DOCENTES NOMBRADOS<\/strong><\/p>\n<table class=\"table table-striped\" width=\"100%\">\n<tbody>\n<tr>\n<td>Grado<\/td>\n<td>Nombre Docente<\/td>\n<td>Categor\u00eda<\/td>\n<td>Correo Electr\u00f3nico<\/td>\n<\/tr>\n<tr>\n<td>Dr.<\/td>\n<td><a href=\"http:\/\/directorio.concytec.gob.pe\/appDirectorioCTI\/VerDatosInvestigador.do?id_investigador=59217\">ALMONTE MAMANI, ABD\u00d3N<\/a><\/td>\n<td>Asociado<\/td>\n<td>aalmonte@unsa.edu.pe<\/td>\n<\/tr>\n<tr>\n<td>Dr.<\/td>\n<td><a href=\"https:\/\/dina.concytec.gob.pe\/appDirectorioCTI\/VerDatosInvestigador.do?id_investigador=103087\">CESPEDES CARPIO, MIGUEL ANGEL<\/a><\/td>\n<td>Principal<\/td>\n<td>mcespedes@unsa.edu.pe<\/td>\n<\/tr>\n<tr>\n<td>Dr.<\/td>\n<td><a href=\"http:\/\/directorio.concytec.gob.pe\/appDirectorioCTI\/VerDatosInvestigador.do?id_investigador=58753\">LOAYZA BORJA, JHON RICARDO<\/a><\/td>\n<td>Principal<\/td>\n<td>jloayzab@unsa.edu.pe<\/td>\n<\/tr>\n<tr>\n<td>Dr.<\/td>\n<td><a href=\"http:\/\/directorio.concytec.gob.pe\/appDirectorioCTI\/VerDatosInvestigador.do?id_investigador=61121\">MAMANI DAZA, LOLO JUAN<\/a><\/td>\n<td>Principal<\/td>\n<td>lmamanid@unsa.edu.pe<\/td>\n<\/tr>\n<tr>\n<td>Dr.<\/td>\n<td><a href=\"https:\/\/dina.concytec.gob.pe\/appDirectorioCTI\/VerDatosInvestigador.do?id_investigador=64449\">PAREDES ROND\u00d3N, JORGE ROLANDO<\/a><\/td>\n<td>Principal<\/td>\n<td>jparedesr@unsa.edu.pe<\/td>\n<\/tr>\n<tr>\n<td>Dr.<\/td>\n<td><a href=\"https:\/\/dina.concytec.gob.pe\/appDirectorioCTI\/VerDatosInvestigador.do?id_investigador=102941\">TAYPICAHUANA RODR\u00cdGUEZ, AQUILES \u00c1NGEL<\/a><\/td>\n<td>Principal<\/td>\n<td>ataypicahuana@unsa.edu.pe<\/td>\n<\/tr>\n<tr>\n<td>Dra.<\/td>\n<td><a href=\"http:\/\/directorio.concytec.gob.pe\/appDirectorioCTI\/VerDatosInvestigador.do?id_investigador=60864\">PILLCO DELGADO, JUANA FRANCISCA<\/a><\/td>\n<td>Principal<\/td>\n<td>jpillco@unsa.edu.pe<\/td>\n<\/tr>\n<tr>\n<td>Mg.<\/td>\n<td><a href=\"http:\/\/directorio.concytec.gob.pe\/appDirectorioCTI\/VerDatosInvestigador.do?id_investigador=57489\">CASTILLO TORRES, DANIEL ENRIQUE<\/a><\/td>\n<td>Auxiliar<\/td>\n<td>dcastillot@unsa.edu.pe<\/td>\n<\/tr>\n<tr>\n<td>Mg.<\/td>\n<td><a href=\"http:\/\/directorio.concytec.gob.pe\/appDirectorioCTI\/VerDatosInvestigador.do?id_investigador=56407\">GONZALES VELIZ, RAUL MAURO<\/a><\/td>\n<td>Auxiliar<\/td>\n<td>rgonzalesve@unsa.edu.pe<\/td>\n<\/tr>\n<tr>\n<td>Mg.<\/td>\n<td><a href=\"http:\/\/directorio.concytec.gob.pe\/appDirectorioCTI\/VerDatosInvestigador.do?id_investigador=80248\">VERA MEDINA, ELOY ARMANDO<\/a><\/td>\n<td>Auxiliar<\/td>\n<td>everame@unsa.edu.pe<\/td>\n<\/tr>\n<tr>\n<td>Mg.<\/td>\n<td><a href=\"http:\/\/directorio.concytec.gob.pe\/appDirectorioCTI\/VerDatosInvestigador.do;jsessionid=c861fe09a4f1d9e2df269f96bf7e?id_investigador=82917\">ZEGARRA L\u00d3PEZ, JORGE ARMANDO<\/a><\/td>\n<td>Auxiliar<\/td>\n<td>jzegarral@unsa.edu.pe<\/td>\n<\/tr>\n<tr>\n<td><\/td>\n<td><\/td>\n<td><\/td>\n<td><\/td>\n<\/tr>\n<tr>\n<td><\/td>\n<td><\/td>\n<td><\/td>\n<td><\/td>\n<\/tr>\n<tr>\n<td><\/td>\n<td><\/td>\n<td><\/td>\n<td><\/td>\n<\/tr>\n<tr>\n<td><\/td>\n<td><\/td>\n<td><\/td>\n<td><\/td>\n<\/tr>\n<tr>\n<td><\/td>\n<td><\/td>\n<td><\/td>\n<td><\/td>\n<\/tr>\n<tr>\n<td><\/td>\n<td><\/td>\n<td><\/td>\n<td><\/td>\n<\/tr>\n<tr>\n<td><\/td>\n<td><\/td>\n<td><\/td>\n<td><\/td>\n<\/tr>\n<tr>\n<td><\/td>\n<td><\/td>\n<td><\/td>\n<td><\/td>\n<\/tr>\n<tr>\n<td><\/td>\n<td><\/td>\n<td><\/td>\n<td><\/td>\n<\/tr>\n<\/tbody>\n<\/table>\n<p>&nbsp;<\/p>\n<p><strong>DOCENTES CONTRATADOS<\/strong><\/p>\n<p>&nbsp;<\/p>\n<table class=\"table table-striped\" width=\"100%\">\n<tbody>\n<tr>\n<td>Grado<\/td>\n<td>Nombre Docente<\/td>\n<td>Categor\u00eda<\/td>\n<td>Correo Electr\u00f3nico<\/td>\n<\/tr>\n<tr>\n<td>Dr.<\/td>\n<td><a href=\"http:\/\/directorio.concytec.gob.pe\/appDirectorioCTI\/VerDatosInvestigador.do?id_investigador=103224\">LLERENA MEZA,JUAN ALEJANDRO<\/a><\/td>\n<td>CONTRA.A2<\/td>\n<td>jllerenamez@unsa.edu.pe<\/td>\n<\/tr>\n<tr>\n<td>Mg.<\/td>\n<td><a href=\"http:\/\/directorio.concytec.gob.pe\/appDirectorioCTI\/VerDatosInvestigador.do?id_investigador=140255\">CONTRERAS CHAVEZ, LUIS ALONZO<\/a><\/td>\n<td>CONTRA.B1<\/td>\n<td>lcontrerasc@unsa.edu.pe<\/td>\n<\/tr>\n<tr>\n<td>Mg.<\/td>\n<td><a href=\"https:\/\/fchs.unsa.edu.pe\/antropologia\/personal-docente\/\">GELDRES GARCIA, DENIS ALONSO<\/a><\/td>\n<td>Auxiliar<\/td>\n<td>dgeldres@unsa.edu.pe<\/td>\n<\/tr>\n<tr>\n<td>Mg.<\/td>\n<td><a href=\"http:\/\/directorio.concytec.gob.pe\/appDirectorioCTI\/VerDatosInvestigador.do?id_investigador=106670\">GONGORA FERNANDEZ, GLENY DOMINGA<\/a><\/td>\n<td>CONTRA.B2<\/td>\n<td>ggongorafernandez@yahoo.com<\/td>\n<\/tr>\n<tr>\n<td>Mg.<\/td>\n<td><a href=\"http:\/\/directorio.concytec.gob.pe\/appDirectorioCTI\/VerDatosInvestigador.do?id_investigador=69297\">LLERENA LANZA, RENATO ALONSO<\/a><\/td>\n<td>CONTRA. B2<\/td>\n<td>rllerenal@unsa.edu.pe<\/td>\n<\/tr>\n<tr>\n<td>Mg.<\/td>\n<td><a href=\"http:\/\/directorio.concytec.gob.pe\/appDirectorioCTI\/VerDatosInvestigador.do;jsessionid=103eb19aa900c16f7c4e4e5644c0?id_investigador=111659\">RODRIGUEZ, GAVINO PRESBITERO<\/a><\/td>\n<td>CONTRA.B2<\/td>\n<td>grodriguezmed@unsa.edu.pe<\/td>\n<\/tr>\n<tr>\n<td>Mg.<\/td>\n<td><a href=\"http:\/\/directorio.concytec.gob.pe\/appDirectorioCTI\/VerDatosInvestigador.do?id_investigador=80238\">ZANABRIA CABRERA, LUIS CARLO<\/a><\/td>\n<td>JEFE PRACTI.<\/td>\n<td>carlozanabria7@hotmail.com<\/td>\n<\/tr>\n<tr>\n<td><\/td>\n<td><\/td>\n<td><\/td>\n<td><\/td>\n<\/tr>\n<tr>\n<td><\/td>\n<td><\/td>\n<td><\/td>\n<td><\/td>\n<\/tr>\n<tr>\n<td><\/td>\n<td><\/td>\n<td><\/td>\n<td><\/td>\n<\/tr>\n<tr>\n<td><\/td>\n<td><\/td>\n<td><\/td>\n<td><\/td>\n<\/tr>\n<\/tbody>\n<\/table>\n","protected":false},"excerpt":{"rendered":"<p>PERSONAL DOCENTE &#8211; ESCUELA PROFESIONAL DE ANTROPOLOG\u00cdA DOCENTES NOMBRADOS Grado Nombre Docente Categor\u00eda Correo Electr\u00f3nico Dr. ALMONTE MAMANI, ABD\u00d3N Asociado aalmonte@unsa.edu.pe Dr. CESPEDES CARPIO, MIGUEL ANGEL Principal mcespedes@unsa.edu.pe Dr. LOAYZA BORJA, JHON RICARDO Principal jloayzab@unsa.edu.pe Dr. MAMANI DAZA, LOLO JUAN Principal lmamanid@unsa.edu.pe Dr. PAREDES ROND\u00d3N, JORGE ROLANDO Principal jparedesr@unsa.edu.pe Dr. TAYPICAHUANA RODR\u00cdGUEZ, AQUILES \u00c1NGEL Principal [&hellip;]<\/p>\n","protected":false},"author":1,"featured_media":0,"parent":0,"menu_order":0,"comment_status":"closed","ping_status":"closed","template":"","meta":{"_acf_changed":false,"footnotes":""},"class_list":["post-1055","page","type-page","status-publish","hentry"],"acf":[],"_links":{"self":[{"href":"https:\/\/fchs.unsa.edu.pe\/antropologia\/wp-json\/wp\/v2\/pages\/1055","targetHints":{"allow":["GET"]}}],"collection":[{"href":"https:\/\/fchs.unsa.edu.pe\/antropologia\/wp-json\/wp\/v2\/pages"}],"about":[{"href":"https:\/\/fchs.unsa.edu.pe\/antropologia\/wp-json\/wp\/v2\/types\/page"}],"author":[{"embeddable":true,"href":"https:\/\/fchs.unsa.edu.pe\/antropologia\/wp-json\/wp\/v2\/users\/1"}],"replies":[{"embeddable":true,"href":"https:\/\/fchs.unsa.edu.pe\/antropologia\/wp-json\/wp\/v2\/comments?post=1055"}],"version-history":[{"count":37,"href":"https:\/\/fchs.unsa.edu.pe\/antropologia\/wp-json\/wp\/v2\/pages\/1055\/revisions"}],"predecessor-version":[{"id":1584,"href":"https:\/\/fchs.unsa.edu.pe\/antropologia\/wp-json\/wp\/v2\/pages\/1055\/revisions\/1584"}],"wp:attachment":[{"href":"https:\/\/fchs.unsa.edu.pe\/antropologia\/wp-json\/wp\/v2\/media?parent=1055"}],"curies":[{"name":"wp","href":"https:\/\/api.w.org\/{rel}","templated":true}]}}