{"id":1062,"date":"2017-07-11T19:03:13","date_gmt":"2017-07-11T19:03:13","guid":{"rendered":"http:\/\/www2.unsa.edu.pe\/escuelas\/antropologia\/?page_id=1062"},"modified":"2025-12-17T11:47:28","modified_gmt":"2025-12-17T16:47:28","slug":"presentacion","status":"publish","type":"page","link":"https:\/\/fchs.unsa.edu.pe\/antropologia\/presentacion\/","title":{"rendered":"Presentaci\u00f3n"},"content":{"rendered":"<p>La Escuela Profesional de Antropolog\u00eda cumpliendo la nueva ley Universitaria 30220, el nuevo estatuto &#8211; UNSA y el nuevo modelo educativo de nuestra Universidad ha elaborado el presente Plan Curricular 2017. La ley manifiesta que la formaci\u00f3n debe de ser humanista, cient\u00edfica y tecnol\u00f3gica con una clara conciencia de nuestro pa\u00eds como realidad multicultural. Adem\u00e1s, formar profesionales de alta calidad de manera integral con un pleno sentido de responsabilidad social, de acuerdo a las necesidades de nuestro pa\u00eds.<\/p>\n<p>As\u00ed mismo obligaci\u00f3n de nuestra universidad es formar profesionales que tengan una visi\u00f3n integral de la sociedad y el desempe\u00f1o profesional \u00e9tico y de excelencia. En este sentido promueve la concatenaci\u00f3n acad\u00e9mica y lo profesional, entre lo cient\u00edfico y lo human\u00edstico, construyendo valores en un ambiente de discusi\u00f3n respetuoso y debate sostenido de alta exigencia con la finalidad de garantizar el ejercicio profesional, a trav\u00e9s de la investigaci\u00f3n y proyectos de desarrollo de alta rigurosidad, con respeto a nuestra diversidad cultural.<\/p>\n<p>Frente a esos criterios y lograr la mejora de la calidad de nuestros egresados, nuestra Facultad de Ciencias Hist\u00f3ricos Sociales promueve el auto aprendizaje y la capacidad continua, para lo cual implementa diplomados, segundas especialidades, Maestr\u00edas y Doctorados, as\u00ed mismo complementa eventos acad\u00e9micos especializados, adem\u00e1s contamos con unidades de investigaci\u00f3n e Instituto de Investigaci\u00f3n para publicar las revistas de ciencias sociales de la Facultad.<\/p>\n<p>El nuevo plan curricular de la Escuela Profesional de Antropolog\u00eda contiene cursos de formaci\u00f3n human\u00edstica identidad y ciudadan\u00eda, cursos electivos, cursos de estudios espec\u00edficos y cursos de especialidad; estructurado en tres m\u00f3dulos. El Primer m\u00f3dulo de Investigaci\u00f3n Antropol\u00f3gica, segundo m\u00f3dulo de Gesti\u00f3n y Desarrollo Socio Cultural (rural y urbano) y por \u00faltimo el m\u00f3dulo de Gesti\u00f3n de Patrimonio Cultural. En tal sentido el estudiante egresado debe de cumplir 222 cr\u00e9ditos, para optar si Bachillerato y posteriormente su Licenciatura.<\/p>\n<p><strong>\u00bfQu\u00e9 es la antropolog\u00eda?<\/strong><br \/>\nLa antropolog\u00eda es una ciencia social que estudia a la sociedad en su diversidad cultural y f\u00edsica. Plantea un estudio profundo sobre el comportamiento del ser humano en grupo, construye teor\u00edas y aplica conocimientos del pasado y del presente para la transformaci\u00f3n de la sociedad a trav\u00e9s de programas y proyectos de desarrollo socioculturales.<\/p>\n<p><iframe loading=\"lazy\" title=\"Programa de Estudio de Antropolog\u00eda\" width=\"500\" height=\"281\" src=\"https:\/\/www.youtube.com\/embed\/jd93K-h_Pwg?feature=oembed\" frameborder=\"0\" allow=\"accelerometer; autoplay; clipboard-write; encrypted-media; gyroscope; picture-in-picture; web-share\" referrerpolicy=\"strict-origin-when-cross-origin\" allowfullscreen><\/iframe><\/p>\n","protected":false},"excerpt":{"rendered":"<p>La Escuela Profesional de Antropolog\u00eda cumpliendo la nueva ley Universitaria 30220, el nuevo estatuto &#8211; UNSA y el nuevo modelo educativo de nuestra Universidad ha elaborado el presente Plan Curricular 2017. La ley manifiesta que la formaci\u00f3n debe de ser humanista, cient\u00edfica y tecnol\u00f3gica con una clara conciencia de nuestro pa\u00eds como realidad multicultural. Adem\u00e1s, [&hellip;]<\/p>\n","protected":false},"author":1,"featured_media":1465,"parent":0,"menu_order":0,"comment_status":"closed","ping_status":"closed","template":"","meta":{"_acf_changed":false,"footnotes":""},"class_list":["post-1062","page","type-page","status-publish","has-post-thumbnail","hentry"],"acf":[],"_links":{"self":[{"href":"https:\/\/fchs.unsa.edu.pe\/antropologia\/wp-json\/wp\/v2\/pages\/1062","targetHints":{"allow":["GET"]}}],"collection":[{"href":"https:\/\/fchs.unsa.edu.pe\/antropologia\/wp-json\/wp\/v2\/pages"}],"about":[{"href":"https:\/\/fchs.unsa.edu.pe\/antropologia\/wp-json\/wp\/v2\/types\/page"}],"author":[{"embeddable":true,"href":"https:\/\/fchs.unsa.edu.pe\/antropologia\/wp-json\/wp\/v2\/users\/1"}],"replies":[{"embeddable":true,"href":"https:\/\/fchs.unsa.edu.pe\/antropologia\/wp-json\/wp\/v2\/comments?post=1062"}],"version-history":[{"count":5,"href":"https:\/\/fchs.unsa.edu.pe\/antropologia\/wp-json\/wp\/v2\/pages\/1062\/revisions"}],"predecessor-version":[{"id":1495,"href":"https:\/\/fchs.unsa.edu.pe\/antropologia\/wp-json\/wp\/v2\/pages\/1062\/revisions\/1495"}],"wp:featuredmedia":[{"embeddable":true,"href":"https:\/\/fchs.unsa.edu.pe\/antropologia\/wp-json\/wp\/v2\/media\/1465"}],"wp:attachment":[{"href":"https:\/\/fchs.unsa.edu.pe\/antropologia\/wp-json\/wp\/v2\/media?parent=1062"}],"curies":[{"name":"wp","href":"https:\/\/api.w.org\/{rel}","templated":true}]}}