{"id":1064,"date":"2017-07-11T19:03:37","date_gmt":"2017-07-11T19:03:37","guid":{"rendered":"http:\/\/www2.unsa.edu.pe\/escuelas\/antropologia\/?page_id=1064"},"modified":"2025-12-02T11:37:03","modified_gmt":"2025-12-02T16:37:03","slug":"resena-historica","status":"publish","type":"page","link":"https:\/\/fchs.unsa.edu.pe\/antropologia\/resena-historica\/","title":{"rendered":"Rese\u00f1a Hist\u00f3rica"},"content":{"rendered":"<p>La Escuela Profesional de Antropolog\u00eda, es parte integrante de la Facultad de Ciencias Hist\u00f3ricos Sociales, de la Universidad Nacional de San Agust\u00edn de Arequipa, en consecuencia, desde el punto de base legal, se rige de la nueva ley universitaria 30220, y el nuevo estatuto de la universidad y el modelo educativo de la misma.<\/p>\n<p>Fue creada por la CONUP; resoluci\u00f3n n\u00ba 1972 \u2013 74, el 6 de setiembre de 1974 como Programa de Antropolog\u00eda, bajo la direcci\u00f3n del Programa de Historia y Ciencias Sociales de la Universidad Nacional de San Agust\u00edn de Arequipa, durante su desarrollo hist\u00f3rico como Escuela hemos tenido una variedad de cambios curriculares, para mejorar la formaci\u00f3n de los estudiantes y as\u00ed puedan enfrentar los problemas a solucionar, tanto a nivel nacional, regional y local.<\/p>\n","protected":false},"excerpt":{"rendered":"<p>La Escuela Profesional de Antropolog\u00eda, es parte integrante de la Facultad de Ciencias Hist\u00f3ricos Sociales, de la Universidad Nacional de San Agust\u00edn de Arequipa, en consecuencia, desde el punto de base legal, se rige de la nueva ley universitaria 30220, y el nuevo estatuto de la universidad y el modelo educativo de la misma. Fue [&hellip;]<\/p>\n","protected":false},"author":1,"featured_media":1229,"parent":0,"menu_order":0,"comment_status":"closed","ping_status":"closed","template":"","meta":{"_acf_changed":false,"footnotes":""},"class_list":["post-1064","page","type-page","status-publish","has-post-thumbnail","hentry"],"acf":[],"_links":{"self":[{"href":"https:\/\/fchs.unsa.edu.pe\/antropologia\/wp-json\/wp\/v2\/pages\/1064","targetHints":{"allow":["GET"]}}],"collection":[{"href":"https:\/\/fchs.unsa.edu.pe\/antropologia\/wp-json\/wp\/v2\/pages"}],"about":[{"href":"https:\/\/fchs.unsa.edu.pe\/antropologia\/wp-json\/wp\/v2\/types\/page"}],"author":[{"embeddable":true,"href":"https:\/\/fchs.unsa.edu.pe\/antropologia\/wp-json\/wp\/v2\/users\/1"}],"replies":[{"embeddable":true,"href":"https:\/\/fchs.unsa.edu.pe\/antropologia\/wp-json\/wp\/v2\/comments?post=1064"}],"version-history":[{"count":7,"href":"https:\/\/fchs.unsa.edu.pe\/antropologia\/wp-json\/wp\/v2\/pages\/1064\/revisions"}],"predecessor-version":[{"id":1556,"href":"https:\/\/fchs.unsa.edu.pe\/antropologia\/wp-json\/wp\/v2\/pages\/1064\/revisions\/1556"}],"wp:featuredmedia":[{"embeddable":true,"href":"https:\/\/fchs.unsa.edu.pe\/antropologia\/wp-json\/wp\/v2\/media\/1229"}],"wp:attachment":[{"href":"https:\/\/fchs.unsa.edu.pe\/antropologia\/wp-json\/wp\/v2\/media?parent=1064"}],"curies":[{"name":"wp","href":"https:\/\/api.w.org\/{rel}","templated":true}]}}