{"id":1068,"date":"2017-07-11T19:08:08","date_gmt":"2017-07-11T19:08:08","guid":{"rendered":"http:\/\/www2.unsa.edu.pe\/escuelas\/antropologia\/?page_id=1068"},"modified":"2017-07-11T19:08:08","modified_gmt":"2017-07-11T19:08:08","slug":"objetivos-academicos","status":"publish","type":"page","link":"https:\/\/fchs.unsa.edu.pe\/antropologia\/objetivos-academicos\/","title":{"rendered":"Objetivos Acad\u00e9micos"},"content":{"rendered":"<h4>1.- OBJETIVOS:<\/h4>\n<p>La Especialidad de Antropolog\u00eda pretende brindar una base acad\u00e9mica consistente para la formaci\u00f3n de profesionales antrop\u00f3logos que sean \u00fatiles y que respondan a las necesidades de nuestra sociedad. Por ello es que se busca formar antrop\u00f3logos altamente calificados y eficientes que est\u00e9n en capacidad de realizar tres tipos de funciones:<\/p>\n<h4>1.1.- INVESTIGACI\u00d3N:<\/h4>\n<p>Debe realizar investigaci\u00f3n de campo para el desarrollo del conocimiento cient\u00edfico, a partir del estudio de la realidad social y cultural. Adem\u00e1s ser\u00e1 capaz de realizar diagn\u00f3sticos y analizar los fen\u00f3menos sociales, y estar en condiciones de elaborar teor\u00eda y aplicarla a la realidad concreta. Dicha investigaci\u00f3n aplicada estar\u00e1 enmarcada en dos dimensiones urbano y rural; cuyas l\u00edneas de investigaci\u00f3n ser\u00e1n:<br \/>\na) Organizaci\u00f3n Social y Econom\u00eda<br \/>\nb) Folklore y Turismo<br \/>\nc) Cultura empresarial y Ecolog\u00eda.<br \/>\nd) Ideolog\u00eda Andina.<\/p>\n<h4>1.2.- REALIZAR PROYECTOS SOCIAL:<\/h4>\n<p>El antrop\u00f3logo como cient\u00edfico social, debe aplicar los conocimientos con una perspectiva humana al servicio de los sectores m\u00e1s necesitados de la sociedad, tanto en el \u00e1rea urbana y rural, en base a la investigaci\u00f3n.<\/p>\n<h4>1.3.- ASESOR\u00cdA:<\/h4>\n<p>Debe impartir el conocimiento antropol\u00f3gico a las diferentes personas y\/o instituciones que tengan inter\u00e9s o necesidad de ella; acerca del modo de vida de las diferentes culturas y sociedades que se dan en la sociedad peruana.<\/p>\n","protected":false},"excerpt":{"rendered":"<p>1.- OBJETIVOS: La Especialidad de Antropolog\u00eda pretende brindar una base acad\u00e9mica consistente para la formaci\u00f3n de profesionales antrop\u00f3logos que sean \u00fatiles y que respondan a las necesidades de nuestra sociedad. Por ello es que se busca formar antrop\u00f3logos altamente calificados y eficientes que est\u00e9n en capacidad de realizar tres tipos de funciones: 1.1.- INVESTIGACI\u00d3N: Debe [&hellip;]<\/p>\n","protected":false},"author":1,"featured_media":1230,"parent":0,"menu_order":0,"comment_status":"closed","ping_status":"closed","template":"","meta":{"_acf_changed":false,"footnotes":""},"class_list":["post-1068","page","type-page","status-publish","has-post-thumbnail","hentry"],"acf":[],"_links":{"self":[{"href":"https:\/\/fchs.unsa.edu.pe\/antropologia\/wp-json\/wp\/v2\/pages\/1068","targetHints":{"allow":["GET"]}}],"collection":[{"href":"https:\/\/fchs.unsa.edu.pe\/antropologia\/wp-json\/wp\/v2\/pages"}],"about":[{"href":"https:\/\/fchs.unsa.edu.pe\/antropologia\/wp-json\/wp\/v2\/types\/page"}],"author":[{"embeddable":true,"href":"https:\/\/fchs.unsa.edu.pe\/antropologia\/wp-json\/wp\/v2\/users\/1"}],"replies":[{"embeddable":true,"href":"https:\/\/fchs.unsa.edu.pe\/antropologia\/wp-json\/wp\/v2\/comments?post=1068"}],"version-history":[{"count":0,"href":"https:\/\/fchs.unsa.edu.pe\/antropologia\/wp-json\/wp\/v2\/pages\/1068\/revisions"}],"wp:featuredmedia":[{"embeddable":true,"href":"https:\/\/fchs.unsa.edu.pe\/antropologia\/wp-json\/wp\/v2\/media\/1230"}],"wp:attachment":[{"href":"https:\/\/fchs.unsa.edu.pe\/antropologia\/wp-json\/wp\/v2\/media?parent=1068"}],"curies":[{"name":"wp","href":"https:\/\/api.w.org\/{rel}","templated":true}]}}