{"id":1070,"date":"2017-07-11T19:08:31","date_gmt":"2017-07-11T19:08:31","guid":{"rendered":"http:\/\/www2.unsa.edu.pe\/escuelas\/antropologia\/?page_id=1070"},"modified":"2025-12-17T11:44:52","modified_gmt":"2025-12-17T16:44:52","slug":"director-de-escuela-profesional","status":"publish","type":"page","link":"https:\/\/fchs.unsa.edu.pe\/antropologia\/director-de-escuela-profesional\/","title":{"rendered":"Director de Escuela Profesional de Antropolog\u00eda"},"content":{"rendered":"<h3>Dr. Lolo Mamani Daza<\/h3>\n<p>Director de la Escuela Profesional de Antropolog\u00eda<\/p>\n<p>Contacto:<\/p>\n<ul>\n<li>Tel\u00e9fono: (051)987252790<\/li>\n<li>Correo Electr\u00f3nico: lmamanid@unsa.edu.pe<\/li>\n<\/ul>\n","protected":false},"excerpt":{"rendered":"<p>Dr. Lolo Mamani Daza Director de la Escuela Profesional de Antropolog\u00eda Contacto: Tel\u00e9fono: (051)987252790 Correo Electr\u00f3nico: lmamanid@unsa.edu.pe<\/p>\n","protected":false},"author":1,"featured_media":1586,"parent":0,"menu_order":0,"comment_status":"closed","ping_status":"closed","template":"page-autoridades.php","meta":{"_acf_changed":false,"footnotes":""},"class_list":["post-1070","page","type-page","status-publish","has-post-thumbnail","hentry"],"acf":[],"_links":{"self":[{"href":"https:\/\/fchs.unsa.edu.pe\/antropologia\/wp-json\/wp\/v2\/pages\/1070","targetHints":{"allow":["GET"]}}],"collection":[{"href":"https:\/\/fchs.unsa.edu.pe\/antropologia\/wp-json\/wp\/v2\/pages"}],"about":[{"href":"https:\/\/fchs.unsa.edu.pe\/antropologia\/wp-json\/wp\/v2\/types\/page"}],"author":[{"embeddable":true,"href":"https:\/\/fchs.unsa.edu.pe\/antropologia\/wp-json\/wp\/v2\/users\/1"}],"replies":[{"embeddable":true,"href":"https:\/\/fchs.unsa.edu.pe\/antropologia\/wp-json\/wp\/v2\/comments?post=1070"}],"version-history":[{"count":22,"href":"https:\/\/fchs.unsa.edu.pe\/antropologia\/wp-json\/wp\/v2\/pages\/1070\/revisions"}],"predecessor-version":[{"id":1585,"href":"https:\/\/fchs.unsa.edu.pe\/antropologia\/wp-json\/wp\/v2\/pages\/1070\/revisions\/1585"}],"wp:featuredmedia":[{"embeddable":true,"href":"https:\/\/fchs.unsa.edu.pe\/antropologia\/wp-json\/wp\/v2\/media\/1586"}],"wp:attachment":[{"href":"https:\/\/fchs.unsa.edu.pe\/antropologia\/wp-json\/wp\/v2\/media?parent=1070"}],"curies":[{"name":"wp","href":"https:\/\/api.w.org\/{rel}","templated":true}]}}