{"id":1076,"date":"2017-07-11T19:11:01","date_gmt":"2017-07-11T19:11:01","guid":{"rendered":"http:\/\/www2.unsa.edu.pe\/escuelas\/antropologia\/?page_id=1076"},"modified":"2020-09-24T03:03:46","modified_gmt":"2020-09-24T08:03:46","slug":"perfil-del-egresado","status":"publish","type":"page","link":"https:\/\/fchs.unsa.edu.pe\/antropologia\/perfil-del-egresado\/","title":{"rendered":"Perfil del Egresado"},"content":{"rendered":"<p>El profesional egresado de la Escuela Profesional de Antropolog\u00eda debe ser capaz de identificar problemas socioculturales en todos los campos de la actividad humana y plantear sus soluciones, analizando con los marcos te\u00f3ricos propios de su disciplina. Debe actuar sobre la problem\u00e1tica de la realidad con sentido com\u00fan, con capacidad objetiva y con un profundo respeto hacia el ser humano, fin \u00faltimo de sus preocupaciones, para ello, los antrop\u00f3logos usan sus conocimientos, habilidades, instrumentos y destrezas, tanto te\u00f3ricas, metodol\u00f3gicas y pr\u00e1cticas. Y, finalmente, debe investigar y enfocar la investigaci\u00f3n socio-cultural como pluri y transdisciplinar en la soluci\u00f3n de los problemas.<\/p>\n<p>En tal sentido el perfil profesional se basa en:<\/p>\n<ul>\n<li>Investigaciones y consultor\u00edas antropol\u00f3gicas.<\/li>\n<li>Gesti\u00f3n y promoci\u00f3n del desarrollo sociocultural: rural y urbano.<\/li>\n<li>Gesti\u00f3n del patrimonio cultural.<\/li>\n<li>Docencia Universitaria e Institutos Superiores.<\/li>\n<\/ul>\n","protected":false},"excerpt":{"rendered":"<p>El profesional egresado de la Escuela Profesional de Antropolog\u00eda debe ser capaz de identificar problemas socioculturales en todos los campos de la actividad humana y plantear sus soluciones, analizando con los marcos te\u00f3ricos propios de su disciplina. Debe actuar sobre la problem\u00e1tica de la realidad con sentido com\u00fan, con capacidad objetiva y con un profundo [&hellip;]<\/p>\n","protected":false},"author":1,"featured_media":1472,"parent":0,"menu_order":0,"comment_status":"closed","ping_status":"closed","template":"","meta":{"_acf_changed":false,"footnotes":""},"class_list":["post-1076","page","type-page","status-publish","has-post-thumbnail","hentry"],"acf":[],"_links":{"self":[{"href":"https:\/\/fchs.unsa.edu.pe\/antropologia\/wp-json\/wp\/v2\/pages\/1076","targetHints":{"allow":["GET"]}}],"collection":[{"href":"https:\/\/fchs.unsa.edu.pe\/antropologia\/wp-json\/wp\/v2\/pages"}],"about":[{"href":"https:\/\/fchs.unsa.edu.pe\/antropologia\/wp-json\/wp\/v2\/types\/page"}],"author":[{"embeddable":true,"href":"https:\/\/fchs.unsa.edu.pe\/antropologia\/wp-json\/wp\/v2\/users\/1"}],"replies":[{"embeddable":true,"href":"https:\/\/fchs.unsa.edu.pe\/antropologia\/wp-json\/wp\/v2\/comments?post=1076"}],"version-history":[{"count":5,"href":"https:\/\/fchs.unsa.edu.pe\/antropologia\/wp-json\/wp\/v2\/pages\/1076\/revisions"}],"predecessor-version":[{"id":1471,"href":"https:\/\/fchs.unsa.edu.pe\/antropologia\/wp-json\/wp\/v2\/pages\/1076\/revisions\/1471"}],"wp:featuredmedia":[{"embeddable":true,"href":"https:\/\/fchs.unsa.edu.pe\/antropologia\/wp-json\/wp\/v2\/media\/1472"}],"wp:attachment":[{"href":"https:\/\/fchs.unsa.edu.pe\/antropologia\/wp-json\/wp\/v2\/media?parent=1076"}],"curies":[{"name":"wp","href":"https:\/\/api.w.org\/{rel}","templated":true}]}}