{"id":1078,"date":"2017-07-11T19:11:32","date_gmt":"2017-07-11T19:11:32","guid":{"rendered":"http:\/\/www2.unsa.edu.pe\/escuelas\/antropologia\/?page_id=1078"},"modified":"2017-07-11T19:11:32","modified_gmt":"2017-07-11T19:11:32","slug":"campo-ocupacional","status":"publish","type":"page","link":"https:\/\/fchs.unsa.edu.pe\/antropologia\/campo-ocupacional\/","title":{"rendered":"Campo Ocupacional"},"content":{"rendered":"<p>El campo laboral de los antrop\u00f3logos en el mundo globalizado es bastante amplio y no se limita a la ense\u00f1anza. Los antrop\u00f3logos profesionales pueden trabajar para clientes no acad\u00e9micos, como el gobierno central, los gobiernos regionales y locales, las organizaciones no gubernamentales (ONG), las asociaciones tribales y \u00e9tnicas, los grupos de promoci\u00f3n y defensa de los Derechos Humanos, la investigaci\u00f3n forense, el dise\u00f1o y gesti\u00f3n de pol\u00edticas sociales, direcci\u00f3n y gesti\u00f3n de empresas educativas y de servicios sociales, en el turismo y en la promoci\u00f3n y conservaci\u00f3n del patrimonio cultural y natural de la humanidad.<\/p>\n","protected":false},"excerpt":{"rendered":"<p>El campo laboral de los antrop\u00f3logos en el mundo globalizado es bastante amplio y no se limita a la ense\u00f1anza. Los antrop\u00f3logos profesionales pueden trabajar para clientes no acad\u00e9micos, como el gobierno central, los gobiernos regionales y locales, las organizaciones no gubernamentales (ONG), las asociaciones tribales y \u00e9tnicas, los grupos de promoci\u00f3n y defensa de [&hellip;]<\/p>\n","protected":false},"author":1,"featured_media":1234,"parent":0,"menu_order":0,"comment_status":"closed","ping_status":"closed","template":"","meta":{"_acf_changed":false,"footnotes":""},"class_list":["post-1078","page","type-page","status-publish","has-post-thumbnail","hentry"],"acf":[],"_links":{"self":[{"href":"https:\/\/fchs.unsa.edu.pe\/antropologia\/wp-json\/wp\/v2\/pages\/1078","targetHints":{"allow":["GET"]}}],"collection":[{"href":"https:\/\/fchs.unsa.edu.pe\/antropologia\/wp-json\/wp\/v2\/pages"}],"about":[{"href":"https:\/\/fchs.unsa.edu.pe\/antropologia\/wp-json\/wp\/v2\/types\/page"}],"author":[{"embeddable":true,"href":"https:\/\/fchs.unsa.edu.pe\/antropologia\/wp-json\/wp\/v2\/users\/1"}],"replies":[{"embeddable":true,"href":"https:\/\/fchs.unsa.edu.pe\/antropologia\/wp-json\/wp\/v2\/comments?post=1078"}],"version-history":[{"count":0,"href":"https:\/\/fchs.unsa.edu.pe\/antropologia\/wp-json\/wp\/v2\/pages\/1078\/revisions"}],"wp:featuredmedia":[{"embeddable":true,"href":"https:\/\/fchs.unsa.edu.pe\/antropologia\/wp-json\/wp\/v2\/media\/1234"}],"wp:attachment":[{"href":"https:\/\/fchs.unsa.edu.pe\/antropologia\/wp-json\/wp\/v2\/media?parent=1078"}],"curies":[{"name":"wp","href":"https:\/\/api.w.org\/{rel}","templated":true}]}}