{"id":1080,"date":"2017-07-11T19:15:25","date_gmt":"2017-07-11T19:15:25","guid":{"rendered":"http:\/\/www2.unsa.edu.pe\/escuelas\/antropologia\/?page_id=1080"},"modified":"2018-07-11T14:33:09","modified_gmt":"2018-07-11T19:33:09","slug":"competencias-de-la-carrera","status":"publish","type":"page","link":"https:\/\/fchs.unsa.edu.pe\/antropologia\/competencias-de-la-carrera\/","title":{"rendered":"Competencias de la Carrera"},"content":{"rendered":"<p><strong>Competencias Generales<\/strong><\/p>\n<p>Al finalizar la carrera profesional de Antropolog\u00eda en la Universidad Nacional de San Agust\u00edn, el estudiante o egresado, lograra las siguientes competencias generales:<\/p>\n<ul>\n<li>Formula proyectos de desarrollo antropol\u00f3gicos para responder a las necesidades m\u00e1s importantes de nuestra regi\u00f3n sur en base a los cursos generales, cursos espec\u00edficos y de especialidad de nuestra carrera profesional.<\/li>\n<li>Difunde investigaciones antropol\u00f3gicas pertinentes orientadas a desarrollar el campo de nuestra disciplina teniendo como referente las nuevas corrientes te\u00f3ricas, metodol\u00f3gicas y la posibilidad de su aplicaci\u00f3n en la resoluci\u00f3n de los problemas m\u00e1s urgentes de nuestra sociedad.<\/li>\n<li>Gestiona pol\u00edticas, planes y proyectos vinculados al \u00e1mbito sociocultural para contribuir al desarrollo local y nacional desde instituciones del sector p\u00fablico o privado.<\/li>\n<li>Promueve actividades de proyecci\u00f3n social y extensi\u00f3n universitaria vinculadas a su formaci\u00f3n profesional que susciten el respeto de la diversidad cultural y la defensa del patrimonio cultural material e inmaterial de nuestra regi\u00f3n y pa\u00eds.<\/li>\n<\/ul>\n<p><strong>Competencias Espec\u00edficas y de Especialidad<\/strong><\/p>\n<ul>\n<li>lnterpreta procesos socioculturales locales y nacionales buscando desarrollar una mirada integral de la sociedad a partir del manejo de las principales corrientes te\u00f3ricas de la ciencia antropol\u00f3gica.<\/li>\n<li>Aplica los m\u00e9todos y t\u00e9cnicas de investigaci\u00f3n antropol\u00f3gica buscando responder las preguntas que nos plantean los principales problemas de la sociedad regional y plantea alternativas de soluci\u00f3n.<\/li>\n<li>Participa activamente en equipos multidisciplinarios conformados en torno a la investigaci\u00f3n social y gesti\u00f3n del desarrollo buscando proponer y ejecutar planes integrales que enfrenten problemas complejos de nuestra sociedad.<\/li>\n<li>Explica las principales caracter\u00edsticas y necesidades de los pueblos ind\u00edgenas y las comunidades campesinas para el reconocimiento de sus derechos econ\u00f3micos, sociales y culturales y su rol fundamental en el desarrollo rural.<\/li>\n<li>Describe los cambios sociodemogr\u00e1ficos en nuestra sociedad como consecuencia de los procesos migratorios identificando nuevas tendencias y necesidades pertinentes de ser investigadas.<\/li>\n<li>Aplica las principales t\u00e9cnicas e instrumentos en resoluci\u00f3n de conflictos sociales a partir de un an\u00e1lisis oportuno buscando reducir los \u00edndices de conflictividad social en el pa\u00eds.<\/li>\n<li>Determina las oportunidades y desaf\u00edos que representa la globalizaci\u00f3n para la sociedad peruana identificando maneras creativas de insertarse en los procesos mundiales que sean respetuosas de las diferencias locales.<\/li>\n<li>Gestiona programas y proyectos sociales que respondan a las necesidades que ha identificado la investigaci\u00f3n antropol\u00f3gica cuidando que los procesos de elaboraci\u00f3n, ejecuci\u00f3n y evaluaci\u00f3n sean acertados.<\/li>\n<li>Promueve tradiciones culturales que fortalezcan la identidad de nuestra sociedad a trav\u00e9s de la gesti\u00f3n del patrimonio cultural material e inmaterial en instituciones p\u00fablicas y privadas.<\/li>\n<li>Valora la contribuci\u00f3n de a ciencia antropol\u00f3gica al conocimiento de la diversidad cultural y el respeto por el derecho a la diferencia como una necesidad urgente de las sociedades modernas que debe expresarse en pol\u00edticas p\u00fablicas.<\/li>\n<\/ul>\n","protected":false},"excerpt":{"rendered":"<p>Competencias Generales Al finalizar la carrera profesional de Antropolog\u00eda en la Universidad Nacional de San Agust\u00edn, el estudiante o egresado, lograra las siguientes competencias generales: Formula proyectos de desarrollo antropol\u00f3gicos para responder a las necesidades m\u00e1s importantes de nuestra regi\u00f3n sur en base a los cursos generales, cursos espec\u00edficos y de especialidad de nuestra carrera [&hellip;]<\/p>\n","protected":false},"author":1,"featured_media":1235,"parent":0,"menu_order":0,"comment_status":"closed","ping_status":"closed","template":"","meta":{"_acf_changed":false,"footnotes":""},"class_list":["post-1080","page","type-page","status-publish","has-post-thumbnail","hentry"],"acf":[],"_links":{"self":[{"href":"https:\/\/fchs.unsa.edu.pe\/antropologia\/wp-json\/wp\/v2\/pages\/1080","targetHints":{"allow":["GET"]}}],"collection":[{"href":"https:\/\/fchs.unsa.edu.pe\/antropologia\/wp-json\/wp\/v2\/pages"}],"about":[{"href":"https:\/\/fchs.unsa.edu.pe\/antropologia\/wp-json\/wp\/v2\/types\/page"}],"author":[{"embeddable":true,"href":"https:\/\/fchs.unsa.edu.pe\/antropologia\/wp-json\/wp\/v2\/users\/1"}],"replies":[{"embeddable":true,"href":"https:\/\/fchs.unsa.edu.pe\/antropologia\/wp-json\/wp\/v2\/comments?post=1080"}],"version-history":[{"count":2,"href":"https:\/\/fchs.unsa.edu.pe\/antropologia\/wp-json\/wp\/v2\/pages\/1080\/revisions"}],"predecessor-version":[{"id":1389,"href":"https:\/\/fchs.unsa.edu.pe\/antropologia\/wp-json\/wp\/v2\/pages\/1080\/revisions\/1389"}],"wp:featuredmedia":[{"embeddable":true,"href":"https:\/\/fchs.unsa.edu.pe\/antropologia\/wp-json\/wp\/v2\/media\/1235"}],"wp:attachment":[{"href":"https:\/\/fchs.unsa.edu.pe\/antropologia\/wp-json\/wp\/v2\/media?parent=1080"}],"curies":[{"name":"wp","href":"https:\/\/api.w.org\/{rel}","templated":true}]}}