{"id":1275,"date":"2018-06-12T17:49:53","date_gmt":"2018-06-12T17:49:53","guid":{"rendered":"https:\/\/fchs.unsa.edu.pe\/historia\/?page_id=1275"},"modified":"2025-06-12T09:03:43","modified_gmt":"2025-06-12T14:03:43","slug":"presentacion","status":"publish","type":"page","link":"https:\/\/fchs.unsa.edu.pe\/historia\/presentacion\/","title":{"rendered":"Presentaci\u00f3n"},"content":{"rendered":"<p>Desde la daci\u00f3n de la Ley 30220, la universidad peruana comienza e experimentar cambios significativos que permiten realizar reformas; en el caso de nuestra Universidad Nacional de San Agust\u00edn, no est\u00e1 ajena a estos cambios, se implementa pol\u00edticas tendientes a mejorar la estructura acad\u00e9mica, la investigaci\u00f3n y que repercuta en beneficio del avance tecnol\u00f3gico.<\/p>\n<p>En esta direcci\u00f3n la Facultad de Ciencias Hist\u00f3ricos Sociales, tambi\u00e9n asume la propuesta del cambio porque est\u00e1 \u00edntimamente relacionada con la problem\u00e1tica de la sociedad a nivel local, regional y nacional. En esa perspectiva se inscribe la Escuela Profesional de Historia, para realizar aportes significativos a los grandes retos que plantea el desarrollo, en asuntos de gobernabilidad, en la formaci\u00f3n de nuevos profesionales con conocimiento hist\u00f3rico nacional y regional, con capacidades en su formaci\u00f3n de identidad, su desenvolvimiento profesional en la contribuci\u00f3n y conservaci\u00f3n de los fondos documentales.<\/p>\n<p>Como tambi\u00e9n de la preparaci\u00f3n y formaci\u00f3n de nuevos investigadores que permita realizar una historia comprometida con su pueblo, atendiendo las demandas de instituciones p\u00fablicas y privadas para reconstruir su pasado hist\u00f3rico, as\u00ed como de ser vigilantes de la conservaci\u00f3n del patrimonio cultural material e inmaterial y estar presentes en los grandes temas de coyuntura para dar un aporte hist\u00f3rico.<\/p>\n","protected":false},"excerpt":{"rendered":"<p>Desde la daci\u00f3n de la Ley 30220, la universidad peruana comienza e experimentar cambios significativos que permiten realizar reformas; en el caso de nuestra Universidad Nacional de San Agust\u00edn, no est\u00e1 ajena a estos cambios, se implementa pol\u00edticas tendientes a mejorar la estructura acad\u00e9mica, la investigaci\u00f3n y que repercuta en beneficio del avance tecnol\u00f3gico. En [&hellip;]<\/p>\n","protected":false},"author":1,"featured_media":1284,"parent":0,"menu_order":0,"comment_status":"closed","ping_status":"closed","template":"page-imagen.php","meta":{"_acf_changed":false,"footnotes":""},"class_list":["post-1275","page","type-page","status-publish","has-post-thumbnail","hentry"],"acf":[],"_links":{"self":[{"href":"https:\/\/fchs.unsa.edu.pe\/historia\/wp-json\/wp\/v2\/pages\/1275","targetHints":{"allow":["GET"]}}],"collection":[{"href":"https:\/\/fchs.unsa.edu.pe\/historia\/wp-json\/wp\/v2\/pages"}],"about":[{"href":"https:\/\/fchs.unsa.edu.pe\/historia\/wp-json\/wp\/v2\/types\/page"}],"author":[{"embeddable":true,"href":"https:\/\/fchs.unsa.edu.pe\/historia\/wp-json\/wp\/v2\/users\/1"}],"replies":[{"embeddable":true,"href":"https:\/\/fchs.unsa.edu.pe\/historia\/wp-json\/wp\/v2\/comments?post=1275"}],"version-history":[{"count":5,"href":"https:\/\/fchs.unsa.edu.pe\/historia\/wp-json\/wp\/v2\/pages\/1275\/revisions"}],"predecessor-version":[{"id":1519,"href":"https:\/\/fchs.unsa.edu.pe\/historia\/wp-json\/wp\/v2\/pages\/1275\/revisions\/1519"}],"wp:featuredmedia":[{"embeddable":true,"href":"https:\/\/fchs.unsa.edu.pe\/historia\/wp-json\/wp\/v2\/media\/1284"}],"wp:attachment":[{"href":"https:\/\/fchs.unsa.edu.pe\/historia\/wp-json\/wp\/v2\/media?parent=1275"}],"curies":[{"name":"wp","href":"https:\/\/api.w.org\/{rel}","templated":true}]}}