{"id":1285,"date":"2018-06-12T19:55:22","date_gmt":"2018-06-12T19:55:22","guid":{"rendered":"https:\/\/fchs.unsa.edu.pe\/historia\/?page_id=1285"},"modified":"2018-06-13T13:39:04","modified_gmt":"2018-06-13T13:39:04","slug":"resena-historica","status":"publish","type":"page","link":"https:\/\/fchs.unsa.edu.pe\/historia\/resena-historica\/","title":{"rendered":"Rese\u00f1a Hist\u00f3rica"},"content":{"rendered":"<p>Nuestra alma mater, se fund\u00f3 por voluntad del Libertador Sim\u00f3n Bol\u00edvar el 11 de noviembre de 1828, con el nombre de la Universidad del Gran Padre San Agust\u00edn del Departamento de Arequipa; reci\u00e9n en 1832, fue reconocida como instituci\u00f3n de instrucci\u00f3n superior por el presidente Orbegoso, estableciendo que pod\u00eda graduar en cuatro facultades: Teolog\u00eda, Jurisprudencia, Medicina, y Filosof\u00eda. Tres d\u00e9cadas despu\u00e9s, el 3 de febrero de 1862, se modernizo el Reglamento de la instituci\u00f3n y estableci\u00f3 las facultades Teolog\u00eda, Jurisprudencia, Medicina, Filosof\u00eda y Letras, y Ciencias Naturales. El cap\u00edtulo octavo, estableci\u00f3 las materias de ense\u00f1anza y el art\u00edculo 54 defini\u00f3 que en la Facultad de Teolog\u00eda, se imparta el curso de Historia Eclesi\u00e1stica, y en la Facultad de Filosof\u00eda y Letras los cursos Historia de la Filosof\u00eda, e Historia Universal.<\/p>\n<p>Una d\u00e9cada despu\u00e9s, en 1874, siendo rector el De\u00e1n Juan Gualberto Valdivia Cornejo, los ex\u00e1menes p\u00fablicos de la Facultad de Jurisprudencia, testimonian que se impart\u00eda el curso de Historia Eclesi\u00e1stica a cargo del catedr\u00e1tico Valeriano F. Reyes. Desde 1876, la Facultad de Letras estuvo integrada por tres especialidades: Filosof\u00eda, Historia y Letras, estructura que rigi\u00f3 &#8211; con algunas variaciones- hasta mayo de 1969, fecha en que entr\u00f3 en vigencia en la UNSA la Ley Universitaria 17437 y su Estatuto. Desde junio de 1876, en base al Reglamento General de la Instrucci\u00f3n P\u00fablica promulgado el 18 de marzo de 1876, consideraba las asignaturas de: Historia Universal I y II, Historia de la Literatura Antigua, e Historia Natural I.<\/p>\n<p>La labor del historiador era b\u00e1sica y fundamental en la formaci\u00f3n integral y humanista de los estudiantes agustinos, siendo los formadores y estructuradores de los cimientos acad\u00e9micos y de los estados de la cuesti\u00f3n (refiri\u00e9ndonos a los antecedentes hist\u00f3ricos de cualquier estudio, ciencia, campo u especialidad), ya que las asignaturas relacionadas a la historia eran dictadas de manera integral, variando su contenido tem\u00e1tico de acuerdo a cada facultad.<\/p>\n<p>El 25 de noviembre de 1892, por disposici\u00f3n del gobierno, se estableci\u00f3 que en la universidad se imparta las c\u00e1tedras de Enciclopedia del Derecho e Historia de los Tratados del Per\u00fa; adem\u00e1s, se modific\u00f3 el plan de estudios, en la Facultad de Letras se imparti\u00f3: Historia de la Filosof\u00eda, Historia de la Civilizaci\u00f3n, e Historia de la Civilizaci\u00f3n Peruana, y en la Facultad de Jurisprudencia: Historia del Derecho Peruano. Transcurrir\u00edan cinco a\u00f1os y en la Facultad de Filosof\u00eda y Letras, se imparti\u00f3: Historia de la Filosof\u00eda a cargo del catedr\u00e1tico Nicanor Porcel y su colega Mariano T. Docarmo: Historia Universal, Filosof\u00eda de la Historia, Historia del Per\u00fa y Antig\u00fcedades. Los ex\u00e1menes de fin de a\u00f1o fueron aplicados el 22 de diciembre: Historia de los Tratados del Per\u00fa y Diplomacia tomados por los profesores: Clodomiro Cornejo, Abraham de Vinatea, Samuel Velarde, e Historia de la Civilizaci\u00f3n por Nicanor Porcel, Javier Delgado, y Samuel Velarde.<\/p>\n<p>Al respecto, los graduados de esta Facultad optaban el Grado de Bachiller en Historia, Filosof\u00eda y Letras, y el T\u00edtulo de Doctor en Historia, Filosof\u00eda y Letras, sin hacer menci\u00f3n a la especialidad escogida o de preferencia. Desde 1929, la Facultad de Letras tuvo un Reglamento General, que estableci\u00f3 las especialidades en tres Institutos Acad\u00e9micos: Filosof\u00eda, Historia y Literatura. Desde 1939, los primeros egresados y graduados como Doctores en la especialidad de Historia, fueron: Ra\u00fal Medina Osorio (12-05-1939), Jos\u00e9 Mar\u00eda Morante (08-07-1939), Mois\u00e9s de Heresi (29-09-1939), Alfredo Carpio Aguirre, (06-10-1939), Ricardo C\u00e1ceres Hornet (09-10-1939), Javier Mayorga Goyzueta (25-05-1942), Amador Montes de Oca G\u00e1lvez (30-11-1942).<\/p>\n<p>El Decreto Ley 10555 del a\u00f1o 1946, reconoce la denominaci\u00f3n de Instituto de Historia, Geograf\u00eda y Ciencias Sociales, y en 1960 fue denominado como Instituto Acad\u00e9mico de Historias, separado de Geograf\u00eda y Ciencia Sociales, pero en el marco de la Facultad de Letras. En 1955, el Instituto de Historia, Geograf\u00eda y Ciencias Sociales contaba con 31 alumnos matriculados y los docentes eran los doctores Jos\u00e9 Mar\u00eda Morante M. dictando: Arqueolog\u00eda Americana, Arqueolog\u00eda Peruana, Historia General del Arte, Historia del Arte Peruano y Am\u00e9rica; Ricardo C\u00e1ceres Hornet impartiendo: Historia General del Per\u00fa, Historia del Per\u00fa: Emancipaci\u00f3n, Fuentes de la Historia del Per\u00fa, y Sociolog\u00eda General; Alfredo Corzo Mas\u00edas con Arte e Historia del Per\u00fa Preincaica e Incaica. Tambi\u00e9n figuran Marcial Barriga V. con los cursos: Introducci\u00f3n a la Historia de la Cultura, Historia de Roma y Edad Media, e Historia del Per\u00fa: Republica; y, Carlos Manchego Rend\u00f3n impartiendo: Historia del Per\u00fa: Conquista y Colonia, Historia de Am\u00e9rica.<\/p>\n<p>En 1960, la Ley Universitaria 13417 reconoce al Instituto de Historia y Arqueolog\u00eda, en 1964 se denomin\u00f3 Instituto Acad\u00e9mico de Historia y Antropolog\u00eda y en 1968, como Instituto Acad\u00e9mico de Historias y Antropolog\u00eda, siempre adscrito a la Facultad de Letras. La Ley Universitaria 17437 de 1969, la reconoce como Programa Acad\u00e9mico de Historia, agrupado con los Programas de Sociolog\u00eda y Servicio Social a cargo de un Director, pero conservando cada uno su aspecto acad\u00e9mico y administrativo. La Ley Universitaria 23733 de 1983, crea a la Escuela Profesional de Historia de la Facultad de Ciencias Hist\u00f3rico Sociales desde el a\u00f1o de 1984, posteriormente ha sido ratificada como tal por Ley Universitaria 30220 del 2014.<\/p>\n<p>Como hemos visto, el primer curso de historia se imparti\u00f3 en nuestra Universidad en 1862, paulatinamente se fueron implementando otros cursos de historia como asignaturas de la Facultad de Filosof\u00eda, Historia y Letras, convirti\u00e9ndose en 1929 en el Instituto Acad\u00e9mico de Historia, que a trav\u00e9s de la Universidad, estaba facultado para otorgar el Grado de Doctor en Historia, cuyos primeros graduados datan desde 1939. Hoy en d\u00eda, la Escuela Profesional de Historia cuenta con 33 a\u00f1os como tal, en su origen y trayectoria desde el siglo XIX consolida a la carrera como una profesi\u00f3n singular y muy \u00fatil, rescatando la memoria colectiva para que la sociedad conozca su pasado e identidad, lo relacione con su presente (estructure conocimientos) y pueda proyectar soluciones a la problem\u00e1ticas halladas. Est\u00e1 integrada por los docentes, egresados y profesionales que aportan al conocimiento hist\u00f3rico de Arequipa y la Regi\u00f3n, con sus investigaciones y publicaciones, validadas por el Directorio Nacional de Investigadores e Innovadores del Per\u00fa.<\/p>\n<p><strong>Mg. Alejandro M\u00e1laga N\u00fa\u00f1ez-Zeballos<\/strong><br \/>\nDocente EPH-FCHS-UNSA<br \/>\n<strong>Jonathan Fernando Villag\u00f3mez Quica\u00f1a<\/strong><br \/>\nBachiller en Historia EPH-FCHS-UNSA<\/p>\n","protected":false},"excerpt":{"rendered":"<p>Nuestra alma mater, se fund\u00f3 por voluntad del Libertador Sim\u00f3n Bol\u00edvar el 11 de noviembre de 1828, con el nombre de la Universidad del Gran Padre San Agust\u00edn del Departamento de Arequipa; reci\u00e9n en 1832, fue reconocida como instituci\u00f3n de instrucci\u00f3n superior por el presidente Orbegoso, estableciendo que pod\u00eda graduar en cuatro facultades: Teolog\u00eda, Jurisprudencia, [&hellip;]<\/p>\n","protected":false},"author":1,"featured_media":1293,"parent":0,"menu_order":0,"comment_status":"closed","ping_status":"closed","template":"page-imagen.php","meta":{"_acf_changed":false,"footnotes":""},"class_list":["post-1285","page","type-page","status-publish","has-post-thumbnail","hentry"],"acf":[],"_links":{"self":[{"href":"https:\/\/fchs.unsa.edu.pe\/historia\/wp-json\/wp\/v2\/pages\/1285","targetHints":{"allow":["GET"]}}],"collection":[{"href":"https:\/\/fchs.unsa.edu.pe\/historia\/wp-json\/wp\/v2\/pages"}],"about":[{"href":"https:\/\/fchs.unsa.edu.pe\/historia\/wp-json\/wp\/v2\/types\/page"}],"author":[{"embeddable":true,"href":"https:\/\/fchs.unsa.edu.pe\/historia\/wp-json\/wp\/v2\/users\/1"}],"replies":[{"embeddable":true,"href":"https:\/\/fchs.unsa.edu.pe\/historia\/wp-json\/wp\/v2\/comments?post=1285"}],"version-history":[{"count":3,"href":"https:\/\/fchs.unsa.edu.pe\/historia\/wp-json\/wp\/v2\/pages\/1285\/revisions"}],"predecessor-version":[{"id":1325,"href":"https:\/\/fchs.unsa.edu.pe\/historia\/wp-json\/wp\/v2\/pages\/1285\/revisions\/1325"}],"wp:featuredmedia":[{"embeddable":true,"href":"https:\/\/fchs.unsa.edu.pe\/historia\/wp-json\/wp\/v2\/media\/1293"}],"wp:attachment":[{"href":"https:\/\/fchs.unsa.edu.pe\/historia\/wp-json\/wp\/v2\/media?parent=1285"}],"curies":[{"name":"wp","href":"https:\/\/api.w.org\/{rel}","templated":true}]}}