{"id":1294,"date":"2018-06-12T20:36:45","date_gmt":"2018-06-12T20:36:45","guid":{"rendered":"https:\/\/fchs.unsa.edu.pe\/historia\/?page_id=1294"},"modified":"2018-06-12T20:46:48","modified_gmt":"2018-06-12T20:46:48","slug":"vision-y-mision","status":"publish","type":"page","link":"https:\/\/fchs.unsa.edu.pe\/historia\/vision-y-mision\/","title":{"rendered":"Visi\u00f3n y Misi\u00f3n"},"content":{"rendered":"<div class=\"cua-gra\"><\/p>\n<h3><img loading=\"lazy\" decoding=\"async\" class=\"hidden-xs alignnone size-medium wp-image-1297\" src=\"https:\/\/fchs.unsa.edu.pe\/historia\/wp-content\/uploads\/sites\/2\/2018\/06\/IMG_1004-360x203.jpg\" alt=\"\" width=\"360\" height=\"203\" srcset=\"https:\/\/fchs.unsa.edu.pe\/historia\/wp-content\/uploads\/sites\/2\/2018\/06\/IMG_1004-360x203.jpg 360w, https:\/\/fchs.unsa.edu.pe\/historia\/wp-content\/uploads\/sites\/2\/2018\/06\/IMG_1004-768x432.jpg 768w\" sizes=\"auto, (max-width: 360px) 100vw, 360px\" \/>Visi\u00f3n<\/h3>\n<p>Ser la mejor Escuela Profesional del Historia del pa\u00eds en lo acad\u00e9mico, investigaci\u00f3n, sensibilidad, critica y \u00e9tica profesional, que permita ser competitivos en el mercado laboral capaces de resolver, interpretar y proponer soluciones hist\u00f3ricas y sociales en el \u00e1mbito local, regional, nacional y mundial.<\/p>\n<p><\/div>\n<div class=\"cua-gri\"><\/p>\n<h3><img loading=\"lazy\" decoding=\"async\" class=\"hidden-xs alignnone size-medium wp-image-1295\" src=\"https:\/\/fchs.unsa.edu.pe\/historia\/wp-content\/uploads\/sites\/2\/2018\/06\/IMG_0999-360x203.jpg\" alt=\"\" width=\"360\" height=\"203\" srcset=\"https:\/\/fchs.unsa.edu.pe\/historia\/wp-content\/uploads\/sites\/2\/2018\/06\/IMG_0999-360x203.jpg 360w, https:\/\/fchs.unsa.edu.pe\/historia\/wp-content\/uploads\/sites\/2\/2018\/06\/IMG_0999-768x432.jpg 768w\" sizes=\"auto, (max-width: 360px) 100vw, 360px\" \/>Misi\u00f3n<\/h3>\n<p>Formar profesionales de alto nivel acad\u00e9mico y de especializaci\u00f3n para contribuir con la plena realizaci\u00f3n del ser humano de una manera equitativa e integral.<\/p>\n<p><\/div>\n","protected":false},"excerpt":{"rendered":"","protected":false},"author":1,"featured_media":0,"parent":0,"menu_order":0,"comment_status":"closed","ping_status":"closed","template":"page-blanco.php","meta":{"_acf_changed":false,"footnotes":""},"class_list":["post-1294","page","type-page","status-publish","hentry"],"acf":[],"_links":{"self":[{"href":"https:\/\/fchs.unsa.edu.pe\/historia\/wp-json\/wp\/v2\/pages\/1294","targetHints":{"allow":["GET"]}}],"collection":[{"href":"https:\/\/fchs.unsa.edu.pe\/historia\/wp-json\/wp\/v2\/pages"}],"about":[{"href":"https:\/\/fchs.unsa.edu.pe\/historia\/wp-json\/wp\/v2\/types\/page"}],"author":[{"embeddable":true,"href":"https:\/\/fchs.unsa.edu.pe\/historia\/wp-json\/wp\/v2\/users\/1"}],"replies":[{"embeddable":true,"href":"https:\/\/fchs.unsa.edu.pe\/historia\/wp-json\/wp\/v2\/comments?post=1294"}],"version-history":[{"count":2,"href":"https:\/\/fchs.unsa.edu.pe\/historia\/wp-json\/wp\/v2\/pages\/1294\/revisions"}],"predecessor-version":[{"id":1298,"href":"https:\/\/fchs.unsa.edu.pe\/historia\/wp-json\/wp\/v2\/pages\/1294\/revisions\/1298"}],"wp:attachment":[{"href":"https:\/\/fchs.unsa.edu.pe\/historia\/wp-json\/wp\/v2\/media?parent=1294"}],"curies":[{"name":"wp","href":"https:\/\/api.w.org\/{rel}","templated":true}]}}