{"id":1299,"date":"2018-06-12T20:49:06","date_gmt":"2018-06-12T20:49:06","guid":{"rendered":"https:\/\/fchs.unsa.edu.pe\/historia\/?page_id=1299"},"modified":"2018-06-12T20:56:28","modified_gmt":"2018-06-12T20:56:28","slug":"objetivos-academicos","status":"publish","type":"page","link":"https:\/\/fchs.unsa.edu.pe\/historia\/objetivos-academicos\/","title":{"rendered":"Objetivos acad\u00e9micos"},"content":{"rendered":"<ul>\n<li>Promover la pr\u00e1ctica de los valores institucionales de la Universidad Nacional de San Agust\u00edn de Arequipa, de responsabilidad, veracidad, honestidad, respeto, justicia y solidaridad para relacionarse adecuadamente en sociedad.<\/li>\n<li>Divulgar las caracter\u00edsticas de cultura e identidad hist\u00f3rica para distinguirla de otras culturas.<\/li>\n<li>Practicar principios y valores \u00e9ticos para tener una relaci\u00f3n armoniosa en el entorno social, universitario y familiar mediante la pr\u00e1ctica de relaciones arm\u00f3nicas.<\/li>\n<li>Comprender los distintos procesos sociales, filos\u00f3ficos y mentales como expresi\u00f3n de la diversidad cultural de los pueblos para una convivencia solidaria entre los hombres.<\/li>\n<li>Practicar el arte, el deporte y la apreciaci\u00f3n art\u00edstica para adquirir una formaci\u00f3n integral y contribuir a la imagen institucional.<\/li>\n<li>Explicar racionalmente los cambios y continuidades de las sociedades humanas en el devenir hist\u00f3rico para la comprensi\u00f3n del presente de la humanidad con prospecci\u00f3n al futuro a trav\u00e9s de la investigaci\u00f3n.<\/li>\n<li>Elaborar estados de cuesti\u00f3n exhaustivos sobre temas de investigaci\u00f3n para descubrir nichos de investigaci\u00f3n hist\u00f3rica, a trav\u00e9s del m\u00e9todo cr\u00edtico historiogr\u00e1fico.<\/li>\n<li>Aplicar teor\u00edas, conceptos y constructos para la interpretaci\u00f3n hist\u00f3rica a partir de una s\u00f3lida formaci\u00f3n te\u00f3rica.<\/li>\n<li>Analiza el territorio como producto social desde las dimensiones espacial, temporal y cultural para la gesti\u00f3n de los problemas territoriales y ambientales, utilizando las geotecnolog\u00edas y trabajos de campo.<\/li>\n<li>Eval\u00faar el acervo hist\u00f3rico-cultural para gestionar el patrimonio cultural y fortalecer la identidad nacional, regional y local aplicando los m\u00e9todos valorativos del patrimonio.<\/li>\n<\/ul>\n","protected":false},"excerpt":{"rendered":"<p>Promover la pr\u00e1ctica de los valores institucionales de la Universidad Nacional de San Agust\u00edn de Arequipa, de responsabilidad, veracidad, honestidad, respeto, justicia y solidaridad para relacionarse adecuadamente en sociedad. Divulgar las caracter\u00edsticas de cultura e identidad hist\u00f3rica para distinguirla de otras culturas. Practicar principios y valores \u00e9ticos para tener una relaci\u00f3n armoniosa en el entorno [&hellip;]<\/p>\n","protected":false},"author":1,"featured_media":1302,"parent":0,"menu_order":0,"comment_status":"closed","ping_status":"closed","template":"","meta":{"_acf_changed":false,"footnotes":""},"class_list":["post-1299","page","type-page","status-publish","has-post-thumbnail","hentry"],"acf":[],"_links":{"self":[{"href":"https:\/\/fchs.unsa.edu.pe\/historia\/wp-json\/wp\/v2\/pages\/1299","targetHints":{"allow":["GET"]}}],"collection":[{"href":"https:\/\/fchs.unsa.edu.pe\/historia\/wp-json\/wp\/v2\/pages"}],"about":[{"href":"https:\/\/fchs.unsa.edu.pe\/historia\/wp-json\/wp\/v2\/types\/page"}],"author":[{"embeddable":true,"href":"https:\/\/fchs.unsa.edu.pe\/historia\/wp-json\/wp\/v2\/users\/1"}],"replies":[{"embeddable":true,"href":"https:\/\/fchs.unsa.edu.pe\/historia\/wp-json\/wp\/v2\/comments?post=1299"}],"version-history":[{"count":1,"href":"https:\/\/fchs.unsa.edu.pe\/historia\/wp-json\/wp\/v2\/pages\/1299\/revisions"}],"predecessor-version":[{"id":1300,"href":"https:\/\/fchs.unsa.edu.pe\/historia\/wp-json\/wp\/v2\/pages\/1299\/revisions\/1300"}],"wp:featuredmedia":[{"embeddable":true,"href":"https:\/\/fchs.unsa.edu.pe\/historia\/wp-json\/wp\/v2\/media\/1302"}],"wp:attachment":[{"href":"https:\/\/fchs.unsa.edu.pe\/historia\/wp-json\/wp\/v2\/media?parent=1299"}],"curies":[{"name":"wp","href":"https:\/\/api.w.org\/{rel}","templated":true}]}}