{"id":1306,"date":"2018-06-12T21:30:53","date_gmt":"2018-06-12T21:30:53","guid":{"rendered":"https:\/\/fchs.unsa.edu.pe\/historia\/?page_id=1306"},"modified":"2018-06-12T21:30:53","modified_gmt":"2018-06-12T21:30:53","slug":"perfil-del-postulante","status":"publish","type":"page","link":"https:\/\/fchs.unsa.edu.pe\/historia\/perfil-del-postulante\/","title":{"rendered":"Perfil del postulante"},"content":{"rendered":"<p>Se requiere que tenga vocaci\u00f3n y aptitudes que lo largo su formaci\u00f3n logren aportes al desarrollo regional y nacional que se exprese en:<\/p>\n<ul>\n<li>A trav\u00e9s de la difusi\u00f3n del conocimiento hist\u00f3rico nacional y regional.<\/li>\n<li>Formaci\u00f3n de la identidad nacional y regional.<\/li>\n<li>Contribuci\u00f3n a la conservaci\u00f3n de los fondos documentales localizados en archivos y bibliotecas.<\/li>\n<li>Preparaci\u00f3n y formaci\u00f3n de investigadores en la recuperaci\u00f3n de la memoria colectiva.<\/li>\n<li>Producci\u00f3n historiogr\u00e1fica en atenci\u00f3n a las demandas de instituciones p\u00fablicas y privadas que buscan reconstruir su pasado hist\u00f3rico.<\/li>\n<li>Conservaci\u00f3n del Patrimonio Cultural, tanto el material como el inmaterial.<\/li>\n<li>Contribuci\u00f3n en la soluci\u00f3n de los conflictos territoriales por desconocimiento hist\u00f3rico de los actores sociales en los temas demarcatorios jur\u00eddico-administrativos en las diferentes escalas espaciales.<\/li>\n<\/ul>\n","protected":false},"excerpt":{"rendered":"<p>Se requiere que tenga vocaci\u00f3n y aptitudes que lo largo su formaci\u00f3n logren aportes al desarrollo regional y nacional que se exprese en: A trav\u00e9s de la difusi\u00f3n del conocimiento hist\u00f3rico nacional y regional. Formaci\u00f3n de la identidad nacional y regional. Contribuci\u00f3n a la conservaci\u00f3n de los fondos documentales localizados en archivos y bibliotecas. Preparaci\u00f3n [&hellip;]<\/p>\n","protected":false},"author":1,"featured_media":1297,"parent":0,"menu_order":0,"comment_status":"closed","ping_status":"closed","template":"","meta":{"_acf_changed":false,"footnotes":""},"class_list":["post-1306","page","type-page","status-publish","has-post-thumbnail","hentry"],"acf":[],"_links":{"self":[{"href":"https:\/\/fchs.unsa.edu.pe\/historia\/wp-json\/wp\/v2\/pages\/1306","targetHints":{"allow":["GET"]}}],"collection":[{"href":"https:\/\/fchs.unsa.edu.pe\/historia\/wp-json\/wp\/v2\/pages"}],"about":[{"href":"https:\/\/fchs.unsa.edu.pe\/historia\/wp-json\/wp\/v2\/types\/page"}],"author":[{"embeddable":true,"href":"https:\/\/fchs.unsa.edu.pe\/historia\/wp-json\/wp\/v2\/users\/1"}],"replies":[{"embeddable":true,"href":"https:\/\/fchs.unsa.edu.pe\/historia\/wp-json\/wp\/v2\/comments?post=1306"}],"version-history":[{"count":1,"href":"https:\/\/fchs.unsa.edu.pe\/historia\/wp-json\/wp\/v2\/pages\/1306\/revisions"}],"predecessor-version":[{"id":1307,"href":"https:\/\/fchs.unsa.edu.pe\/historia\/wp-json\/wp\/v2\/pages\/1306\/revisions\/1307"}],"wp:featuredmedia":[{"embeddable":true,"href":"https:\/\/fchs.unsa.edu.pe\/historia\/wp-json\/wp\/v2\/media\/1297"}],"wp:attachment":[{"href":"https:\/\/fchs.unsa.edu.pe\/historia\/wp-json\/wp\/v2\/media?parent=1306"}],"curies":[{"name":"wp","href":"https:\/\/api.w.org\/{rel}","templated":true}]}}