{"id":1308,"date":"2018-06-12T21:44:16","date_gmt":"2018-06-12T21:44:16","guid":{"rendered":"https:\/\/fchs.unsa.edu.pe\/historia\/?page_id=1308"},"modified":"2018-06-12T21:44:16","modified_gmt":"2018-06-12T21:44:16","slug":"perfil-del-egresado","status":"publish","type":"page","link":"https:\/\/fchs.unsa.edu.pe\/historia\/perfil-del-egresado\/","title":{"rendered":"Perfil del egresado"},"content":{"rendered":"<p>El licenciado de la Escuela Profesional de Historia de la UNSA, es un profesional competente para investigar, analizar y difundir los procesos hist\u00f3ricos por los cuales pasan las sociedades a trav\u00e9s del tiempo, en las diferentes escalas espaciales; local, regional, nacional y mundial, contribuyendo a formar la conciencia hist\u00f3rica de los ciudadanos y las identidades en el presente, a trav\u00e9s de comprender el pasado.<\/p>\n<p>La Escuela forma profesionales con capacidad de reflexi\u00f3n compleja cr\u00edtica y anal\u00edtica, con base metodol\u00f3gica, t\u00e9cnica y te\u00f3rica para el logro de la producci\u00f3n historiogr\u00e1fica, con las competencias, capacidades y habilidades, para rescatar y preservar la memoria colectiva el patrimonio hist\u00f3rico y contribuir a la forja identidad.<\/p>\n<p>Estas cualidades acad\u00e9micas le permitir\u00e1n al profesional en Historia, desenvolverse con eficiencia y eficacia en las \u00e1reas de investigaci\u00f3n, educaci\u00f3n superior, difusi\u00f3n del conocimiento hist\u00f3rico, organizador de bases de datos con aplicaci\u00f3n de las TIC.<\/p>\n<p>Siendo su campo ocupacional, la docencia superior, los centros de investigaci\u00f3n, la administraci\u00f3n p\u00fablica y privada relacionada a la gesti\u00f3n cultural, asesor\u00eda en temas de rescate del patrimonio hist\u00f3rico, cultural y ambiental, asesor\u00edas en medios de comunicaci\u00f3n, cultura y gobierno, participaci\u00f3n como editores de revistas especializadas y textos de difusi\u00f3n hist\u00f3rica.<\/p>\n<h3>\u00c1reas del perfil<\/h3>\n<h4>\u00c1reas propuestas<\/h4>\n<ol type=\"I\">\n<li>\u00c1rea de investigaci\u00f3n del proceso hist\u00f3rico como una ciencia de cambio de las sociedades.<\/li>\n<li>\u00c1rea centrada en los aspectos te\u00f3rico &#8211; metodol\u00f3gico, epistemol\u00f3gico e historiogr\u00e1fico.<\/li>\n<li>\u00c1rea de revaloraci\u00f3n del patrimonio cultural.<\/li>\n<li>\u00c1rea de investigaci\u00f3n en geograf\u00eda hist\u00f3rica y gesti\u00f3n del territorio.<\/li>\n<\/ol>\n","protected":false},"excerpt":{"rendered":"<p>El licenciado de la Escuela Profesional de Historia de la UNSA, es un profesional competente para investigar, analizar y difundir los procesos hist\u00f3ricos por los cuales pasan las sociedades a trav\u00e9s del tiempo, en las diferentes escalas espaciales; local, regional, nacional y mundial, contribuyendo a formar la conciencia hist\u00f3rica de los ciudadanos y las identidades [&hellip;]<\/p>\n","protected":false},"author":1,"featured_media":1310,"parent":0,"menu_order":0,"comment_status":"closed","ping_status":"closed","template":"","meta":{"_acf_changed":false,"footnotes":""},"class_list":["post-1308","page","type-page","status-publish","has-post-thumbnail","hentry"],"acf":[],"_links":{"self":[{"href":"https:\/\/fchs.unsa.edu.pe\/historia\/wp-json\/wp\/v2\/pages\/1308","targetHints":{"allow":["GET"]}}],"collection":[{"href":"https:\/\/fchs.unsa.edu.pe\/historia\/wp-json\/wp\/v2\/pages"}],"about":[{"href":"https:\/\/fchs.unsa.edu.pe\/historia\/wp-json\/wp\/v2\/types\/page"}],"author":[{"embeddable":true,"href":"https:\/\/fchs.unsa.edu.pe\/historia\/wp-json\/wp\/v2\/users\/1"}],"replies":[{"embeddable":true,"href":"https:\/\/fchs.unsa.edu.pe\/historia\/wp-json\/wp\/v2\/comments?post=1308"}],"version-history":[{"count":1,"href":"https:\/\/fchs.unsa.edu.pe\/historia\/wp-json\/wp\/v2\/pages\/1308\/revisions"}],"predecessor-version":[{"id":1309,"href":"https:\/\/fchs.unsa.edu.pe\/historia\/wp-json\/wp\/v2\/pages\/1308\/revisions\/1309"}],"wp:featuredmedia":[{"embeddable":true,"href":"https:\/\/fchs.unsa.edu.pe\/historia\/wp-json\/wp\/v2\/media\/1310"}],"wp:attachment":[{"href":"https:\/\/fchs.unsa.edu.pe\/historia\/wp-json\/wp\/v2\/media?parent=1308"}],"curies":[{"name":"wp","href":"https:\/\/api.w.org\/{rel}","templated":true}]}}