{"id":1311,"date":"2018-06-12T21:50:57","date_gmt":"2018-06-12T21:50:57","guid":{"rendered":"https:\/\/fchs.unsa.edu.pe\/historia\/?page_id=1311"},"modified":"2018-06-12T21:50:57","modified_gmt":"2018-06-12T21:50:57","slug":"campo-ocupacional","status":"publish","type":"page","link":"https:\/\/fchs.unsa.edu.pe\/historia\/campo-ocupacional\/","title":{"rendered":"Campo ocupacional"},"content":{"rendered":"<ul>\n<li>El egresado de historia puede trabajar en entidades p\u00fablicas tales como el Ministerio de Cultura, Ministerio de Educaci\u00f3n, Ministerio del Ambiente, Ministerio de Defensa, Ministerio del Interior, las Municipalidades, Gobiernos Regionales en temas de patrimonio documental, gestores territoriales y patrimoniales.<\/li>\n<li>La investigaci\u00f3n, constituye tambi\u00e9n un campo ocupacional en Centros de Investigaci\u00f3n, Equipos Investigadores, ONGS.<\/li>\n<li>El egresado puede desempe\u00f1arse en la docencia, tanto en el sector p\u00fablico y privado, en los niveles b\u00e1sico y superior.<\/li>\n<li>El egresado de los m\u00f3dulos intermedios, podr\u00e1 desempe\u00f1arse como investigador, proveedor de data en memoria hist\u00f3rica, territorio y patrimonio, en los Centros de Investigaci\u00f3n y Equipos de Investigadores.<\/li>\n<\/ul>\n","protected":false},"excerpt":{"rendered":"<p>El egresado de historia puede trabajar en entidades p\u00fablicas tales como el Ministerio de Cultura, Ministerio de Educaci\u00f3n, Ministerio del Ambiente, Ministerio de Defensa, Ministerio del Interior, las Municipalidades, Gobiernos Regionales en temas de patrimonio documental, gestores territoriales y patrimoniales. La investigaci\u00f3n, constituye tambi\u00e9n un campo ocupacional en Centros de Investigaci\u00f3n, Equipos Investigadores, ONGS. El [&hellip;]<\/p>\n","protected":false},"author":1,"featured_media":1313,"parent":0,"menu_order":0,"comment_status":"closed","ping_status":"closed","template":"","meta":{"_acf_changed":false,"footnotes":""},"class_list":["post-1311","page","type-page","status-publish","has-post-thumbnail","hentry"],"acf":[],"_links":{"self":[{"href":"https:\/\/fchs.unsa.edu.pe\/historia\/wp-json\/wp\/v2\/pages\/1311","targetHints":{"allow":["GET"]}}],"collection":[{"href":"https:\/\/fchs.unsa.edu.pe\/historia\/wp-json\/wp\/v2\/pages"}],"about":[{"href":"https:\/\/fchs.unsa.edu.pe\/historia\/wp-json\/wp\/v2\/types\/page"}],"author":[{"embeddable":true,"href":"https:\/\/fchs.unsa.edu.pe\/historia\/wp-json\/wp\/v2\/users\/1"}],"replies":[{"embeddable":true,"href":"https:\/\/fchs.unsa.edu.pe\/historia\/wp-json\/wp\/v2\/comments?post=1311"}],"version-history":[{"count":1,"href":"https:\/\/fchs.unsa.edu.pe\/historia\/wp-json\/wp\/v2\/pages\/1311\/revisions"}],"predecessor-version":[{"id":1312,"href":"https:\/\/fchs.unsa.edu.pe\/historia\/wp-json\/wp\/v2\/pages\/1311\/revisions\/1312"}],"wp:featuredmedia":[{"embeddable":true,"href":"https:\/\/fchs.unsa.edu.pe\/historia\/wp-json\/wp\/v2\/media\/1313"}],"wp:attachment":[{"href":"https:\/\/fchs.unsa.edu.pe\/historia\/wp-json\/wp\/v2\/media?parent=1311"}],"curies":[{"name":"wp","href":"https:\/\/api.w.org\/{rel}","templated":true}]}}