{"id":1339,"date":"2018-06-13T13:56:46","date_gmt":"2018-06-13T13:56:46","guid":{"rendered":"https:\/\/fchs.unsa.edu.pe\/historia\/?page_id=1339"},"modified":"2018-06-13T13:56:46","modified_gmt":"2018-06-13T13:56:46","slug":"licenciado-en-historia","status":"publish","type":"page","link":"https:\/\/fchs.unsa.edu.pe\/historia\/licenciado-en-historia\/","title":{"rendered":"Licenciado en Historia"},"content":{"rendered":"<ol>\n<li>Autorizaci\u00f3n de Emisi\u00f3n de Diploma, brindado por la Facultad<\/li>\n<li>Copia simple n\u00edtida de DNI Actualizado. (Tama\u00f1o ampliado en \u00bd p\u00e1gina de A4, cada lado)<\/li>\n<li>Copia simple de Recibo de pago de derechos (Moral 316 caja UNSA)<\/li>\n<li>Por autentificaci\u00f3n de Diploma (S\/. 3.00 )<\/li>\n<li>En CD o DVD (escaneada, en PDF): Constancia de egresado, debidamente firmada y con huella digital del \u00edndice derecho<\/li>\n<li>En CD o DVD (escaneada, en PDF): Constancia de Primera Matricula (Primer a\u00f1o de estudios), debidamente firmada y con huella digital del \u00edndice derecho.<\/li>\n<li>Impresi\u00f3n de Pantalla de la P\u00e1gina de la SUNEDU, donde figura la inscripci\u00f3n de su Grado Acad\u00e9mico de Bachiller<\/li>\n<li>Copia del diploma de grado de Bachiller, legalizada o fedateada, por Secretario General de Universidad<\/li>\n<li>Copia simple de Certificado de Estudios<\/li>\n<li>Copia simple de acta de sustentaci\u00f3n, seg\u00fan nueva Ley N\u00ba 30220, si corresponde, donde califica su jurado<\/li>\n<li>CD o DVD que contenga FOTO digitalizada. Grabar el archivo con los apellidos y su n\u00famero de DNI y rotular el CD con los mismos datos)<\/li>\n<li>CD o DVD que contenga Tesis o trabajo de investigaci\u00f3n, (Seg\u00fan vig\u00e9simo primera DISPOSICIONES COMPLEMENTARIAS TRANSITORIAS, FINALES Y DEROGATORIAS del estatuto de nuestra Universidad), no debe contener clave o seguridad alguna y debe ser editable, todo en un solo archivo<\/li>\n<\/ol>\n<p>NOTA.- Las constancias de primera matr\u00edcula, constancia de egresado, foto y tesis podr\u00e1n ser grabadas en un solo CD o DVD. Todas las hojas deber\u00e1n estar firmadas y con huella digital. Presentar 3 juegos (1 original y dos copias).<\/p>\n","protected":false},"excerpt":{"rendered":"<p>Autorizaci\u00f3n de Emisi\u00f3n de Diploma, brindado por la Facultad Copia simple n\u00edtida de DNI Actualizado. (Tama\u00f1o ampliado en \u00bd p\u00e1gina de A4, cada lado) Copia simple de Recibo de pago de derechos (Moral 316 caja UNSA) Por autentificaci\u00f3n de Diploma (S\/. 3.00 ) En CD o DVD (escaneada, en PDF): Constancia de egresado, debidamente firmada [&hellip;]<\/p>\n","protected":false},"author":1,"featured_media":1341,"parent":0,"menu_order":0,"comment_status":"closed","ping_status":"closed","template":"","meta":{"_acf_changed":false,"footnotes":""},"class_list":["post-1339","page","type-page","status-publish","has-post-thumbnail","hentry"],"acf":[],"_links":{"self":[{"href":"https:\/\/fchs.unsa.edu.pe\/historia\/wp-json\/wp\/v2\/pages\/1339","targetHints":{"allow":["GET"]}}],"collection":[{"href":"https:\/\/fchs.unsa.edu.pe\/historia\/wp-json\/wp\/v2\/pages"}],"about":[{"href":"https:\/\/fchs.unsa.edu.pe\/historia\/wp-json\/wp\/v2\/types\/page"}],"author":[{"embeddable":true,"href":"https:\/\/fchs.unsa.edu.pe\/historia\/wp-json\/wp\/v2\/users\/1"}],"replies":[{"embeddable":true,"href":"https:\/\/fchs.unsa.edu.pe\/historia\/wp-json\/wp\/v2\/comments?post=1339"}],"version-history":[{"count":1,"href":"https:\/\/fchs.unsa.edu.pe\/historia\/wp-json\/wp\/v2\/pages\/1339\/revisions"}],"predecessor-version":[{"id":1340,"href":"https:\/\/fchs.unsa.edu.pe\/historia\/wp-json\/wp\/v2\/pages\/1339\/revisions\/1340"}],"wp:featuredmedia":[{"embeddable":true,"href":"https:\/\/fchs.unsa.edu.pe\/historia\/wp-json\/wp\/v2\/media\/1341"}],"wp:attachment":[{"href":"https:\/\/fchs.unsa.edu.pe\/historia\/wp-json\/wp\/v2\/media?parent=1339"}],"curies":[{"name":"wp","href":"https:\/\/api.w.org\/{rel}","templated":true}]}}