{"id":1533,"date":"2025-12-18T16:44:11","date_gmt":"2025-12-18T21:44:11","guid":{"rendered":"https:\/\/fchs.unsa.edu.pe\/historia\/?page_id=1533"},"modified":"2025-12-19T08:37:30","modified_gmt":"2025-12-19T13:37:30","slug":"lineas-de-investigacion","status":"publish","type":"page","link":"https:\/\/fchs.unsa.edu.pe\/historia\/lineas-de-investigacion\/","title":{"rendered":"L\u00edneas de Investigaci\u00f3n"},"content":{"rendered":"<div class=\"contenedor-tabla\">\n<table class=\"tabla-investigacion aligncenter\" style=\"height: 366px\" width=\"733\">\n<thead>\n<tr>\n<th colspan=\"2\">\n<h3><img loading=\"lazy\" decoding=\"async\" class=\" wp-image-1569 aligncenter\" src=\"https:\/\/fchs.unsa.edu.pe\/historia\/wp-content\/uploads\/sites\/2\/2025\/12\/Imagen1.png\" alt=\"\" width=\"130\" height=\"154\" \/><\/h3>\n<h3><\/h3>\n<h3 style=\"text-align: left\">LINEAS DE INVESTIGACION DE LA ESCUELA PROFESIONAL DE HISTORIA 2025<\/h3>\n<\/th>\n<\/tr>\n<\/thead>\n<tbody>\n<tr>\n<td class=\"celda-categoria\" style=\"text-align: center\" rowspan=\"8\">HISTORIA<\/td>\n<td class=\"celda-item\">1. Proceso Hist\u00f3rico del Per\u00fa<\/td>\n<\/tr>\n<tr>\n<td class=\"celda-item\">2. Historia Contempor\u00e1nea<\/td>\n<\/tr>\n<tr>\n<td class=\"celda-item\">3. Historia Regional<\/td>\n<\/tr>\n<tr>\n<td class=\"celda-item\">4. Teor\u00eda &#8211; Metodolog\u00eda en Historia<\/td>\n<\/tr>\n<tr>\n<td class=\"celda-item\">5. Epistemolog\u00eda Hist\u00f3rica e Historiograf\u00eda<\/td>\n<\/tr>\n<tr>\n<td class=\"celda-item\">6. Patrimonio Cultural<\/td>\n<\/tr>\n<tr>\n<td class=\"celda-item\">7. Geograf\u00eda Hist\u00f3rica<\/td>\n<\/tr>\n<tr>\n<td class=\"celda-item\">8. Gesti\u00f3n del Territorio<\/td>\n<\/tr>\n<\/tbody>\n<\/table>\n<\/div>\n<p>&nbsp;<\/p>\n","protected":false},"excerpt":{"rendered":"<p>LINEAS DE INVESTIGACION DE LA ESCUELA PROFESIONAL DE HISTORIA 2025 HISTORIA 1. Proceso Hist\u00f3rico del Per\u00fa 2. Historia Contempor\u00e1nea 3. Historia Regional 4. Teor\u00eda &#8211; Metodolog\u00eda en Historia 5. Epistemolog\u00eda Hist\u00f3rica e Historiograf\u00eda 6. Patrimonio Cultural 7. Geograf\u00eda Hist\u00f3rica 8. Gesti\u00f3n del Territorio &nbsp;<\/p>\n","protected":false},"author":8,"featured_media":0,"parent":0,"menu_order":0,"comment_status":"closed","ping_status":"closed","template":"","meta":{"_acf_changed":false,"footnotes":""},"class_list":["post-1533","page","type-page","status-publish","hentry"],"acf":[],"_links":{"self":[{"href":"https:\/\/fchs.unsa.edu.pe\/historia\/wp-json\/wp\/v2\/pages\/1533","targetHints":{"allow":["GET"]}}],"collection":[{"href":"https:\/\/fchs.unsa.edu.pe\/historia\/wp-json\/wp\/v2\/pages"}],"about":[{"href":"https:\/\/fchs.unsa.edu.pe\/historia\/wp-json\/wp\/v2\/types\/page"}],"author":[{"embeddable":true,"href":"https:\/\/fchs.unsa.edu.pe\/historia\/wp-json\/wp\/v2\/users\/8"}],"replies":[{"embeddable":true,"href":"https:\/\/fchs.unsa.edu.pe\/historia\/wp-json\/wp\/v2\/comments?post=1533"}],"version-history":[{"count":29,"href":"https:\/\/fchs.unsa.edu.pe\/historia\/wp-json\/wp\/v2\/pages\/1533\/revisions"}],"predecessor-version":[{"id":1610,"href":"https:\/\/fchs.unsa.edu.pe\/historia\/wp-json\/wp\/v2\/pages\/1533\/revisions\/1610"}],"wp:attachment":[{"href":"https:\/\/fchs.unsa.edu.pe\/historia\/wp-json\/wp\/v2\/media?parent=1533"}],"curies":[{"name":"wp","href":"https:\/\/api.w.org\/{rel}","templated":true}]}}