{"id":1127,"date":"2017-07-13T13:47:35","date_gmt":"2017-07-13T13:47:35","guid":{"rendered":"http:\/\/www2.unsa.edu.pe\/escuelas\/sociologia\/?page_id=1127"},"modified":"2025-06-02T17:12:57","modified_gmt":"2025-06-02T17:12:57","slug":"vision-y-mision","status":"publish","type":"page","link":"https:\/\/fchs.unsa.edu.pe\/sociologia\/vision-y-mision\/","title":{"rendered":"Visi\u00f3n y Misi\u00f3n"},"content":{"rendered":"<div class=\"cua-gri\"><\/p>\n<h2><img loading=\"lazy\" decoding=\"async\" class=\"hidden-xs alignnone size-medium wp-image-1506\" src=\"https:\/\/fchs.unsa.edu.pe\/sociologia\/wp-content\/uploads\/sites\/3\/2018\/06\/IMG_1002-360x203.jpg\" alt=\"\" width=\"360\" height=\"203\" srcset=\"https:\/\/fchs.unsa.edu.pe\/sociologia\/wp-content\/uploads\/sites\/3\/2018\/06\/IMG_1002-360x203.jpg 360w, https:\/\/fchs.unsa.edu.pe\/sociologia\/wp-content\/uploads\/sites\/3\/2018\/06\/IMG_1002-768x432.jpg 768w\" sizes=\"auto, (max-width: 360px) 100vw, 360px\" \/>Visi\u00f3n<\/h2>\n<p>Somos una unidad de formaci\u00f3n universitaria democr\u00e1tica y aut\u00f3noma, dedicada a la formaci\u00f3n integral de profesionales y acad\u00e9micos de la ciencia sociol\u00f3gica, con capacidad de investigar, crear y difundir conocimientos, as\u00ed como de proponer e implementar soluciones a los problemas sociales; nos orienta una concepci\u00f3n cient\u00edfica y human\u00edstica del mundo en la b\u00fasqueda de verdad, justicia, equidad y belleza; que se articula con otras disciplinas para coadyuvar a la construcci\u00f3n de una sociedad mejor.<\/p>\n<p><\/div>\n<div class=\"cua-gra\"><\/p>\n<h2><img loading=\"lazy\" decoding=\"async\" class=\"hidden-xs alignnone size-medium wp-image-1506\" src=\"https:\/\/fchs.unsa.edu.pe\/sociologia\/wp-content\/uploads\/sites\/3\/2017\/09\/UNSA_SOCIALES_AQP_11.1jpg-360x203.jpg\" alt=\"\" width=\"360\" height=\"203\" \/>Misi\u00f3n<\/h2>\n<p>La Escuela Profesional de Sociolog\u00eda es reconocida y valorada en los \u00e1mbitos nacional e internacional como una de las mejores entidades que forma soci\u00f3logos que crean, innovan y difunden conocimientos y propuestas, a partir de la comprensi\u00f3n y explicaci\u00f3n de la din\u00e1mica de los actores sociales, las relaciones y estructuras de la sociedad y los procesos<br \/>\nde cambio social.<\/p>\n<p>Sus profesionales se caracterizan por un pensamiento cr\u00edtico, creativo, plural y con autonom\u00eda intelectual; practican una actitud responsable,<br \/>\nreflexiva, propositiva y participativa; vincul\u00e1ndose de manera efectiva con la poblaci\u00f3n, las organizaciones sociales, empresas y el Estado.<\/p>\n<p>Cuenta con profesionales y condiciones administrativas de calidad acorde a las exigencias nacionales e internacionales; as\u00ed como infraestructura y equipamiento \u00f3ptimamente implementados.<\/p>\n<p><\/div>\n","protected":false},"excerpt":{"rendered":"","protected":false},"author":1,"featured_media":0,"parent":0,"menu_order":0,"comment_status":"closed","ping_status":"closed","template":"","meta":{"_acf_changed":false,"footnotes":""},"class_list":["post-1127","page","type-page","status-publish","hentry"],"acf":[],"_links":{"self":[{"href":"https:\/\/fchs.unsa.edu.pe\/sociologia\/wp-json\/wp\/v2\/pages\/1127","targetHints":{"allow":["GET"]}}],"collection":[{"href":"https:\/\/fchs.unsa.edu.pe\/sociologia\/wp-json\/wp\/v2\/pages"}],"about":[{"href":"https:\/\/fchs.unsa.edu.pe\/sociologia\/wp-json\/wp\/v2\/types\/page"}],"author":[{"embeddable":true,"href":"https:\/\/fchs.unsa.edu.pe\/sociologia\/wp-json\/wp\/v2\/users\/1"}],"replies":[{"embeddable":true,"href":"https:\/\/fchs.unsa.edu.pe\/sociologia\/wp-json\/wp\/v2\/comments?post=1127"}],"version-history":[{"count":18,"href":"https:\/\/fchs.unsa.edu.pe\/sociologia\/wp-json\/wp\/v2\/pages\/1127\/revisions"}],"predecessor-version":[{"id":1824,"href":"https:\/\/fchs.unsa.edu.pe\/sociologia\/wp-json\/wp\/v2\/pages\/1127\/revisions\/1824"}],"wp:attachment":[{"href":"https:\/\/fchs.unsa.edu.pe\/sociologia\/wp-json\/wp\/v2\/media?parent=1127"}],"curies":[{"name":"wp","href":"https:\/\/api.w.org\/{rel}","templated":true}]}}