{"id":1129,"date":"2017-07-13T13:47:50","date_gmt":"2017-07-13T13:47:50","guid":{"rendered":"http:\/\/www2.unsa.edu.pe\/escuelas\/sociologia\/?page_id=1129"},"modified":"2025-12-10T23:22:04","modified_gmt":"2025-12-10T23:22:04","slug":"objetivos-academicos","status":"publish","type":"page","link":"https:\/\/fchs.unsa.edu.pe\/sociologia\/objetivos-academicos\/","title":{"rendered":"Objetivos Educacionales"},"content":{"rendered":"<h4><strong>Plan de estudios 2017<\/strong><\/h4>\n<ol>\n<li>Dise\u00f1a, gestiona y eval\u00faa proyectos, planes, programas y pol\u00edticas, disciplinaria e interdisciplinariamente que aportan soluciones a los problemas sociales y de desarrollo de nuestro pa\u00eds.<\/li>\n<li>Dise\u00f1a, gestiona y ejecuta proyectos de investigaci\u00f3n social, utilizando las diferentes teor\u00edas del pensamiento sociol\u00f3gico, a fin de explicar diversas problem\u00e1ticas de la realidad social.<\/li>\n<li>Facilita y comunica de manera efectiva los procesos de organizaci\u00f3n, participaci\u00f3n ciudadana, gesti\u00f3n de conflictos y cambios sociales.<\/li>\n<li>Act\u00faa \u00e9ticamente con pensamiento cr\u00edtico, creativo, plural, autonom\u00eda intelectual y con responsabilidad en su quehacer cotidiano demostrando altos niveles de sensibilidad hacia el entorno social y ambiental.<\/li>\n<\/ol>\n<h4><\/h4>\n<p>&nbsp;<\/p>\n<h4><strong>Plan de estudios 2025<\/strong><\/h4>\n<ol>\n<li>Dise\u00f1ar, gestionar y ejecutar proyectos de investigaci\u00f3n social utilizando las diferentes teor\u00edas sociol\u00f3gicas a fin de explicar diversas problem\u00e1ticas de los actores, sus relaciones, la estructura social o cambio social, manteni\u00e9ndose permanentemente actualizado para asegurar la relevancia y efectividad de sus aportes.<\/li>\n<li>Dise\u00f1ar, implementar, monitorear y evaluar proyectos, planes, programas y pol\u00edticas que aporten al cambio social, trabajando en equipo, demostrando habilidades de liderazgo, comunicaci\u00f3n efectiva y actuando con valores \u00e9ticos y democr\u00e1ticos.<\/li>\n<li>Identificar y aplicar oportunidades de emprendimiento e innovaci\u00f3n social, aplicando teor\u00eda sociol\u00f3gica para dise\u00f1ar y gestionar proyectos que promuevan el cambio social.<\/li>\n<li>Realizar trabajo aut\u00f3nomo y\/o en equipo, de manera disciplinaria e interdisciplinariamente, con liderazgo, comportamiento \u00e9tico, pensamiento cr\u00edtico, creativo, plural y responsable, capaces de aplicar sus conocimientos te\u00f3ricos y metodol\u00f3gicos en contextos laborales diversos para resolver problemas y proponer soluciones en el \u00e1mbito social.<\/li>\n<\/ol>\n","protected":false},"excerpt":{"rendered":"<p>Plan de estudios 2017 Dise\u00f1a, gestiona y eval\u00faa proyectos, planes, programas y pol\u00edticas, disciplinaria e interdisciplinariamente que aportan soluciones a los problemas sociales y de desarrollo de nuestro pa\u00eds. Dise\u00f1a, gestiona y ejecuta proyectos de investigaci\u00f3n social, utilizando las diferentes teor\u00edas del pensamiento sociol\u00f3gico, a fin de explicar diversas problem\u00e1ticas de la realidad social. Facilita [&hellip;]<\/p>\n","protected":false},"author":1,"featured_media":1611,"parent":0,"menu_order":0,"comment_status":"closed","ping_status":"closed","template":"","meta":{"_acf_changed":false,"footnotes":""},"class_list":["post-1129","page","type-page","status-publish","has-post-thumbnail","hentry"],"acf":[],"_links":{"self":[{"href":"https:\/\/fchs.unsa.edu.pe\/sociologia\/wp-json\/wp\/v2\/pages\/1129","targetHints":{"allow":["GET"]}}],"collection":[{"href":"https:\/\/fchs.unsa.edu.pe\/sociologia\/wp-json\/wp\/v2\/pages"}],"about":[{"href":"https:\/\/fchs.unsa.edu.pe\/sociologia\/wp-json\/wp\/v2\/types\/page"}],"author":[{"embeddable":true,"href":"https:\/\/fchs.unsa.edu.pe\/sociologia\/wp-json\/wp\/v2\/users\/1"}],"replies":[{"embeddable":true,"href":"https:\/\/fchs.unsa.edu.pe\/sociologia\/wp-json\/wp\/v2\/comments?post=1129"}],"version-history":[{"count":7,"href":"https:\/\/fchs.unsa.edu.pe\/sociologia\/wp-json\/wp\/v2\/pages\/1129\/revisions"}],"predecessor-version":[{"id":1877,"href":"https:\/\/fchs.unsa.edu.pe\/sociologia\/wp-json\/wp\/v2\/pages\/1129\/revisions\/1877"}],"wp:featuredmedia":[{"embeddable":true,"href":"https:\/\/fchs.unsa.edu.pe\/sociologia\/wp-json\/wp\/v2\/media\/1611"}],"wp:attachment":[{"href":"https:\/\/fchs.unsa.edu.pe\/sociologia\/wp-json\/wp\/v2\/media?parent=1129"}],"curies":[{"name":"wp","href":"https:\/\/api.w.org\/{rel}","templated":true}]}}