{"id":1131,"date":"2017-07-13T13:48:05","date_gmt":"2017-07-13T13:48:05","guid":{"rendered":"http:\/\/www2.unsa.edu.pe\/escuelas\/sociologia\/?page_id=1131"},"modified":"2026-01-03T18:36:11","modified_gmt":"2026-01-03T18:36:11","slug":"director-de-escuela","status":"publish","type":"page","link":"https:\/\/fchs.unsa.edu.pe\/sociologia\/director-de-escuela\/","title":{"rendered":"Director de Escuela Profesional"},"content":{"rendered":"<h3>Dr. Walther Alberto Salas Raa<\/h3>\n<p>Doctor en Ciencias Sociales. Mag\u00edster en Estrategias de Desarrollo y Pol\u00edticas Sociales. Maestr\u00eda en Gesti\u00f3n P\u00fablica (UCSM) (concluida). Licenciado en Sociolog\u00eda. Bachiller en Sociolog\u00eda.<br \/>\nDiplomado Especializado en Gesti\u00f3n P\u00fablica (Escuela Nacional de Estudios Gubernamentales).<br \/>\nOcup\u00f3 los siguientes cargos: director de la Escuela Profesional de Turismo y Hoteler\u00eda, director del Programa de Turismo, Hoteler\u00eda y Gu\u00eda Oficial. Con investigaciones formativas realizadas en los \u00faltimos cinco a\u00f1os en Turismo, estudios sobre el bolero, Arequipa y gesti\u00f3n regional. Articulista semanal de los diarios Noticias, El pueblo, Correo. Articulista invitado, en Peru21, Publico.pe, revista Magazine, revista C\u00e1mara de Comercio e Industria de Arequipa. Publica ensayos sobre desarrollo regional, desarrollo local, planeamiento estrat\u00e9gico, pol\u00edtica y gesti\u00f3n y turismo.<\/p>\n","protected":false},"excerpt":{"rendered":"<p>Dr. Walther Alberto Salas Raa Doctor en Ciencias Sociales. Mag\u00edster en Estrategias de Desarrollo y Pol\u00edticas Sociales. Maestr\u00eda en Gesti\u00f3n P\u00fablica (UCSM) (concluida). Licenciado en Sociolog\u00eda. Bachiller en Sociolog\u00eda. Diplomado Especializado en Gesti\u00f3n P\u00fablica (Escuela Nacional de Estudios Gubernamentales). Ocup\u00f3 los siguientes cargos: director de la Escuela Profesional de Turismo y Hoteler\u00eda, director del Programa [&hellip;]<\/p>\n","protected":false},"author":1,"featured_media":1602,"parent":0,"menu_order":0,"comment_status":"closed","ping_status":"closed","template":"page-autoridades.php","meta":{"_acf_changed":false,"footnotes":""},"class_list":["post-1131","page","type-page","status-publish","has-post-thumbnail","hentry"],"acf":[],"_links":{"self":[{"href":"https:\/\/fchs.unsa.edu.pe\/sociologia\/wp-json\/wp\/v2\/pages\/1131","targetHints":{"allow":["GET"]}}],"collection":[{"href":"https:\/\/fchs.unsa.edu.pe\/sociologia\/wp-json\/wp\/v2\/pages"}],"about":[{"href":"https:\/\/fchs.unsa.edu.pe\/sociologia\/wp-json\/wp\/v2\/types\/page"}],"author":[{"embeddable":true,"href":"https:\/\/fchs.unsa.edu.pe\/sociologia\/wp-json\/wp\/v2\/users\/1"}],"replies":[{"embeddable":true,"href":"https:\/\/fchs.unsa.edu.pe\/sociologia\/wp-json\/wp\/v2\/comments?post=1131"}],"version-history":[{"count":14,"href":"https:\/\/fchs.unsa.edu.pe\/sociologia\/wp-json\/wp\/v2\/pages\/1131\/revisions"}],"predecessor-version":[{"id":1904,"href":"https:\/\/fchs.unsa.edu.pe\/sociologia\/wp-json\/wp\/v2\/pages\/1131\/revisions\/1904"}],"wp:featuredmedia":[{"embeddable":true,"href":"https:\/\/fchs.unsa.edu.pe\/sociologia\/wp-json\/wp\/v2\/media\/1602"}],"wp:attachment":[{"href":"https:\/\/fchs.unsa.edu.pe\/sociologia\/wp-json\/wp\/v2\/media?parent=1131"}],"curies":[{"name":"wp","href":"https:\/\/api.w.org\/{rel}","templated":true}]}}