{"id":1136,"date":"2017-07-13T13:50:04","date_gmt":"2017-07-13T13:50:04","guid":{"rendered":"http:\/\/www2.unsa.edu.pe\/escuelas\/sociologia\/?page_id=1136"},"modified":"2025-12-10T23:31:29","modified_gmt":"2025-12-10T23:31:29","slug":"perfil-del-postulante","status":"publish","type":"page","link":"https:\/\/fchs.unsa.edu.pe\/sociologia\/perfil-del-postulante\/","title":{"rendered":"Perfil del ingresante"},"content":{"rendered":"<h4><strong>Plan de estudios 2017<\/strong><\/h4>\n<p>Esta carrera est\u00e1 dirigido a aspirantes con sensibilidad para investigar problemas sociales y las necesidades humanas que afecten a individuos, grupos, comunidades y poblaciones; igualmente se dirige a quienes tengan inter\u00e9s por conocer las teor\u00edas que orientan la explicaci\u00f3n y comprensi\u00f3n de los problemas sociales y las necesidades humanas, que deseen generar alternativas creativas de soluci\u00f3n y de movilizaci\u00f3n de recursos humanos, institucionales econ\u00f3micas.<\/p>\n<ul>\n<li>Conocimientos m\u00ednimos requeridos\n<ul>\n<li>Obtener un m\u00ednimo de 50 puntos en el examen de Admisi\u00f3n a la Universidad Nacional de San Agust\u00edn de Arequipa.<\/li>\n<\/ul>\n<\/li>\n<li>Habilidades\n<ul>\n<li>Habilidad para relacionarse positiva y constructivamente con todo tipo de personas (trabajos en equipo)<\/li>\n<li>Habilidad de aprendizaje y h\u00e1bitos de estudio.<\/li>\n<li>Capacidad de comprensi\u00f3n y discernimiento cr\u00edtico de la realidad<\/li>\n<\/ul>\n<\/li>\n<li>Actividades\n<ul>\n<li>Dar prioridad a intereses sociales con respecto a los individuos.<\/li>\n<li>Ser respetuosos y solidarios con los seres humanos; y ser sensible a las dem\u00e1s especies vivas de entorno natural.<\/li>\n<\/ul>\n<\/li>\n<\/ul>\n<h4><\/h4>\n<h4><\/h4>\n<p>&nbsp;<\/p>\n<h4><strong>Plan de estudios 2025<\/strong><\/h4>\n<p>El ingresante a la escuela profesional de sociolog\u00eda de la UNSA debe conocer aspectos b\u00e1sicos de la realidad nacional y ciudadan\u00eda, investigar fen\u00f3menos sociales con conocimientos previos, y usar las Tecnolog\u00edas de la Informaci\u00f3n y Comunicaci\u00f3n (TICs) para su aprendizaje. Debe comunicar ideas claramente, tanto verbal como escrita, y tener disposici\u00f3n para el trabajo independiente y en equipo. Tambi\u00e9n se espera que posea pensamiento cr\u00edtico y que aplique razonamiento l\u00f3gico-matem\u00e1tico a niveles b\u00e1sicos para interpretar datos y realizar an\u00e1lisis cuantitativos simples. Adem\u00e1s, debe poseer valores democr\u00e1ticos, como el respeto por la diversidad, la equidad, la justicia y la participaci\u00f3n activa en la vida comunitaria, promoviendo un ambiente de convivencia y respeto mutuo.<\/p>\n","protected":false},"excerpt":{"rendered":"<p>Plan de estudios 2017 Esta carrera est\u00e1 dirigido a aspirantes con sensibilidad para investigar problemas sociales y las necesidades humanas que afecten a individuos, grupos, comunidades y poblaciones; igualmente se dirige a quienes tengan inter\u00e9s por conocer las teor\u00edas que orientan la explicaci\u00f3n y comprensi\u00f3n de los problemas sociales y las necesidades humanas, que deseen [&hellip;]<\/p>\n","protected":false},"author":1,"featured_media":1511,"parent":0,"menu_order":0,"comment_status":"closed","ping_status":"closed","template":"","meta":{"_acf_changed":false,"footnotes":""},"class_list":["post-1136","page","type-page","status-publish","has-post-thumbnail","hentry"],"acf":[],"_links":{"self":[{"href":"https:\/\/fchs.unsa.edu.pe\/sociologia\/wp-json\/wp\/v2\/pages\/1136","targetHints":{"allow":["GET"]}}],"collection":[{"href":"https:\/\/fchs.unsa.edu.pe\/sociologia\/wp-json\/wp\/v2\/pages"}],"about":[{"href":"https:\/\/fchs.unsa.edu.pe\/sociologia\/wp-json\/wp\/v2\/types\/page"}],"author":[{"embeddable":true,"href":"https:\/\/fchs.unsa.edu.pe\/sociologia\/wp-json\/wp\/v2\/users\/1"}],"replies":[{"embeddable":true,"href":"https:\/\/fchs.unsa.edu.pe\/sociologia\/wp-json\/wp\/v2\/comments?post=1136"}],"version-history":[{"count":11,"href":"https:\/\/fchs.unsa.edu.pe\/sociologia\/wp-json\/wp\/v2\/pages\/1136\/revisions"}],"predecessor-version":[{"id":1889,"href":"https:\/\/fchs.unsa.edu.pe\/sociologia\/wp-json\/wp\/v2\/pages\/1136\/revisions\/1889"}],"wp:featuredmedia":[{"embeddable":true,"href":"https:\/\/fchs.unsa.edu.pe\/sociologia\/wp-json\/wp\/v2\/media\/1511"}],"wp:attachment":[{"href":"https:\/\/fchs.unsa.edu.pe\/sociologia\/wp-json\/wp\/v2\/media?parent=1136"}],"curies":[{"name":"wp","href":"https:\/\/api.w.org\/{rel}","templated":true}]}}