{"id":1138,"date":"2017-07-13T13:51:10","date_gmt":"2017-07-13T13:51:10","guid":{"rendered":"http:\/\/www2.unsa.edu.pe\/escuelas\/sociologia\/?page_id=1138"},"modified":"2025-12-10T23:32:48","modified_gmt":"2025-12-10T23:32:48","slug":"perfil-del-egresado","status":"publish","type":"page","link":"https:\/\/fchs.unsa.edu.pe\/sociologia\/perfil-del-egresado\/","title":{"rendered":"Perfil del Egresado"},"content":{"rendered":"<h4><strong>Plan de estudios 2017<\/strong><\/h4>\n<p>Los soci\u00f3logos\/as son profesionales con formaci\u00f3n cient\u00edfica y human\u00edstica que comprenden y pueden explicar la din\u00e1mica de los actores sociales, las relaciones y estructuras de la sociedad y los procesos de cambio social.<\/p>\n<p>Son capaces de producir y divulgar conocimiento y de aportar en los procesos de desarrollo y transformaci\u00f3n de la sociedad en los \u00e1mbitos de su disciplina. Son profesionales con pensamiento cr\u00edtico, creativo, plural y con autonom\u00eda intelectual. Practican una actitud responsable, reflexiva, cr\u00edtica, propositiva y participativa; ejercen valores democr\u00e1ticos, liderazgo, rigor acad\u00e9mico y promueven relaciones interculturales.<\/p>\n<h4><\/h4>\n<p>&nbsp;<\/p>\n<h4><strong>Plan de estudios 2025<\/strong><\/h4>\n<p>El egresante de la escuela profesional de Sociolog\u00eda de la UNSA investigar\u00e1 y propondr\u00e1 soluciones innovadoras alineadas con los ODS, actuando con responsabilidad y empat\u00eda ante desaf\u00edos \u00e9ticos y sociales. Gestionar\u00e1 informaci\u00f3n mediante recursos multimedia y se adaptar\u00e1 a los cambios. Analizar\u00e1 razonamientos complejos y aplicar\u00e1 ciencias inform\u00e1ticas para ofrecer soluciones pr\u00e1cticas, trabajando en equipo con comunicaci\u00f3n efectiva. Utilizar\u00e1 diversas teor\u00edas sociol\u00f3gicas para abordar problemas sociales con pensamiento cr\u00edtico y creativo, investigando de manera rigurosa y \u00e9tica. Generar\u00e1 propuestas viables y gestionar\u00e1 procesos de cambio social, mostrando autonom\u00eda intelectual y una actitud responsable y reflexiva. Promover\u00e1 valores democr\u00e1ticos, liderazgo acad\u00e9mico y relaciones interculturales.<\/p>\n","protected":false},"excerpt":{"rendered":"<p>Plan de estudios 2017 Los soci\u00f3logos\/as son profesionales con formaci\u00f3n cient\u00edfica y human\u00edstica que comprenden y pueden explicar la din\u00e1mica de los actores sociales, las relaciones y estructuras de la sociedad y los procesos de cambio social. Son capaces de producir y divulgar conocimiento y de aportar en los procesos de desarrollo y transformaci\u00f3n de [&hellip;]<\/p>\n","protected":false},"author":1,"featured_media":1209,"parent":0,"menu_order":0,"comment_status":"closed","ping_status":"closed","template":"","meta":{"_acf_changed":false,"footnotes":""},"class_list":["post-1138","page","type-page","status-publish","has-post-thumbnail","hentry"],"acf":[],"_links":{"self":[{"href":"https:\/\/fchs.unsa.edu.pe\/sociologia\/wp-json\/wp\/v2\/pages\/1138","targetHints":{"allow":["GET"]}}],"collection":[{"href":"https:\/\/fchs.unsa.edu.pe\/sociologia\/wp-json\/wp\/v2\/pages"}],"about":[{"href":"https:\/\/fchs.unsa.edu.pe\/sociologia\/wp-json\/wp\/v2\/types\/page"}],"author":[{"embeddable":true,"href":"https:\/\/fchs.unsa.edu.pe\/sociologia\/wp-json\/wp\/v2\/users\/1"}],"replies":[{"embeddable":true,"href":"https:\/\/fchs.unsa.edu.pe\/sociologia\/wp-json\/wp\/v2\/comments?post=1138"}],"version-history":[{"count":5,"href":"https:\/\/fchs.unsa.edu.pe\/sociologia\/wp-json\/wp\/v2\/pages\/1138\/revisions"}],"predecessor-version":[{"id":1891,"href":"https:\/\/fchs.unsa.edu.pe\/sociologia\/wp-json\/wp\/v2\/pages\/1138\/revisions\/1891"}],"wp:featuredmedia":[{"embeddable":true,"href":"https:\/\/fchs.unsa.edu.pe\/sociologia\/wp-json\/wp\/v2\/media\/1209"}],"wp:attachment":[{"href":"https:\/\/fchs.unsa.edu.pe\/sociologia\/wp-json\/wp\/v2\/media?parent=1138"}],"curies":[{"name":"wp","href":"https:\/\/api.w.org\/{rel}","templated":true}]}}