{"id":1146,"date":"2017-07-13T13:53:34","date_gmt":"2017-07-13T13:53:34","guid":{"rendered":"http:\/\/www2.unsa.edu.pe\/escuelas\/sociologia\/?page_id=1146"},"modified":"2024-11-13T23:02:26","modified_gmt":"2024-11-13T23:02:26","slug":"titulo-profesional-de-licenciado-en-sociologia","status":"publish","type":"page","link":"https:\/\/fchs.unsa.edu.pe\/sociologia\/titulo-profesional-de-licenciado-en-sociologia\/","title":{"rendered":"T\u00edtulo Profesional de Licenciado en Sociolog\u00eda."},"content":{"rendered":"<p>A partir de ahora, todos los tr\u00e1mites para obtener el grado acad\u00e9mico de bachiller en sociolog\u00eda, as\u00ed como el t\u00edtulo profesional de licenciado en sociolog\u00eda, se realizar\u00e1n exclusivamente a trav\u00e9s del aplicativo <a href=\"https:\/\/sg.unsa.edu.pe\/graduate\/\"><strong>GRADUATE<\/strong><\/a>. Para acceder a este sistema, los egresados deber\u00e1n utilizar \u00fanicamente sus cuentas de correo electr\u00f3nico institucionales.<\/p>\n<p>Este nuevo proceso ha sido dise\u00f1ado para mejorar la eficiencia y la transparencia de los tr\u00e1mites acad\u00e9micos. Los egresados podr\u00e1n realizar todas las gestiones necesarias de manera digital, evitando as\u00ed los desplazamientos innecesarios y reduciendo los tiempos de espera. Adem\u00e1s, el uso de las cuentas de correo institucionales garantiza la seguridad y la confidencialidad de la informaci\u00f3n personal de los usuarios.<\/p>\n<p>Para un mejor proceso, compartimos los siguientes documentos:<\/p>\n<ol>\n<li><a href=\"https:\/\/drive.google.com\/file\/d\/14uCG3Efz0KwQk7QVCDZr7ZOAWWakogbj\/view?usp=sharing\">Regalamento general de obtenci\u00f3n de grados acad\u00e9micos, t\u00edtulo profesional y de segunda especialidad<\/a>.<\/li>\n<li><a href=\"https:\/\/drive.google.com\/file\/d\/1SFSWu0--NEayLkS-DcxNXevYbG9FeyW4\/view?usp=sharing\">Manual de usuario del sistema GRADUATE<\/a>.<\/li>\n<li><a href=\"https:\/\/drive.google.com\/file\/d\/1SzeEfvLobisgLsS8RhXddrEjQwPq3-n7\/view?usp=sharing\">Manual de procesos del t\u00edtulo profesional por sustentaci\u00f3n de tesis<\/a>.<\/li>\n<li><a href=\"https:\/\/drive.google.com\/file\/d\/1T4aCc7r21VP6ZAx9bbEwrAgs5deodiZ_\/view?usp=sharing\">Flujograma del tr\u00e1mite del t\u00edtulo profesional por sustentaci\u00f3n de tesis<\/a>.<\/li>\n<li><a href=\"https:\/\/docs.google.com\/document\/d\/1GtF6oSVqb9jKVL4R6rsX9yH46EdVKIZf\/edit?usp=sharing&amp;ouid=114668849783809661047&amp;rtpof=true&amp;sd=true\" target=\"_blank\" rel=\"noopener\">Modelo de car\u00e1tula de tesis<\/a>.<\/li>\n<\/ol>\n","protected":false},"excerpt":{"rendered":"<p>A partir de ahora, todos los tr\u00e1mites para obtener el grado acad\u00e9mico de bachiller en sociolog\u00eda, as\u00ed como el t\u00edtulo profesional de licenciado en sociolog\u00eda, se realizar\u00e1n exclusivamente a trav\u00e9s del aplicativo GRADUATE. Para acceder a este sistema, los egresados deber\u00e1n utilizar \u00fanicamente sus cuentas de correo electr\u00f3nico institucionales. Este nuevo proceso ha sido dise\u00f1ado [&hellip;]<\/p>\n","protected":false},"author":1,"featured_media":1771,"parent":0,"menu_order":0,"comment_status":"closed","ping_status":"closed","template":"","meta":{"_acf_changed":false,"footnotes":""},"class_list":["post-1146","page","type-page","status-publish","has-post-thumbnail","hentry"],"acf":[],"_links":{"self":[{"href":"https:\/\/fchs.unsa.edu.pe\/sociologia\/wp-json\/wp\/v2\/pages\/1146","targetHints":{"allow":["GET"]}}],"collection":[{"href":"https:\/\/fchs.unsa.edu.pe\/sociologia\/wp-json\/wp\/v2\/pages"}],"about":[{"href":"https:\/\/fchs.unsa.edu.pe\/sociologia\/wp-json\/wp\/v2\/types\/page"}],"author":[{"embeddable":true,"href":"https:\/\/fchs.unsa.edu.pe\/sociologia\/wp-json\/wp\/v2\/users\/1"}],"replies":[{"embeddable":true,"href":"https:\/\/fchs.unsa.edu.pe\/sociologia\/wp-json\/wp\/v2\/comments?post=1146"}],"version-history":[{"count":6,"href":"https:\/\/fchs.unsa.edu.pe\/sociologia\/wp-json\/wp\/v2\/pages\/1146\/revisions"}],"predecessor-version":[{"id":1781,"href":"https:\/\/fchs.unsa.edu.pe\/sociologia\/wp-json\/wp\/v2\/pages\/1146\/revisions\/1781"}],"wp:featuredmedia":[{"embeddable":true,"href":"https:\/\/fchs.unsa.edu.pe\/sociologia\/wp-json\/wp\/v2\/media\/1771"}],"wp:attachment":[{"href":"https:\/\/fchs.unsa.edu.pe\/sociologia\/wp-json\/wp\/v2\/media?parent=1146"}],"curies":[{"name":"wp","href":"https:\/\/api.w.org\/{rel}","templated":true}]}}