{"id":1162,"date":"2017-07-13T13:56:41","date_gmt":"2017-07-13T13:56:41","guid":{"rendered":"http:\/\/www2.unsa.edu.pe\/escuelas\/sociologia\/?page_id=1162"},"modified":"2025-12-29T16:15:09","modified_gmt":"2025-12-29T16:15:09","slug":"personal-docente","status":"publish","type":"page","link":"https:\/\/fchs.unsa.edu.pe\/sociologia\/personal-docente\/","title":{"rendered":"Personal Docente"},"content":{"rendered":"<h4><strong>PERSONAL DOCENTE NOMBRADO<\/strong><\/h4>\n<table class=\"table\">\n<tbody>\n<tr>\n<th style=\"text-align: left\">DOCENTE<\/th>\n<th style=\"text-align: left\">CATEGOR\u00cdA<\/th>\n<th style=\"text-align: left\">CORREO ELECTR\u00d3NICO<\/th>\n<\/tr>\n<tr>\n<td>1. Dr. Marcos Nicolas Aurelio Obando Aguirre<\/td>\n<td>Principal<\/td>\n<td><a href=\"mailto:mobando@unsa.edu.pe\">mobando@unsa.edu.pe<\/a><\/td>\n<\/tr>\n<tr>\n<td>2. Dr. Walther Alberto Salas Raa<\/td>\n<td>Principal<\/td>\n<td><a href=\"mailto:wsalasr@unsa.edu.pe\">wsalasr@unsa.edu.pe<\/a><\/td>\n<\/tr>\n<tr>\n<td>3. Dr. Alipio Montes Urday<\/td>\n<td>Principal<\/td>\n<td><a href=\"mailto:amontesu@unsa.edu.pe\">amontesu@unsa.edu.pe<\/a><\/td>\n<\/tr>\n<tr>\n<td>4. Dr. Carlos Federico Leyton Mu\u00f1oz<\/td>\n<td>Principal<\/td>\n<td><a href=\"mailto:cleyton@unsa.edu.pe\">cleyton@unsa.edu.pe<\/a><\/td>\n<\/tr>\n<tr>\n<td>5. Dr. Ariosto Constancio Carita Choquecahua<\/td>\n<td>Principal<\/td>\n<td><a href=\"mailto:acarita@unsa.edu.pe\">acarita@unsa.edu.pe<\/a><\/td>\n<\/tr>\n<tr>\n<td>6. Dr. Eliseo Zeballos Zeballos<\/td>\n<td>Principal<\/td>\n<td><a href=\"mailto:ezeballosz@unsa.edu.pe\">ezeballosz@unsa.edu.pe<\/a><\/td>\n<\/tr>\n<tr>\n<td>7. Dra. Maria del Pilar Lourdes Guillen Nu\u00f1ez<\/td>\n<td>Principal<\/td>\n<td><a href=\"mailto:mguillenn@unsa.edu.pe\">mguillenn@unsa.edu.pe<\/a><\/td>\n<\/tr>\n<tr>\n<td>8. Dr. Jose Luis Ramos Salinas<\/td>\n<td>Principal<\/td>\n<td><a href=\"mailto:jramossa@unsa.edu.pe\">jramossa@unsa.edu.pe<\/a><\/td>\n<\/tr>\n<tr>\n<td>9. Dra. Alison Serruto Castillo<\/td>\n<td>Principal<\/td>\n<td><a href=\"mailto:aserruto@unsa.edu.pe\">aserruto@unsa.edu.pe<\/a><\/td>\n<\/tr>\n<tr>\n<td>10. Mg. Marlene Yaneth Fernandez Collado<\/td>\n<td>Auxiliar<\/td>\n<td><a href=\"mailto:mfernandezco@unsa.edu.pe\">mfernandezco@unsa.edu.pe<\/a><\/td>\n<\/tr>\n<tr>\n<td>11. Dr. Mario Gustavo Berrios Espez\u00faa<\/td>\n<td>Asociado<\/td>\n<td><a href=\"mailto:mberriose@unsa.edu.pe\">mberriose@unsa.edu.pe<\/a><\/td>\n<\/tr>\n<tr>\n<td>12. Dra. Ana Rosario Miaury Vilca<\/td>\n<td>Asociada<\/td>\n<td><a href=\"mailto:amiaury@unsa.edu.pe\">amiaury@unsa.edu.pe<\/a><\/td>\n<\/tr>\n<tr>\n<td>13. Mg. Teresa Edith Ya\u00f1ez Fernandez<\/td>\n<td>Asociada<\/td>\n<td><a href=\"mailto:tyanezf@unsa.edu.pe\">tyanezf@unsa.edu.pe<\/a><\/td>\n<\/tr>\n<tr>\n<td>14. Dr. Julio Jose Percy Fuentes Fuentes<\/td>\n<td>Asociado<\/td>\n<td><a href=\"mailto:jfuentes1@unsa.edu.pe\">jfuentes1@unsa.edu.pe<\/a><\/td>\n<\/tr>\n<tr>\n<td>15. Mg. Natty Wilma Llasaca Calizaya<\/td>\n<td>Auxiliar<\/td>\n<td><a href=\"mailto:nllasaca@unsa.edu.pe\">nllasaca@unsa.edu.pe<\/a><\/td>\n<\/tr>\n<tr>\n<td>16. Mg. Amparo Elizabeth Yto Quispe<\/td>\n<td>Auxiliar<\/td>\n<td><a href=\"mailto:aytoq@unsa.edu.pe\">aytoq@unsa.edu.pe<\/a><\/td>\n<\/tr>\n<tr>\n<td>17. Mg. Ivan Gregorio Ramirez Lazaro<\/td>\n<td>Auxiliar<\/td>\n<td><a href=\"mailto:iramirezl@unsa.edu.pe\">iramirezl@unsa.edu.pe<\/a><\/td>\n<\/tr>\n<tr>\n<td>18. Mg. Hilda Regina Rodriguez Rodriguez<\/td>\n<td>Auxiliar<\/td>\n<td><a href=\"mailto:hrodriguezrod@unsa.edu.pe\">hrodriguezrod@unsa.edu.pe<\/a><\/td>\n<\/tr>\n<tr>\n<td>19. Dr. Ysrael Toshio Ramos Benavente<\/td>\n<td>Auxiliar<\/td>\n<td><a href=\"mailto:yramosb@unsa.edu.pe\">yramosb@unsa.edu.pe<\/a><\/td>\n<\/tr>\n<tr>\n<td>20. Mg. Julio Raul Medina Cruz<\/td>\n<td>Auxiliar<\/td>\n<td><a href=\"mailto:jmedinacr@unsa.edu.pe\">jmedinacr@unsa.edu.pe<\/a><\/td>\n<\/tr>\n<tr>\n<td>21. Mg. Yonathan Mario Gonzales Titto<\/td>\n<td>Auxiliar<\/td>\n<td><a href=\"mailto:ygonzalestt@unsa.edu.pe\">ygonzalestt@unsa.edu.pe<\/a><\/td>\n<\/tr>\n<tr>\n<td>22. Mg. Yakelin Vanessa Cereceda Quintanilla<\/td>\n<td>Auxiliar<\/td>\n<td><a href=\"mailto:ycereceda@unsa.edu.pe\">ycereceda@unsa.edu.pe<\/a><\/td>\n<\/tr>\n<tr>\n<td>23. Mg. Manuel Marco Higueras Matos<\/td>\n<td>Auxiliar<\/td>\n<td><a href=\"mailto:mhigueras@unsa.edu.pe\">mhigueras@unsa.edu.pe<\/a><\/td>\n<\/tr>\n<tr>\n<td>24. Mg. Randy Midguar Carpio Rodr\u00edguez<\/td>\n<td>Auxiliar<\/td>\n<td><a href=\"mailto:rcarpioro@unsa.edu.pe\">rcarpioro@unsa.edu.pe<\/a><\/td>\n<\/tr>\n<tr>\n<td>25. Dr. Augusto Roberto Apaza Vargas<\/td>\n<td>Auxiliar<\/td>\n<td><a href=\"mailto:aapazava@unsa.edu.pe\">aapazava@unsa.edu.pe<\/a><\/td>\n<\/tr>\n<tr>\n<td>26. Mg. Erika Patricia Lazo Alarcon<\/td>\n<td>Auxiliar<\/td>\n<td><a href=\"mailto:elazoal@unsa.edu.pe\">elazoal@unsa.edu.pe<\/a><\/td>\n<\/tr>\n<tr>\n<td>27. Dr. Lorenzo Jesus Pe\u00f1alva Suca<\/td>\n<td>Auxiliar<\/td>\n<td><a href=\"mailto:lpenalvas@unsa.edu.pe\">lpenalvas@unsa.edu.pe<\/a><\/td>\n<\/tr>\n<tr>\n<td>28. Dr. William Freddy Laura Huaman<\/td>\n<td>Auxiliar<\/td>\n<td><a href=\"mailto:wlaura@unsa.edu.pe\">wlaura@unsa.edu.pe<\/a><\/td>\n<\/tr>\n<\/tbody>\n<\/table>\n<h4><\/h4>\n<h4><strong>PERSONAL DOCENTE CONTRATADO POR INVITACI\u00d3N<\/strong><\/h4>\n<table class=\"table\">\n<tbody>\n<tr>\n<th>DOCENTE<\/th>\n<th>CORREO ELECTR\u00d3NICO<\/th>\n<\/tr>\n<tr>\n<td>1. Dr. Segundo Ortiz Cansaya<\/td>\n<td><a href=\"mailto:sortizca@unsa.edu.pe\">sortizca@unsa.edu.pe<\/a><\/td>\n<\/tr>\n<tr>\n<td>2. Mg. Katherine del Rosario Lopez Vasquez<\/td>\n<td><a href=\"mailto:klopezv@unsa.edu.pe\">klopezv@unsa.edu.pe<\/a><\/td>\n<\/tr>\n<tr>\n<td>3. Mg. Jesus Eduardo Carpio Obando<\/td>\n<td><a href=\"mailto:jcarpioo@unsa.edu.pe\">jcarpioo@unsa.edu.pe<\/a><\/td>\n<\/tr>\n<tr>\n<td>4. Mg. Selene Belen Torres Gonzales<\/td>\n<td><a href=\"mailto:storresg@unsa.edu.pe\">storresg@unsa.edu.pe<\/a><\/td>\n<\/tr>\n<\/tbody>\n<\/table>\n<h4><\/h4>\n<h4><strong>JEFES DE PR\u00c1CTICAS<\/strong><\/h4>\n<table class=\"table\">\n<tbody>\n<tr>\n<th>JEFE DE PR\u00c1CTICAS<\/th>\n<th>CORREO ELECTR\u00d3NICO<\/th>\n<\/tr>\n<tr>\n<td>1. Mg. Pamela Caceres Sumire<\/td>\n<td><a href=\"mailto:pcaceres@unsa.edu.pe\">pcaceres@unsa.edu.pe<\/a><\/td>\n<\/tr>\n<tr>\n<td>2. Lic. Isaac Renzo Butron Rivas<\/td>\n<td><a href=\"mailto:ibutron@unsa.edu.pe\">ibutron@unsa.edu.pe<\/a><\/td>\n<\/tr>\n<tr>\n<td>3. Lic. Juana Esperanza Lobaton Puelles<\/td>\n<td><a href=\"mailto:jlobatonp@unsa.edu.pe\">jlobatonp@unsa.edu.pe<\/a><\/td>\n<\/tr>\n<\/tbody>\n<\/table>\n<p>&nbsp;<\/p>\n<p>Tomando en cuenta el modelo educativo de nuestra universidad, se establecen las siguientes caracter\u00edsticas espec\u00edficas del docente de la escuela profesional de sociolog\u00eda:<\/p>\n<ul>\n<li>Conocimiento especializado de la sociolog\u00eda, para brindar una ense\u00f1anza de calidad y contribuir a la investigaci\u00f3n social.<\/li>\n<li>Capacidad de comunicaci\u00f3n, indispensable para realizar de manera eficiente los procesos formativos.<\/li>\n<li>Flexibilidad, para adaptar su actuaci\u00f3n profesional a los diversos ritmos y estilos de aprendizaje de los estudiantes, utilizando diferentes metodolog\u00edas y generando un ambiente propicio para el aprendizaje.<\/li>\n<li>Esp\u00edritu investigativo, para generar conocimiento a trav\u00e9s de la investigaci\u00f3n, participando en proyectos de investigaci\u00f3n y publicando art\u00edculos cient\u00edficos.<\/li>\n<li>Comportamiento profesional \u00e9tico, para orientar su actuaci\u00f3n con respeto a las normas morales, manifestando un comportamiento moral en la pr\u00e1ctica y promoci\u00f3n de la \u00e9tica acad\u00e9mica.<\/li>\n<\/ul>\n<p>Las competencias esenciales que permiten al docente de la escuela profesional de sociolog\u00eda un desempe\u00f1o eficiente y \u00e9tico son las siguientes:<\/p>\n<ul>\n<li>Competencias pedag\u00f3gicas: Dise\u00f1ar planes de estudio acordes con los prop\u00f3sitos de la asignatura, conocer y aplicar diferentes estrategias metodol\u00f3gicas y evaluar el aprendizaje de los estudiantes.<\/li>\n<li>Competencias tecnol\u00f3gicas: Habilidades en el uso de tecnolog\u00edas de la informaci\u00f3n y comunicaci\u00f3n, utilizando las herramientas digitales para el logro de los prop\u00f3sitos pedag\u00f3gicos.<\/li>\n<li>Competencias investigativas: Capacidad para el dise\u00f1o, ejecuci\u00f3n de investigaciones sociales y para la difusi\u00f3n de los resultados.<\/li>\n<\/ul>\n<p>El docente de la escuela profesional de sociolog\u00eda se caracteriza por la pr\u00e1ctica y la promoci\u00f3n de los siguientes valores:<\/p>\n<ul>\n<li>Vocaci\u00f3n: amor por la docencia y compromiso con el desarrollo de los estudiantes.<\/li>\n<li>Respeto: valora y respeta la diversidad de sus estudiantes en todas sus manifestaciones.<\/li>\n<li>Honestidad: act\u00faa con integridad en la labor docente y en la generaci\u00f3n de conocimiento.<\/li>\n<li>Colaboraci\u00f3n: practica y promueve la cultura de trabajo en equipo y la colaboraci\u00f3n entre docentes y estudiantes.<\/li>\n<\/ul>\n<p>Finalmente, y en el \u00e1nimo de establecer y consolidar la especializaci\u00f3n docente, se recomienda que el docente a quien se le asigne determinada asignatura, la mantenga durante todo el tiempo que el presente plan de estudios 2025 tenga vigencia, a fin de garantizar la especializaci\u00f3n, investigaci\u00f3n y publicaci\u00f3n en determinada \u00e1rea del conocimiento sociol\u00f3gico.<\/p>\n","protected":false},"excerpt":{"rendered":"<p>PERSONAL DOCENTE NOMBRADO DOCENTE CATEGOR\u00cdA CORREO ELECTR\u00d3NICO 1. Dr. Marcos Nicolas Aurelio Obando Aguirre Principal mobando@unsa.edu.pe 2. Dr. Walther Alberto Salas Raa Principal wsalasr@unsa.edu.pe 3. Dr. Alipio Montes Urday Principal amontesu@unsa.edu.pe 4. Dr. Carlos Federico Leyton Mu\u00f1oz Principal cleyton@unsa.edu.pe 5. Dr. Ariosto Constancio Carita Choquecahua Principal acarita@unsa.edu.pe 6. Dr. Eliseo Zeballos Zeballos Principal ezeballosz@unsa.edu.pe 7. [&hellip;]<\/p>\n","protected":false},"author":1,"featured_media":1626,"parent":0,"menu_order":0,"comment_status":"closed","ping_status":"closed","template":"","meta":{"_acf_changed":false,"footnotes":""},"class_list":["post-1162","page","type-page","status-publish","has-post-thumbnail","hentry"],"acf":[],"_links":{"self":[{"href":"https:\/\/fchs.unsa.edu.pe\/sociologia\/wp-json\/wp\/v2\/pages\/1162","targetHints":{"allow":["GET"]}}],"collection":[{"href":"https:\/\/fchs.unsa.edu.pe\/sociologia\/wp-json\/wp\/v2\/pages"}],"about":[{"href":"https:\/\/fchs.unsa.edu.pe\/sociologia\/wp-json\/wp\/v2\/types\/page"}],"author":[{"embeddable":true,"href":"https:\/\/fchs.unsa.edu.pe\/sociologia\/wp-json\/wp\/v2\/users\/1"}],"replies":[{"embeddable":true,"href":"https:\/\/fchs.unsa.edu.pe\/sociologia\/wp-json\/wp\/v2\/comments?post=1162"}],"version-history":[{"count":28,"href":"https:\/\/fchs.unsa.edu.pe\/sociologia\/wp-json\/wp\/v2\/pages\/1162\/revisions"}],"predecessor-version":[{"id":1899,"href":"https:\/\/fchs.unsa.edu.pe\/sociologia\/wp-json\/wp\/v2\/pages\/1162\/revisions\/1899"}],"wp:featuredmedia":[{"embeddable":true,"href":"https:\/\/fchs.unsa.edu.pe\/sociologia\/wp-json\/wp\/v2\/media\/1626"}],"wp:attachment":[{"href":"https:\/\/fchs.unsa.edu.pe\/sociologia\/wp-json\/wp\/v2\/media?parent=1162"}],"curies":[{"name":"wp","href":"https:\/\/api.w.org\/{rel}","templated":true}]}}