{"id":1233,"date":"2017-07-03T14:31:53","date_gmt":"2017-07-03T14:31:53","guid":{"rendered":"http:\/\/www2.unsa.edu.pe\/escuelas\/sociologia\/?page_id=2"},"modified":"2024-09-12T17:29:17","modified_gmt":"2024-09-12T17:29:17","slug":"presentacion","status":"publish","type":"page","link":"https:\/\/fchs.unsa.edu.pe\/sociologia\/presentacion\/","title":{"rendered":"Presentaci\u00f3n"},"content":{"rendered":"<p>La escuela profesional de sociolog\u00eda fue creada el <strong>24 de junio de 1963<\/strong>, y forma parte de la <strong>facultad de Ciencias Hist\u00f3rico Sociales.<\/strong><\/p>\n<div class=\"info\">\n<p><strong>Duraci\u00f3n:<\/strong> 10 semestres acad\u00e9micos, 5 a\u00f1os<\/p>\n<hr \/>\n<p><strong>Grado Acad\u00e9mico:<\/strong> Bachiller en Sociolog\u00eda<\/p>\n<hr \/>\n<p><strong>T\u00edtulo:<\/strong> Licenciado en Sociolog\u00eda<\/p>\n<hr \/>\n<p><strong>Modalidad:<\/strong> Presencial<\/p>\n<hr \/>\n<\/div>\n<p>&nbsp;<\/p>\n","protected":false},"excerpt":{"rendered":"<p>La escuela profesional de sociolog\u00eda fue creada el 24 de junio de 1963, y forma parte de la facultad de Ciencias Hist\u00f3rico Sociales. Duraci\u00f3n: 10 semestres acad\u00e9micos, 5 a\u00f1os Grado Acad\u00e9mico: Bachiller en Sociolog\u00eda T\u00edtulo: Licenciado en Sociolog\u00eda Modalidad: Presencial &nbsp;<\/p>\n","protected":false},"author":1,"featured_media":1610,"parent":0,"menu_order":0,"comment_status":"closed","ping_status":"open","template":"page-imagen.php","meta":{"_acf_changed":false,"footnotes":""},"class_list":["post-1233","page","type-page","status-publish","has-post-thumbnail","hentry"],"acf":[],"_links":{"self":[{"href":"https:\/\/fchs.unsa.edu.pe\/sociologia\/wp-json\/wp\/v2\/pages\/1233","targetHints":{"allow":["GET"]}}],"collection":[{"href":"https:\/\/fchs.unsa.edu.pe\/sociologia\/wp-json\/wp\/v2\/pages"}],"about":[{"href":"https:\/\/fchs.unsa.edu.pe\/sociologia\/wp-json\/wp\/v2\/types\/page"}],"author":[{"embeddable":true,"href":"https:\/\/fchs.unsa.edu.pe\/sociologia\/wp-json\/wp\/v2\/users\/1"}],"replies":[{"embeddable":true,"href":"https:\/\/fchs.unsa.edu.pe\/sociologia\/wp-json\/wp\/v2\/comments?post=1233"}],"version-history":[{"count":12,"href":"https:\/\/fchs.unsa.edu.pe\/sociologia\/wp-json\/wp\/v2\/pages\/1233\/revisions"}],"predecessor-version":[{"id":1664,"href":"https:\/\/fchs.unsa.edu.pe\/sociologia\/wp-json\/wp\/v2\/pages\/1233\/revisions\/1664"}],"wp:featuredmedia":[{"embeddable":true,"href":"https:\/\/fchs.unsa.edu.pe\/sociologia\/wp-json\/wp\/v2\/media\/1610"}],"wp:attachment":[{"href":"https:\/\/fchs.unsa.edu.pe\/sociologia\/wp-json\/wp\/v2\/media?parent=1233"}],"curies":[{"name":"wp","href":"https:\/\/api.w.org\/{rel}","templated":true}]}}