{"id":1309,"date":"2018-02-12T15:23:54","date_gmt":"2018-02-12T15:23:54","guid":{"rendered":"https:\/\/fchs.unsa.edu.pe\/sociologia\/?page_id=1309"},"modified":"2025-12-10T23:42:33","modified_gmt":"2025-12-10T23:42:33","slug":"certificacion-modular","status":"publish","type":"page","link":"https:\/\/fchs.unsa.edu.pe\/sociologia\/certificacion-modular\/","title":{"rendered":"Certificaci\u00f3n Modular"},"content":{"rendered":"<h4><strong>Plan de estudios 2017<\/strong><\/h4>\n<p>De acuerdo a los avances en el logro de las competencias que nuestros estudiantes vayan logrando podr\u00e1n ser certificados en los siguientes m\u00f3dulos:<\/p>\n<p>Formulaci\u00f3n de Diagn\u00f3sticos y l\u00edneas de base social<\/p>\n<ol>\n<li><strong>Certificaci\u00f3n: Competencia laboral en formulaci\u00f3n de diagn\u00f3sticos y l\u00edneas de base social<\/strong><\/li>\n<li><strong>Certificaci\u00f3n: Competencia laboral en Formulaci\u00f3n de Proyectos de Desarrollo social<\/strong><\/li>\n<\/ol>\n<p>Los criterios para elegir los cursos que conforman los cursos obligatorios para el logro de las competencias a ser certificadas han sido los siguientes:<\/p>\n<ul>\n<li>En cursos generales dejamos los de capacidades para aprender, y en humanidades realidad nacional, historia, ciudadan\u00eda e introducci\u00f3n a la sociolog\u00eda.<\/li>\n<li>Se quedan todos los cursos de teor\u00eda sociol\u00f3gica que son los que permiten la comprensi\u00f3n de la sociedad desde el punto de vista sociol\u00f3gico se van todos los electivos.<\/li>\n<li>Se quedan los cursos instrumentales, todas las metodolog\u00edas de investigaci\u00f3n, estad\u00edsticas y talleres 1, 2, 3, y 4 para Diagn\u00f3stico.<\/li>\n<li>Para planificaci\u00f3n, metodolog\u00edas de investigaci\u00f3n menos la mixta, talleres 1,2 y 5, todo lo referido a planificaci\u00f3n, proyectos, gesti\u00f3n y pol\u00edticas p\u00fablicas.<\/li>\n<\/ul>\n<h4><\/h4>\n<h4><\/h4>\n<p>&nbsp;<\/p>\n<h4><strong>Plan de estudios 2025<\/strong><\/h4>\n<p>De acuerdo a los avances en el logro de las competencias que nuestros estudiantes vayan logrando podr\u00e1n ser certificados en los siguientes m\u00f3dulos de certificaci\u00f3n:<\/p>\n<p><strong>Certificaci\u00f3n: An\u00e1lisis social de datos<\/strong><\/p>\n<ul>\n<li>Componentes de la certificaci\u00f3n:\n<ul>\n<li>Utiliza herramientas metodol\u00f3gicas y tecnol\u00f3gicas para la recopilaci\u00f3n, limpieza y procesamiento de los datos, sobre la base del uso de diferentes fuentes.<\/li>\n<li>Produce informaci\u00f3n relevante sobre la base del an\u00e1lisis e interpretaci\u00f3n de datos procesados para su uso en la gesti\u00f3n p\u00fablica y privada.<\/li>\n<\/ul>\n<\/li>\n<li>Condiciones para optar la certificaci\u00f3n:<br \/>\nEl estudiante deber\u00e1 cumplir con los siguientes requisitos para poder obtener la certificaci\u00f3n del m\u00f3dulo:<\/p>\n<ul>\n<li>Haber llevado y aprobado todos los cursos que forman parte del m\u00f3dulo.<\/li>\n<li>Tener una nota promedio de 14.<\/li>\n<li>Presentar una investigaci\u00f3n de nivel correlacional o explicativa.<\/li>\n<li>Sustentar el trabajo acad\u00e9mico.<\/li>\n<li>Presentaci\u00f3n del trabajo final levantando las observaciones realizadas en la sustentaci\u00f3n.<\/li>\n<\/ul>\n<\/li>\n<\/ul>\n<p><strong>Certificaci\u00f3n: Gesti\u00f3n de proyectos<\/strong><\/p>\n<ul>\n<li>Componentes de la certificaci\u00f3n:\n<ul>\n<li>Conoce la naturaleza de los proyectos, el entorno en el que se originan, las \u00e1reas de conocimiento y los procesos propios de la direcci\u00f3n de proyectos para proponer alternativas que contribuyan al cambio social, haciendo uso de los diversos marcos te\u00f3ricos, metodolog\u00edas y t\u00e9cnicas.<\/li>\n<li>Aplica los conocimientos, herramientas y t\u00e9cnicas de manera rigurosa en la planificaci\u00f3n, administraci\u00f3n, monitoreo y evaluaci\u00f3n de proyectos, para la toma de decisiones eficaces que permitan alcanzar los objetivos propuestos y optimizar los resultados del proyecto.<\/li>\n<\/ul>\n<\/li>\n<li>Condiciones para optar la certificaci\u00f3n:<br \/>\nEl estudiante deber\u00e1 cumplir con los siguientes requisitos para poder obtener la certificaci\u00f3n del m\u00f3dulo:<\/p>\n<ul>\n<li>Haber llevado y aprobado todos los cursos que forman parte del m\u00f3dulo.<\/li>\n<li>Tener una nota promedio de 14.<\/li>\n<li>Presentar un trabajo acad\u00e9mico: Un dise\u00f1o de proyecto social.<\/li>\n<li>Sustentar el trabajo acad\u00e9mico.<\/li>\n<li>Presentaci\u00f3n del trabajo final levantando las observaciones realizadas en la sustentaci\u00f3n.<\/li>\n<\/ul>\n<\/li>\n<\/ul>\n","protected":false},"excerpt":{"rendered":"<p>Plan de estudios 2017 De acuerdo a los avances en el logro de las competencias que nuestros estudiantes vayan logrando podr\u00e1n ser certificados en los siguientes m\u00f3dulos: Formulaci\u00f3n de Diagn\u00f3sticos y l\u00edneas de base social Certificaci\u00f3n: Competencia laboral en formulaci\u00f3n de diagn\u00f3sticos y l\u00edneas de base social Certificaci\u00f3n: Competencia laboral en Formulaci\u00f3n de Proyectos de [&hellip;]<\/p>\n","protected":false},"author":1,"featured_media":1516,"parent":0,"menu_order":0,"comment_status":"closed","ping_status":"closed","template":"","meta":{"_acf_changed":false,"footnotes":""},"class_list":["post-1309","page","type-page","status-publish","has-post-thumbnail","hentry"],"acf":[],"_links":{"self":[{"href":"https:\/\/fchs.unsa.edu.pe\/sociologia\/wp-json\/wp\/v2\/pages\/1309","targetHints":{"allow":["GET"]}}],"collection":[{"href":"https:\/\/fchs.unsa.edu.pe\/sociologia\/wp-json\/wp\/v2\/pages"}],"about":[{"href":"https:\/\/fchs.unsa.edu.pe\/sociologia\/wp-json\/wp\/v2\/types\/page"}],"author":[{"embeddable":true,"href":"https:\/\/fchs.unsa.edu.pe\/sociologia\/wp-json\/wp\/v2\/users\/1"}],"replies":[{"embeddable":true,"href":"https:\/\/fchs.unsa.edu.pe\/sociologia\/wp-json\/wp\/v2\/comments?post=1309"}],"version-history":[{"count":8,"href":"https:\/\/fchs.unsa.edu.pe\/sociologia\/wp-json\/wp\/v2\/pages\/1309\/revisions"}],"predecessor-version":[{"id":1893,"href":"https:\/\/fchs.unsa.edu.pe\/sociologia\/wp-json\/wp\/v2\/pages\/1309\/revisions\/1893"}],"wp:featuredmedia":[{"embeddable":true,"href":"https:\/\/fchs.unsa.edu.pe\/sociologia\/wp-json\/wp\/v2\/media\/1516"}],"wp:attachment":[{"href":"https:\/\/fchs.unsa.edu.pe\/sociologia\/wp-json\/wp\/v2\/media?parent=1309"}],"curies":[{"name":"wp","href":"https:\/\/api.w.org\/{rel}","templated":true}]}}