{"id":1674,"date":"2024-09-13T23:09:44","date_gmt":"2024-09-13T23:09:44","guid":{"rendered":"https:\/\/fchs.unsa.edu.pe\/sociologia\/?page_id=1674"},"modified":"2026-04-13T23:50:17","modified_gmt":"2026-04-13T23:50:17","slug":"estudiantes","status":"publish","type":"page","link":"https:\/\/fchs.unsa.edu.pe\/sociologia\/estudiantes\/","title":{"rendered":"Estudiantes"},"content":{"rendered":"<h3><strong>TUTOR\u00cdA<\/strong><\/h3>\n<p>Cualquier inconveniente o problema que tuvieran, comunicarse directamente con sus tutores.<\/p>\n<ul>\n<li>Se les recuerda que se cuenta con el sistema de tutor\u00eda virtual, al cual pueden acceder con sus correos electr\u00f3nicos institucionales:<strong> <a href=\"https:\/\/ouis.unsa.edu.pe\/sistutoria\">Sistutor\u00eda<\/a>.<\/strong><\/li>\n<li>Compartimos el <strong><a href=\"https:\/\/drive.google.com\/file\/d\/1aE0prkjY2ZbN63wydILy7tdHMux1Z_jn\/view?usp=sharing\" target=\"_blank\" rel=\"noopener\">Bolet\u00edn informativo de Tutor\u00eda<\/a> <\/strong>para estudiantes, elaborado por la Oficina de Apoyo Psicopedag\u00f3gico de nuestra universidad.<\/li>\n<\/ul>\n<p>&nbsp;<\/p>\n<p><strong>TUTORES SEMESTRE 2026-A<\/strong><\/p>\n<ol>\n<li>Primero A: Mg. Yakelin Vanessa Cereceda Quintanilla<\/li>\n<li>Primero B: Dr. Jose Luis Ramos Salinas<\/li>\n<li>Segundo A: Mg. Randy Midguar Carpio Rodriguez<\/li>\n<li>Segundo B: Dr. Mario Gustavo Berrios Espez\u00faa<\/li>\n<li>Tercero A: Mg. Teresa Edith Ya\u00f1ez Fernandez<\/li>\n<li>Tercero B: Dra. Alison Serruto Castillo<\/li>\n<li>Cuarto A: Mg. Marlene Yaneth Fern\u00e1ndez Collado<\/li>\n<li>Cuarto B: Dr. Alipio Montes Urday<\/li>\n<li>Quinto A: Mg. Selene Belen Torres Gonzales<\/li>\n<li>Quinto B: Dr. Augusto Roberto Apaza Vargas<\/li>\n<\/ol>\n<p>&nbsp;<\/p>\n<p><strong>TUTORES SEMESTRE 2025-B<\/strong><\/p>\n<ol>\n<li>Primero A: Mg. Yakelin Vanessa Cereceda Quintanilla<\/li>\n<li>Primero B: Mg. Manuel Marco Higueras Matos<\/li>\n<li>Segundo A: Mg. Teresa Edith Ya\u00f1ez Fernandez<\/li>\n<li>Segundo B: Mg. Yonathan Mario Gonzales Titto<\/li>\n<li>Tercero A: Dra. Alison Serruto Castillo<\/li>\n<li>Tercero B: Mg. Randy Midguar Carpio Rodriguez<\/li>\n<li>Cuarto A: Dr. Augusto Roberto Apaza Vargas<\/li>\n<li>Cuarto B: Mg. Marlene Yaneth Fern\u00e1ndez Collado<\/li>\n<li>Quinto A, B y C: Dr. Mario Gustavo Berrios Espez\u00faa<\/li>\n<\/ol>\n<p>&nbsp;<\/p>\n<p><strong>TUTORES SEMESTRE 2025-A<\/strong><\/p>\n<ol>\n<li>Primero A: Mg. Teresa Edith Ya\u00f1ez Fernandez<\/li>\n<li>Primero B: Dr. Jose Luis Ramos Salinas<\/li>\n<li>Segundo A: Mg. Randy Midguar Carpio Rodriguez<\/li>\n<li>Segundo B: Mg. Marlene Yaneth Fern\u00e1ndez Collado<\/li>\n<li>Tercero A: Dra. Alison Serruto Castillo<\/li>\n<li>Tercero B: Mg. Yakelin Vanessa Cereceda Quintanilla<\/li>\n<li>Cuarto A: Dr. Ysrael Toshio Ramos Benavente<\/li>\n<li>Cuarto B: Dr. Mario Gustavo Berrios Espez\u00faa<\/li>\n<li>Quinto A: Mg. Yonathan Mario Gonzales Titto<\/li>\n<li>Quinto B: Mg. Manuel Marco Higueras Matos<\/li>\n<\/ol>\n<p>&nbsp;<\/p>\n<p><strong>TUTORES SEMESTRE 2024-B<\/strong><\/p>\n<ol>\n<li>Primero A: Dr. Ariosto Constancio Carita Choquecahua<\/li>\n<li>Primero B: Dr. Mario Gustavo Berrios Espez\u00faa<\/li>\n<li>Segundo A: Mg. Teresa Edith Ya\u00f1ez Fernandez<\/li>\n<li>Segundo B: Dr. Jose Luis Ramos Salinas<\/li>\n<li>Tercero A: Mg. Randy Midguar Carpio Rodriguez<\/li>\n<li>Tercero B: Dra. Alison Serruto Castillo<\/li>\n<li>Cuarto A: Mg. Manuel Marco Higueras Matos<\/li>\n<li>Cuarto B: Dr. Augusto Roberto Apaza Vargas<\/li>\n<li>Quinto: Dr. Eliseo Zeballos Zeballos<\/li>\n<\/ol>\n<p>&nbsp;<\/p>\n<p><strong>TUTORES SEMESTRE 2024-A<\/strong><\/p>\n<ol>\n<li>Primero A: Dr. Jose Luis Ramos Salinas<\/li>\n<li>Primero B: Dr. Mario Gustavo Berrios Espez\u00faa<\/li>\n<li>Segundo A: Mg. Teresa Edith Ya\u00f1ez Fernandez<\/li>\n<li>Segundo B: Mg. Julio Jose Percy Fuentes Fuentes<\/li>\n<li>Tercero A: Mg. Yakelin Vanessa Cereceda Quintanilla<\/li>\n<li>Tercero B: Dra. Alison Serruto Castillo<\/li>\n<li>Cuarto A: Mg. Katherine del Rosario Lopez Vasquez<\/li>\n<li>Cuarto B: Dr. Ysrael Toshio Ramos Benavente<\/li>\n<li>Quinto A: Dr. Augusto Roberto Apaza Vargas<\/li>\n<li>Quinto B: Mg. Ana Rosario Miaury Vilca<\/li>\n<\/ol>\n<p>&nbsp;<\/p>\n<p><strong>TUTORES SEMESTRE 2023-B<\/strong><\/p>\n<ol>\n<li>Primero A: Mg. Emma Patricia Salas O&#8217;Brien<\/li>\n<li>Primero B: Mg. Yakelin Vanessa Cereceda Quintanilla<\/li>\n<li>Segundo A: Mg. Randy Midguar Carpio Rodriguez<\/li>\n<li>Segundo B: Mg. Teresa Edith Ya\u00f1ez Fernandez<\/li>\n<li>Tercero A: Mg. Katherine del Rosario Lopez Vasquez<\/li>\n<li>Tercero B: Dr. Ysrael Toshio Ramos Benavente<\/li>\n<li>Cuarto A: Dr. Augusto Roberto Apaza Vargas<\/li>\n<li>Cuarto B: Mg. Manuel Marco Higueras Matos<\/li>\n<li>Quinto: Dr. Jose Luis Ramos Salinas<\/li>\n<\/ol>\n","protected":false},"excerpt":{"rendered":"<p>TUTOR\u00cdA Cualquier inconveniente o problema que tuvieran, comunicarse directamente con sus tutores. Se les recuerda que se cuenta con el sistema de tutor\u00eda virtual, al cual pueden acceder con sus correos electr\u00f3nicos institucionales: Sistutor\u00eda. Compartimos el Bolet\u00edn informativo de Tutor\u00eda para estudiantes, elaborado por la Oficina de Apoyo Psicopedag\u00f3gico de nuestra universidad. &nbsp; TUTORES SEMESTRE [&hellip;]<\/p>\n","protected":false},"author":9,"featured_media":0,"parent":0,"menu_order":0,"comment_status":"closed","ping_status":"closed","template":"","meta":{"_acf_changed":false,"footnotes":""},"class_list":["post-1674","page","type-page","status-publish","hentry"],"acf":[],"_links":{"self":[{"href":"https:\/\/fchs.unsa.edu.pe\/sociologia\/wp-json\/wp\/v2\/pages\/1674","targetHints":{"allow":["GET"]}}],"collection":[{"href":"https:\/\/fchs.unsa.edu.pe\/sociologia\/wp-json\/wp\/v2\/pages"}],"about":[{"href":"https:\/\/fchs.unsa.edu.pe\/sociologia\/wp-json\/wp\/v2\/types\/page"}],"author":[{"embeddable":true,"href":"https:\/\/fchs.unsa.edu.pe\/sociologia\/wp-json\/wp\/v2\/users\/9"}],"replies":[{"embeddable":true,"href":"https:\/\/fchs.unsa.edu.pe\/sociologia\/wp-json\/wp\/v2\/comments?post=1674"}],"version-history":[{"count":4,"href":"https:\/\/fchs.unsa.edu.pe\/sociologia\/wp-json\/wp\/v2\/pages\/1674\/revisions"}],"predecessor-version":[{"id":1914,"href":"https:\/\/fchs.unsa.edu.pe\/sociologia\/wp-json\/wp\/v2\/pages\/1674\/revisions\/1914"}],"wp:attachment":[{"href":"https:\/\/fchs.unsa.edu.pe\/sociologia\/wp-json\/wp\/v2\/media?parent=1674"}],"curies":[{"name":"wp","href":"https:\/\/api.w.org\/{rel}","templated":true}]}}