{"id":1675,"date":"2024-09-13T23:09:44","date_gmt":"2024-09-13T23:09:44","guid":{"rendered":"https:\/\/fchs.unsa.edu.pe\/sociologia\/?page_id=1675"},"modified":"2026-04-13T23:57:58","modified_gmt":"2026-04-13T23:57:58","slug":"investigacion","status":"publish","type":"page","link":"https:\/\/fchs.unsa.edu.pe\/sociologia\/investigacion\/","title":{"rendered":"Investigaci\u00f3n"},"content":{"rendered":"<h3><strong>L\u00cdNEAS DE INVESTIGACI\u00d3N<\/strong><\/h3>\n<p>Las l\u00edneas de investigaci\u00f3n validadas y aprobadas son las siguientes:<\/p>\n<ol>\n<li>Estado, actores, conflictos sociales, ciudadan\u00eda y democracia.<\/li>\n<li>Poblaci\u00f3n y migraciones.<\/li>\n<li>Desigualdad social, estratificaci\u00f3n y pobreza.<\/li>\n<li>Calidad y condiciones de vida (educaci\u00f3n, salud, trabajo, empleo, etc.)<\/li>\n<li>Medio ambiente y desarrollo sostenible.<\/li>\n<li>G\u00e9nero, familia y vida cotidiana.<\/li>\n<li>Seguridad, violencia y derechos humanos.<\/li>\n<\/ol>\n<h3><strong>RECURSOS PARA LA INVESTIGACI\u00d3N<\/strong><\/h3>\n<p>Compartimos algunos recursos interesantes para la investigaci\u00f3n cient\u00edfica:<\/p>\n<ul class=\"wp-block-list\">\n<li><strong><a href=\"https:\/\/apps.unsa.edu.pe\/bibliotecas_unsa_2\/public\/login\">Sistema de Bibliotecas Virtuales de la Universidad Nacional de San Agust\u00edn<\/a><\/strong><\/li>\n<li><strong><a href=\"http:\/\/bibliotecavirtual.unsa.edu.pe:8081\/\">Bases de datos cient\u00edficas suscritas<\/a><\/strong><\/li>\n<li><strong><a href=\"https:\/\/revistas.unsa.edu.pe\/\">Revistas de la Universidad Nacional de San Agust\u00edn<\/a><\/strong><\/li>\n<\/ul>\n<h3><\/h3>\n<h3><strong>DOCENTES INVESTIGADORES<\/strong><\/h3>\n<h4><strong>DOCENTES INVESTIGADORES UNSA<\/strong><\/h4>\n<table class=\"table\">\n<tbody>\n<tr>\n<th>DOCENTE<\/th>\n<th style=\"text-align: left\">NIVEL<\/th>\n<th>CORREO ELECTR\u00d3NICO INSTITUCIONAL<\/th>\n<th>CTI VITAE<\/th>\n<\/tr>\n<tr>\n<td>1. Dr. Eliseo Zeballos Zeballos<\/td>\n<td style=\"text-align: left\">IV<\/td>\n<td><strong><a href=\"mailto:ezeballosz@unsa.edu.pe\">ezeballosz@unsa.edu.pe<\/a><\/strong><\/td>\n<td><strong><a href=\"https:\/\/ctivitae.concytec.gob.pe\/appDirectorioCTI\/VerDatosInvestigador.do?id_investigador=59810\" target=\"_blank\" rel=\"noopener\">Ver perfil<\/a><\/strong><\/td>\n<\/tr>\n<tr>\n<td>2. Dr. Mario Gustavo Berrios Espez\u00faa<\/td>\n<td style=\"text-align: left\">V<\/td>\n<td><strong><a href=\"mailto:mberriose@unsa.edu.pe\">mberriose@unsa.edu.pe<\/a><\/strong><\/td>\n<td style=\"text-align: left\"><strong><a href=\"https:\/\/ctivitae.concytec.gob.pe\/appDirectorioCTI\/VerDatosInvestigador.do?id_investigador=31395\" target=\"_blank\" rel=\"noopener\">Ver perfil<\/a><\/strong><\/td>\n<\/tr>\n<tr>\n<td>3. Dr. Ariosto Constancio Carita Choquecahua<\/td>\n<td style=\"text-align: left\">VII<\/td>\n<td><strong><a href=\"mailto:acarita@unsa.edu.pe\">acarita@unsa.edu.pe<\/a><\/strong><\/td>\n<td style=\"text-align: left\"><strong><a href=\"https:\/\/ctivitae.concytec.gob.pe\/appDirectorioCTI\/VerDatosInvestigador.do?id_investigador=28820\" target=\"_blank\" rel=\"noopener\">Ver perfil<\/a><\/strong><\/td>\n<\/tr>\n<tr>\n<td>4. Mg. Marlene Yaneth Fern\u00e1ndez Collado<\/td>\n<td style=\"text-align: left\">VII<\/td>\n<td><strong><a href=\"mailto:mfernandezco@unsa.edu.pe\" target=\"_blank\" rel=\"noopener\">mfernandezco@unsa.edu.pe<\/a><\/strong><\/td>\n<td style=\"text-align: left\"><strong><a href=\"https:\/\/dina.concytec.gob.pe\/appDirectorioCTI\/VerDatosInvestigador.do?id_investigador=50994\" target=\"_blank\" rel=\"noopener\">Ver perfil<\/a><\/strong><\/td>\n<\/tr>\n<\/tbody>\n<\/table>\n<h4><strong>DOCENTES INVESTIGADORES RENACYT<\/strong><\/h4>\n<table class=\"table\">\n<tbody>\n<tr>\n<th>DOCENTE<\/th>\n<th>NIVEL<\/th>\n<th>CORREO ELECTR\u00d3NICO INSTITUCIONAL<\/th>\n<th>CTI VITAE<\/th>\n<\/tr>\n<tr>\n<td>1. Dra. Ana Rosario Miaury Vilca<\/td>\n<td style=\"text-align: left\">VII<\/td>\n<td><strong><a href=\"mailto:amiaury@unsa.edu.pe\">amiaury@unsa.edu.pe<\/a><\/strong><\/td>\n<td style=\"text-align: left\"><strong><a href=\"https:\/\/ctivitae.concytec.gob.pe\/appDirectorioCTI\/VerDatosInvestigador.do?id_investigador=103056\" target=\"_blank\" rel=\"noopener\">Ver perfil<\/a><\/strong><\/td>\n<\/tr>\n<tr>\n<td>2. Mg. Manuel Marco Higueras Matos<\/td>\n<td style=\"text-align: left\">VII<\/td>\n<td><strong><a href=\"mailto:mhigueras@unsa.edu.pe\">mhigueras@unsa.edu.pe<\/a><\/strong><\/td>\n<td style=\"text-align: left\"><strong><a href=\"https:\/\/ctivitae.concytec.gob.pe\/appDirectorioCTI\/VerDatosInvestigador.do?id_investigador=54227\" target=\"_blank\" rel=\"noopener\">Ver perfil<\/a><\/strong><\/td>\n<\/tr>\n<tr>\n<td>3. Dra. Maria del Pilar Lourdes Guillen Nu\u00f1ez<\/td>\n<td style=\"text-align: left\">VII<\/td>\n<td><strong><a href=\"mailto:mguillenn@unsa.edu.pe\">mguillenn@unsa.edu.pe<\/a><\/strong><\/td>\n<td style=\"text-align: left\"><strong><a href=\"https:\/\/ctivitae.concytec.gob.pe\/appDirectorioCTI\/VerDatosInvestigador.do?id_investigador=63378\" target=\"_blank\" rel=\"noopener\">Ver perfil<\/a><\/strong><\/td>\n<\/tr>\n<tr>\n<td>4. Mg. Yonathan Mario Gonzales Titto<\/td>\n<td style=\"text-align: left\">VII<\/td>\n<td><strong><a href=\"mailto:ygonzalestt@unsa.edu.pe\">ygonzalestt@unsa.edu.pe<\/a><\/strong><\/td>\n<td style=\"text-align: left\"><a href=\"https:\/\/dina.concytec.gob.pe\/appDirectorioCTI\/VerDatosInvestigador.do?id_investigador=62086\" target=\"_blank\" rel=\"noopener\"><strong>Ver perfil<\/strong><\/a><\/td>\n<\/tr>\n<\/tbody>\n<\/table>\n<h3><strong>PROYECTOS DE INVESTIGACI\u00d3N<\/strong><\/h3>\n<p>La investigaci\u00f3n cient\u00edfica es una actividad esencial en nuestra escuela profesional. Tanto el personal docente como los estudiantes y egresados participan de manera activa en diversas iniciativas que promueven el desarrollo acad\u00e9mico y cient\u00edfico.<\/p>\n<p>Este esfuerzo es impulsado y respaldado por el Vicerrectorado de Investigaci\u00f3n de nuestra universidad, que juega un papel crucial en la promoci\u00f3n y apoyo de estas iniciativas. As\u00ed, buscamos establecernos como una comunidad acad\u00e9mica comprometida con el avance cient\u00edfico y la creaci\u00f3n de nuevos conocimientos en el \u00e1mbito de la sociolog\u00eda.<\/p>\n<p>Para obtener m\u00e1s informaci\u00f3n, se puede consultar los detalles sobre los proyectos de investigaci\u00f3n que han finalizado y aquellos que est\u00e1n en proceso:<\/p>\n<ul>\n<li><strong><a href=\"https:\/\/proyectos-vri.unsa.edu.pe\/informacion-investigacion\/index.php\/Proyectos_departamento\/index?departamento=DSO\" target=\"_blank\" rel=\"noopener\"><u>Departamento Acad\u00e9mico de Sociolog\u00eda Turismo y Hoteler\u00eda<\/u><\/a><\/strong><\/li>\n<\/ul>\n<p>Otro de los \u00e1mbitos de desarrollo de investigaci\u00f3n en nuestra escuela es la elaboraci\u00f3n de tesis conducentes a la obtenci\u00f3n del t\u00edtulo profesional. Dichas investigaciones marcan el inicio de la vida profesional de nuestros egresados y su aporte es fundamental para entender la realidad social.<\/p>\n<p>Para obtener acceso a las tesis, se puede consultar el repositorio institucional:<\/p>\n<ul>\n<li><strong><a href=\"https:\/\/repositorio.unsa.edu.pe\/collections\/42ecb967-e18e-4f4e-a3f4-74264e2e542a\" target=\"_blank\" rel=\"noopener\">Tesis de Sociolog\u00eda<\/a><\/strong><\/li>\n<\/ul>\n<h3><strong>CONVOCATORIAS <\/strong><\/h3>\n<h4><strong>2026-A<\/strong><\/h4>\n<ul>\n<li>Proyectos de Investigaci\u00f3n: <a href=\"https:\/\/vri.unsa.edu.pe\/proyectos-de-investigacion-2026-i\/\" target=\"_blank\" rel=\"noopener\"><strong><span style=\"color: #800000\">Ver Aqu\u00ed<\/span><\/strong><\/a>.<\/li>\n<li>Proyectos de tesis: <a href=\"https:\/\/vri.unsa.edu.pe\/proyectos-de-tesis-2026-i\/\" target=\"_blank\" rel=\"noopener\"><strong><span style=\"color: #800000\">Ver Aqu\u00ed<\/span><\/strong><\/a>.<\/li>\n<li>Publicaci\u00f3n de Libros y Textos Acad\u00e9micos:\u00a0 <a href=\"https:\/\/vri.unsa.edu.pe\/publicacion-de-libros-y-textos-academicos-2026-i\/\" target=\"_blank\" rel=\"noopener\"><strong><span style=\"color: #800000\">Ver Aqu\u00ed<\/span><\/strong><\/a>.<\/li>\n<li>Semilleros de Investigaci\u00f3n: <a href=\"https:\/\/vri.unsa.edu.pe\/semilleros-de-investigacion-2026-i\/\" target=\"_blank\" rel=\"noopener\"><strong><span style=\"color: #800000\">Ver Aqu\u00ed<\/span><\/strong><\/a>.<\/li>\n<li>Incentivo por publicaci\u00f3n con filiaci\u00f3n UNSA:\u00a0 <a href=\"https:\/\/vri.unsa.edu.pe\/incentivo-por-publicacion-con-filiacion-unsa-2026-i\/\" target=\"_blank\" rel=\"noopener\"><strong><span style=\"color: #800000\">Ver Aqu\u00ed<\/span><\/strong><\/a>.<\/li>\n<li>Proyectos de alto impacto y escalamiento:\u00a0<a href=\"https:\/\/vri.unsa.edu.pe\/proyecto-de-alto-impacto-y-escalamiento-2025\/\" target=\"_blank\" rel=\"noopener\"><strong><span style=\"color: #800000\">Ver Aqu\u00ed<\/span><\/strong><\/a>.<\/li>\n<\/ul>\n<h4><strong>2025-B<\/strong><\/h4>\n<ul>\n<li>Proyectos de Investigaci\u00f3n:\u00a0<a href=\"https:\/\/vri.unsa.edu.pe\/proyectos-de-investigacion-2025-ii\/\" target=\"_blank\" rel=\"noopener\"><strong>Ver Aqu\u00ed<\/strong><\/a>.<\/li>\n<li>Proyectos de tesis:\u00a0<a href=\"https:\/\/vri.unsa.edu.pe\/proyectos-de-tesis-2025-ii\/\" target=\"_blank\" rel=\"noopener\"><strong>Ver Aqu\u00ed<\/strong><\/a>.<\/li>\n<li>Publicaci\u00f3n de Libros y Textos Acad\u00e9micos:\u00a0\u00a0<a href=\"https:\/\/vri.unsa.edu.pe\/publicacion-de-libros-y-textos-academicos-2025-ii\/\" target=\"_blank\" rel=\"noopener\"><strong>Ver Aqu\u00ed<\/strong><\/a>.<\/li>\n<li>Semilleros de Investigaci\u00f3n:\u00a0<a href=\"https:\/\/vri.unsa.edu.pe\/semilleros-de-investigacion-2025-ii\/\" target=\"_blank\" rel=\"noopener\"><strong>Ver Aqu\u00ed<\/strong><\/a>.<\/li>\n<li>Incentivo por publicaci\u00f3n con filiaci\u00f3n UNSA:\u00a0\u00a0<a href=\"https:\/\/vri.unsa.edu.pe\/incentivo-por-publicacion-con-filiacion-unsa-2025-ii\/\" target=\"_blank\" rel=\"noopener\"><strong>Ver Aqu\u00ed<\/strong><\/a>.<\/li>\n<li>Proyectos de alto impacto y escalamiento:\u00a0<a href=\"https:\/\/vri.unsa.edu.pe\/proyecto-de-alto-impacto-y-escalamiento-2025\/\" target=\"_blank\" rel=\"noopener\"><strong>Ver Aqu\u00ed<\/strong><\/a>.<\/li>\n<\/ul>\n<p><strong>Cierre de convocatoria: 29 de agosto del 2025<\/strong><\/p>\n<h4><strong>2025-A<\/strong><\/h4>\n<ul>\n<li>Proyectos de Investigaci\u00f3n:\u00a0<a href=\"https:\/\/vri.unsa.edu.pe\/proyectos-de-investigacion-2025-i\/\" target=\"_blank\" rel=\"noopener\"><strong>Ver Aqu\u00ed<\/strong><\/a>.<\/li>\n<li>Proyectos de tesis:\u00a0<a href=\"https:\/\/vri.unsa.edu.pe\/proyectos-de-tesis-2025-i\/\" target=\"_blank\" rel=\"noopener\"><strong>Ver Aqu\u00ed<\/strong><\/a>.<\/li>\n<li>Publicaci\u00f3n de Libros y Textos Acad\u00e9micos:\u00a0<a href=\"https:\/\/vri.unsa.edu.pe\/publicacion-de-libros-y-textos-academicos-2025-i\/\" target=\"_blank\" rel=\"noopener\"><strong>Ver Aqu\u00ed<\/strong><\/a>.<\/li>\n<li>Semilleros de Investigaci\u00f3n:\u00a0<a href=\"https:\/\/vri.unsa.edu.pe\/semilleros-de-investigacion-2025-i\/\" target=\"_blank\" rel=\"noopener\"><strong>Ver Aqu\u00ed<\/strong><\/a>.<\/li>\n<li>Incentivo por publicaci\u00f3n con filiaci\u00f3n UNSA:\u00a0<a href=\"https:\/\/vri.unsa.edu.pe\/incentivo-por-publicacion-con-filiacion-unsa-2025-i\/\" target=\"_blank\" rel=\"noopener\"><strong>Ver Aqu\u00ed<\/strong><\/a>.<\/li>\n<\/ul>\n<p><strong>Cierre de convocatoria: 10 de abril del 2025<\/strong><\/p>\n<h3><strong>REPOSITORIO INSTITUCIONAL<\/strong><\/h3>\n<p>Bienvenidos al nuevo Repositorio Institucional digital de la UNSA, cuyo objetivo es facilitar y mejorar la visibilidad de la producci\u00f3n cient\u00edfica y acad\u00e9mica de la Universidad permitiendo el acceso abierto a sus contenidos y garantizando la preservaci\u00f3n y conservaci\u00f3n de dicha producci\u00f3n, adem\u00e1s de aumentar el impacto del legado Institucional. Para acceder al repositorio hacer click\u00a0<strong><a href=\"https:\/\/repositorio.unsa.edu.pe\/home\" target=\"_blank\" rel=\"noopener\">aqu\u00ed<\/a><\/strong>.<\/p>\n<h3><strong>REGLAMENTOS DE INVESTIGACI\u00d3N<\/strong><\/h3>\n<p>Compartimos reglamentos y normas relacionadas con investigaci\u00f3n cient\u00edfica emitida por las autoridades universitarias. Para acceder a los reglamentos hacer click <a href=\"https:\/\/fchs.unsa.edu.pe\/reglamentos\/\" target=\"_blank\" rel=\"noopener\"><strong>aqu\u00ed<\/strong>.<\/a><\/p>\n","protected":false},"excerpt":{"rendered":"<p>L\u00cdNEAS DE INVESTIGACI\u00d3N Las l\u00edneas de investigaci\u00f3n validadas y aprobadas son las siguientes: Estado, actores, conflictos sociales, ciudadan\u00eda y democracia. Poblaci\u00f3n y migraciones. Desigualdad social, estratificaci\u00f3n y pobreza. Calidad y condiciones de vida (educaci\u00f3n, salud, trabajo, empleo, etc.) Medio ambiente y desarrollo sostenible. G\u00e9nero, familia y vida cotidiana. Seguridad, violencia y derechos humanos. RECURSOS PARA [&hellip;]<\/p>\n","protected":false},"author":9,"featured_media":0,"parent":0,"menu_order":0,"comment_status":"closed","ping_status":"closed","template":"","meta":{"_acf_changed":false,"footnotes":""},"class_list":["post-1675","page","type-page","status-publish","hentry"],"acf":[],"_links":{"self":[{"href":"https:\/\/fchs.unsa.edu.pe\/sociologia\/wp-json\/wp\/v2\/pages\/1675","targetHints":{"allow":["GET"]}}],"collection":[{"href":"https:\/\/fchs.unsa.edu.pe\/sociologia\/wp-json\/wp\/v2\/pages"}],"about":[{"href":"https:\/\/fchs.unsa.edu.pe\/sociologia\/wp-json\/wp\/v2\/types\/page"}],"author":[{"embeddable":true,"href":"https:\/\/fchs.unsa.edu.pe\/sociologia\/wp-json\/wp\/v2\/users\/9"}],"replies":[{"embeddable":true,"href":"https:\/\/fchs.unsa.edu.pe\/sociologia\/wp-json\/wp\/v2\/comments?post=1675"}],"version-history":[{"count":24,"href":"https:\/\/fchs.unsa.edu.pe\/sociologia\/wp-json\/wp\/v2\/pages\/1675\/revisions"}],"predecessor-version":[{"id":1919,"href":"https:\/\/fchs.unsa.edu.pe\/sociologia\/wp-json\/wp\/v2\/pages\/1675\/revisions\/1919"}],"wp:attachment":[{"href":"https:\/\/fchs.unsa.edu.pe\/sociologia\/wp-json\/wp\/v2\/media?parent=1675"}],"curies":[{"name":"wp","href":"https:\/\/api.w.org\/{rel}","templated":true}]}}