{"id":1808,"date":"2025-04-14T23:51:12","date_gmt":"2025-04-14T23:51:12","guid":{"rendered":"https:\/\/fchs.unsa.edu.pe\/sociologia\/?page_id=1808"},"modified":"2025-07-15T16:26:11","modified_gmt":"2025-07-15T16:26:11","slug":"proyectos-de-investigacion","status":"publish","type":"page","link":"https:\/\/fchs.unsa.edu.pe\/sociologia\/proyectos-de-investigacion\/","title":{"rendered":"Proyectos de investigaci\u00f3n"},"content":{"rendered":"<p>La investigaci\u00f3n cient\u00edfica es una actividad esencial en nuestra escuela profesional. Tanto el personal docente como los estudiantes y egresados participan de manera activa en diversas iniciativas que promueven el desarrollo acad\u00e9mico y cient\u00edfico.<\/p>\n<p>Este esfuerzo es impulsado y respaldado por el Vicerrectorado de Investigaci\u00f3n de nuestra universidad, que juega un papel crucial en la promoci\u00f3n y apoyo de estas iniciativas. As\u00ed, buscamos establecernos como una comunidad acad\u00e9mica comprometida con el avance cient\u00edfico y la creaci\u00f3n de nuevos conocimientos en el \u00e1mbito de la sociolog\u00eda.<\/p>\n<p>Para obtener m\u00e1s informaci\u00f3n, se puede consultar los detalles sobre los proyectos de investigaci\u00f3n que han finalizado y aquellos que est\u00e1n en proceso:<\/p>\n<ul>\n<li style=\"list-style-type: none\">\n<ul>\n<li><a href=\"https:\/\/proyectos-vri.unsa.edu.pe\/informacion-investigacion\/index.php\/Proyectos_departamento\/index?departamento=DSO\" target=\"_blank\" rel=\"noopener\"><u>Departamento Acad\u00e9mico de Sociolog\u00eda Turismo y Hoteler\u00eda<\/u><\/a><\/li>\n<\/ul>\n<\/li>\n<\/ul>\n<p>Otro de los \u00e1mbitos de desarrollo de investigaci\u00f3n en nuestra escuela es la elaboraci\u00f3n de tesis conducentes a la obtenci\u00f3n del t\u00edtulo profesional. Dichas investigaciones marcan el inicio de la vida profesional de nuestros egresados y su aporte es fundamental para entender la realidad social.<\/p>\n<p>Para obtener acceso a las tesis, se puede consultar el repositorio institucional:<\/p>\n<ul>\n<li style=\"list-style-type: none\">\n<ul>\n<li><a href=\"https:\/\/repositorio.unsa.edu.pe\/collections\/42ecb967-e18e-4f4e-a3f4-74264e2e542a\" target=\"_blank\" rel=\"noopener\">Tesis de Sociolog\u00eda<\/a><\/li>\n<\/ul>\n<\/li>\n<\/ul>\n","protected":false},"excerpt":{"rendered":"<p>La investigaci\u00f3n cient\u00edfica es una actividad esencial en nuestra escuela profesional. Tanto el personal docente como los estudiantes y egresados participan de manera activa en diversas iniciativas que promueven el desarrollo acad\u00e9mico y cient\u00edfico. Este esfuerzo es impulsado y respaldado por el Vicerrectorado de Investigaci\u00f3n de nuestra universidad, que juega un papel crucial en la [&hellip;]<\/p>\n","protected":false},"author":9,"featured_media":0,"parent":0,"menu_order":0,"comment_status":"closed","ping_status":"closed","template":"","meta":{"_acf_changed":false,"footnotes":""},"class_list":["post-1808","page","type-page","status-publish","hentry"],"acf":[],"_links":{"self":[{"href":"https:\/\/fchs.unsa.edu.pe\/sociologia\/wp-json\/wp\/v2\/pages\/1808","targetHints":{"allow":["GET"]}}],"collection":[{"href":"https:\/\/fchs.unsa.edu.pe\/sociologia\/wp-json\/wp\/v2\/pages"}],"about":[{"href":"https:\/\/fchs.unsa.edu.pe\/sociologia\/wp-json\/wp\/v2\/types\/page"}],"author":[{"embeddable":true,"href":"https:\/\/fchs.unsa.edu.pe\/sociologia\/wp-json\/wp\/v2\/users\/9"}],"replies":[{"embeddable":true,"href":"https:\/\/fchs.unsa.edu.pe\/sociologia\/wp-json\/wp\/v2\/comments?post=1808"}],"version-history":[{"count":4,"href":"https:\/\/fchs.unsa.edu.pe\/sociologia\/wp-json\/wp\/v2\/pages\/1808\/revisions"}],"predecessor-version":[{"id":1827,"href":"https:\/\/fchs.unsa.edu.pe\/sociologia\/wp-json\/wp\/v2\/pages\/1808\/revisions\/1827"}],"wp:attachment":[{"href":"https:\/\/fchs.unsa.edu.pe\/sociologia\/wp-json\/wp\/v2\/media?parent=1808"}],"curies":[{"name":"wp","href":"https:\/\/api.w.org\/{rel}","templated":true}]}}