{"id":1905,"date":"2026-01-03T18:58:16","date_gmt":"2026-01-03T18:58:16","guid":{"rendered":"https:\/\/fchs.unsa.edu.pe\/sociologia\/?page_id=1905"},"modified":"2026-01-03T18:58:16","modified_gmt":"2026-01-03T18:58:16","slug":"redes-sociales","status":"publish","type":"page","link":"https:\/\/fchs.unsa.edu.pe\/sociologia\/redes-sociales\/","title":{"rendered":"Redes Sociales"},"content":{"rendered":"<p>S\u00edguinos en nuestras redesa sociales oficiales:<\/p>\n<ul>\n<li>Facebook: <a href=\"https:\/\/www.facebook.com\/sociologia.unsa.5\" target=\"_blank\" rel=\"noopener\"><strong>Escuela Profesional de Sociolog\u00eda &#8211; Unsa<\/strong><\/a><\/li>\n<li>Instagram: <strong><a href=\"https:\/\/www.instagram.com\/sociologia_unsa_oficial\/\" target=\"_blank\" rel=\"noopener\">Escuela Profesional de Sociolog\u00eda &#8211; Unsa<\/a><\/strong><\/li>\n<\/ul>\n","protected":false},"excerpt":{"rendered":"<p>S\u00edguinos en nuestras redesa sociales oficiales: Facebook: Escuela Profesional de Sociolog\u00eda &#8211; Unsa Instagram: Escuela Profesional de Sociolog\u00eda &#8211; Unsa<\/p>\n","protected":false},"author":14,"featured_media":0,"parent":0,"menu_order":0,"comment_status":"closed","ping_status":"closed","template":"","meta":{"_acf_changed":false,"footnotes":""},"class_list":["post-1905","page","type-page","status-publish","hentry"],"acf":[],"_links":{"self":[{"href":"https:\/\/fchs.unsa.edu.pe\/sociologia\/wp-json\/wp\/v2\/pages\/1905","targetHints":{"allow":["GET"]}}],"collection":[{"href":"https:\/\/fchs.unsa.edu.pe\/sociologia\/wp-json\/wp\/v2\/pages"}],"about":[{"href":"https:\/\/fchs.unsa.edu.pe\/sociologia\/wp-json\/wp\/v2\/types\/page"}],"author":[{"embeddable":true,"href":"https:\/\/fchs.unsa.edu.pe\/sociologia\/wp-json\/wp\/v2\/users\/14"}],"replies":[{"embeddable":true,"href":"https:\/\/fchs.unsa.edu.pe\/sociologia\/wp-json\/wp\/v2\/comments?post=1905"}],"version-history":[{"count":1,"href":"https:\/\/fchs.unsa.edu.pe\/sociologia\/wp-json\/wp\/v2\/pages\/1905\/revisions"}],"predecessor-version":[{"id":1906,"href":"https:\/\/fchs.unsa.edu.pe\/sociologia\/wp-json\/wp\/v2\/pages\/1905\/revisions\/1906"}],"wp:attachment":[{"href":"https:\/\/fchs.unsa.edu.pe\/sociologia\/wp-json\/wp\/v2\/media?parent=1905"}],"curies":[{"name":"wp","href":"https:\/\/api.w.org\/{rel}","templated":true}]}}