{"id":1116,"date":"2017-07-13T18:48:38","date_gmt":"2017-07-13T18:48:38","guid":{"rendered":"http:\/\/www2.unsa.edu.pe\/escuelas\/trasocial\/?page_id=1116"},"modified":"2025-11-06T19:57:33","modified_gmt":"2025-11-07T00:57:33","slug":"personal-docente","status":"publish","type":"page","link":"https:\/\/fchs.unsa.edu.pe\/trabajosocial\/personal-docente\/","title":{"rendered":"Personal Docente"},"content":{"rendered":"<h3 style=\"text-align: center\"><strong>PERSONAL DOCENTE \u2013 ESCUELA DE PROFESIONAL DE TRABAJO SOCIAL<\/strong><\/h3>\n<table class=\" aligncenter\" style=\"height: 827px\" width=\"686\">\n<tbody>\n<tr style=\"background-color: #800000;color: white;text-align: center\">\n<td>\n<h3><span style=\"color: #ffffff\"><strong>N\u00b0<\/strong><\/span><\/h3>\n<\/td>\n<td style=\"font-weight: bold;font-family: 'Arial',sans-serif;font-size: 11.0pt;text-align: center\">\n<h3 style=\"text-align: right\"><span style=\"color: #ffffff\"><strong>\u00a0 \u00a0 \u00a0 \u00a0 \u00a0 \u00a0 \u00a0 \u00a0 \u00a0 \u00a0 \u00a0NOMBRE Y APELLIDOS\u00a0 \u00a0 \u00a0 \u00a0 \u00a0 \u00a0 \u00a0 \u00a0 \u00a0 \u00a0 \u00a0 \u00a0 \u00a0 \u00a0<\/strong><\/span><\/h3>\n<\/td>\n<td style=\"font-weight: bold;font-family: 'Arial',sans-serif;font-size: 11.0pt;text-align: center\">\n<h3><strong><span style=\"color: #ffffff\">\u00a0 \u00a0 \u00a0 \u00a0CORREO INSTITUCIONAL\u00a0 \u00a0 \u00a0 \u00a0\u00a0<\/span><\/strong><\/h3>\n<\/td>\n<td style=\"font-family: 'Arial',sans-serif;font-size: 10.0pt\"><\/td>\n<td style=\"font-family: 'Arial',sans-serif;font-size: 10.0pt\"><\/td>\n<\/tr>\n<tr style=\"background-color: #800000;color: white;text-align: center\">\n<td style=\"font-weight: bold;font-family: 'Arial',sans-serif;font-size: 11.0pt;text-align: center\"><\/td>\n<td style=\"font-family: Arial, sans-serif;font-size: 10pt;text-align: center\"><strong>DOCENTES NOMBRADOS<\/strong><\/td>\n<td style=\"font-family: 'Arial',sans-serif;font-size: 10.0pt\"><\/td>\n<td style=\"font-family: 'Arial',sans-serif;font-size: 10.0pt\"><\/td>\n<td style=\"font-family: 'Arial',sans-serif;font-size: 10.0pt\"><\/td>\n<\/tr>\n<tr>\n<td style=\"font-family: Arial, sans-serif;font-size: 10pt;text-align: center\">1<\/td>\n<td style=\"font-family: Arial, sans-serif;font-size: 10pt;text-align: left\">Dra. Eva Diaz Gamero De Salas<\/td>\n<td style=\"font-family: Arial, sans-serif;font-size: 10pt;text-align: left\">ddiazg@unsa.edu.pe<\/td>\n<td style=\"font-family: Arial, sans-serif;font-size: 10pt;text-align: center\"><\/td>\n<td style=\"font-family: Arial, sans-serif;font-size: 10pt;text-align: center\"><\/td>\n<\/tr>\n<tr>\n<td style=\"text-align: center\">2<\/td>\n<td style=\"text-align: left\"><a href=\"https:\/\/ctivitae.concytec.gob.pe\/appDirectorioCTI\/VerDatosInvestigador.do?id_investigador=63332\">Dra. Nilda Maria Carbajal Gonza<\/a><\/td>\n<td style=\"text-align: left\">ncarbajalg@unsa.edu.pe<\/td>\n<td style=\"font-family: 'Arial',sans-serif;font-size: 10.0pt\"><\/td>\n<td style=\"font-family: 'Arial',sans-serif;font-size: 10.0pt\"><\/td>\n<\/tr>\n<tr>\n<td style=\"text-align: center\">3<\/td>\n<td><a href=\"https:\/\/ctivitae.concytec.gob.pe\/appDirectorioCTI\/VerDatosInvestigador.do?id_investigador=56168\">Dra. Roxana Yolanda Castillo Acobo<\/a><\/td>\n<td style=\"text-align: left\">rcastilloa@unsa.edu.pe<\/td>\n<td style=\"font-family: 'Arial',sans-serif;font-size: 10.0pt\"><\/td>\n<td style=\"font-family: 'Arial',sans-serif;font-size: 10.0pt\"><\/td>\n<\/tr>\n<tr>\n<td style=\"text-align: center\">4<\/td>\n<td><a href=\"https:\/\/ctivitae.concytec.gob.pe\/appDirectorioCTI\/VerDatosInvestigador.do?id_investigador=103147\">Dra. Juana Lilia Calder\u00f3n N\u00fa\u00f1ez<\/a><\/td>\n<td style=\"text-align: left\">lcalderonn@unsa.edu.pe<\/td>\n<td style=\"font-family: 'Arial',sans-serif;font-size: 10.0pt\"><\/td>\n<td style=\"font-family: 'Arial',sans-serif;font-size: 10.0pt\"><\/td>\n<\/tr>\n<tr>\n<td style=\"text-align: center\">5<\/td>\n<td><a href=\"https:\/\/ctivitae.concytec.gob.pe\/appDirectorioCTI\/VerDatosInvestigador.do?id_investigador=64929\">Dra. Luz Marina Gamarra Del Castillo<\/a><\/td>\n<td style=\"text-align: left\">cgamarrad@unsa.edu.pe<\/td>\n<td style=\"font-family: 'Arial',sans-serif;font-size: 10.0pt\"><\/td>\n<td style=\"font-family: 'Arial',sans-serif;font-size: 10.0pt\"><\/td>\n<\/tr>\n<tr>\n<td style=\"text-align: center\">6<\/td>\n<td><a href=\"https:\/\/ctivitae.concytec.gob.pe\/appDirectorioCTI\/VerDatosInvestigador.do?id_investigador=62203\">Dra. Merly Clariza Lazo Manrique<\/a><\/td>\n<td style=\"text-align: left\">mlazom@unsa.edu.pe<\/td>\n<td style=\"font-family: 'Arial',sans-serif;font-size: 10.0pt\"><\/td>\n<td style=\"font-family: 'Arial',sans-serif;font-size: 10.0pt\"><\/td>\n<\/tr>\n<tr>\n<td style=\"text-align: center\">7<\/td>\n<td style=\"text-align: left\"><a href=\"https:\/\/ctivitae.concytec.gob.pe\/appDirectorioCTI\/VerDatosInvestigador.do?id_investigador=59961\">Dr. Jos\u00e9 Manuel Calizaya Lopez<\/a><\/td>\n<td style=\"text-align: left\">jcalizaya@unsa.edu.pe<\/td>\n<td style=\"font-family: 'Arial',sans-serif;font-size: 10.0pt\"><\/td>\n<td style=\"font-family: 'Arial',sans-serif;font-size: 10.0pt\"><\/td>\n<\/tr>\n<tr>\n<td style=\"text-align: center\">8<\/td>\n<td style=\"text-align: left\"><a href=\"https:\/\/ctivitae.concytec.gob.pe\/appDirectorioCTI\/VerDatosInvestigador.do?id_investigador=30589\">Dra. Joly Zegarra C\u00e1ceres<\/a><\/td>\n<td style=\"text-align: left\">jzegarracac@unsa.edu.pe<\/td>\n<td style=\"font-family: 'Arial',sans-serif;font-size: 10.0pt\"><\/td>\n<td style=\"font-family: 'Arial',sans-serif;font-size: 10.0pt\"><\/td>\n<\/tr>\n<tr>\n<td style=\"text-align: center\">9<\/td>\n<td><a href=\"https:\/\/ctivitae.concytec.gob.pe\/appDirectorioCTI\/VerDatosInvestigador.do?id_investigador=103274\">Mg. Otilia Erlinda Rodriguez Alarc\u00f3n<\/a><\/td>\n<td style=\"text-align: left\">orodrigueza@unsa.edu.pe<\/td>\n<td style=\"font-family: 'Arial',sans-serif;font-size: 10.0pt\"><\/td>\n<td style=\"font-family: 'Arial',sans-serif;font-size: 10.0pt\"><\/td>\n<\/tr>\n<tr>\n<td style=\"text-align: center\">10<\/td>\n<td style=\"text-align: left\"><a href=\"https:\/\/ctivitae.concytec.gob.pe\/appDirectorioCTI\/VerDatosInvestigador.do?id_investigador=63413\">Dra. Jeannette Rosa Bengoa Lazarte<\/a><\/td>\n<td style=\"text-align: left\">jbengoal@unsa.edu.pe<\/td>\n<td style=\"font-family: 'Arial',sans-serif;font-size: 10.0pt\"><\/td>\n<td style=\"font-family: 'Arial',sans-serif;font-size: 10.0pt\"><\/td>\n<\/tr>\n<tr>\n<td style=\"text-align: center\">11<\/td>\n<td><a href=\"https:\/\/ctivitae.concytec.gob.pe\/appDirectorioCTI\/VerDatosInvestigador.do?id_investigador=61165\">Dra. Smilzinia Huerta Tapia<\/a><\/td>\n<td style=\"text-align: left\">shuerta@unsa.edu.pe<\/td>\n<td style=\"font-family: 'Arial',sans-serif;font-size: 10.0pt\"><\/td>\n<td style=\"font-family: 'Arial',sans-serif;font-size: 10.0pt\"><\/td>\n<\/tr>\n<tr>\n<td style=\"text-align: center\">12<\/td>\n<td><a href=\"https:\/\/ctivitae.concytec.gob.pe\/appDirectorioCTI\/VerDatosInvestigador.do?id_investigador=61976\">Dra. Barbara Eliana Coaguila Mitta<\/a><\/td>\n<td style=\"font-family: Arial, sans-serif;font-size: 11pt;text-align: left\">bcoaguilam@unsa.edu.pe<\/td>\n<td style=\"font-family: 'Arial',sans-serif;font-size: 10.0pt\"><\/td>\n<td style=\"font-family: 'Arial',sans-serif;font-size: 10.0pt\"><\/td>\n<\/tr>\n<tr>\n<td style=\"text-align: center\">13<\/td>\n<td><a href=\"https:\/\/ctivitae.concytec.gob.pe\/appDirectorioCTI\/VerDatosInvestigador.do?id_investigador=61780\">Dra. Yaneth Alem\u00e1n Vilca<\/a><\/td>\n<td style=\"text-align: left\">yaleman@unsa.edu.pe<\/td>\n<td style=\"font-family: 'Arial',sans-serif;font-size: 10.0pt\"><\/td>\n<td style=\"font-family: 'Arial',sans-serif;font-size: 10.0pt\"><\/td>\n<\/tr>\n<tr>\n<td style=\"text-align: center\">14<\/td>\n<td><a href=\"https:\/\/ctivitae.concytec.gob.pe\/appDirectorioCTI\/VerDatosInvestigador.do?id_investigador=103036\">Mg. Hilda Lizbeth Pinto Pomareda<\/a><\/td>\n<td>hpintop@unsa.edu.pe<\/td>\n<td style=\"font-family: Arial, sans-serif;font-size: 10pt\"><\/td>\n<td style=\"font-family: Arial, sans-serif;font-size: 10pt\"><\/td>\n<\/tr>\n<tr>\n<td style=\"text-align: center\">15<\/td>\n<td><a href=\"https:\/\/ctivitae.concytec.gob.pe\/appDirectorioCTI\/VerDatosInvestigador.do?id_investigador=63180\">Dra. Liliana Rosario \u00c1lvarez Salinas<\/a><\/td>\n<td style=\"text-align: left\">lalvarezsal@unsa.edu.pe<\/td>\n<td style=\"font-family: 'Arial',sans-serif;font-size: 10.0pt\"><\/td>\n<td style=\"font-family: 'Arial',sans-serif;font-size: 10.0pt\"><\/td>\n<\/tr>\n<tr>\n<td style=\"text-align: center\">16<\/td>\n<td><a href=\"https:\/\/ctivitae.concytec.gob.pe\/appDirectorioCTI\/VerDatosInvestigador.do?id_investigador=60804\">Dra. Gloria Isabel Monz\u00f3n Alvarez<\/a><\/td>\n<td style=\"text-align: left\">gmonzon@unsa.edu.pe<\/td>\n<td style=\"font-family: 'Arial',sans-serif;font-size: 10.0pt\"><\/td>\n<td style=\"font-family: 'Arial',sans-serif;font-size: 10.0pt\"><\/td>\n<\/tr>\n<tr>\n<td style=\"text-align: center\">17<\/td>\n<td><a href=\"https:\/\/ctivitae.concytec.gob.pe\/appDirectorioCTI\/VerDatosInvestigador.do?id_investigador=140068\">Mg. Ada Erlinda Huamantuna Sullo<\/a><\/td>\n<td style=\"text-align: left\">ahuamantuna@unsa.edu.pe<\/td>\n<td style=\"font-family: 'Arial',sans-serif;font-size: 10.0pt\"><\/td>\n<td style=\"font-family: 'Arial',sans-serif;font-size: 10.0pt\"><\/td>\n<\/tr>\n<tr>\n<td style=\"text-align: center\">18<\/td>\n<td><a href=\"https:\/\/ctivitae.concytec.gob.pe\/appDirectorioCTI\/VerDatosInvestigador.do?id_investigador=57590\">Mg. Gianny Carol Ortega Paredes<\/a><\/td>\n<td style=\"text-align: left\">gortegap@unsa.edu.pe<\/td>\n<td style=\"font-family: 'Arial',sans-serif;font-size: 10.0pt\"><\/td>\n<td style=\"font-family: 'Arial',sans-serif;font-size: 10.0pt\"><\/td>\n<\/tr>\n<tr>\n<td style=\"text-align: center\">19<\/td>\n<td style=\"text-align: left\"><a href=\"https:\/\/ctivitae.concytec.gob.pe\/appDirectorioCTI\/VerDatosInvestigador.do?id_investigador=215809\">Mg. Marleny Dora Chavez Rojas<\/a><\/td>\n<td style=\"text-align: left\">mchavezroja@unsa.edu.pe<\/td>\n<td style=\"font-family: 'Arial',sans-serif;font-size: 10.0pt\"><\/td>\n<td style=\"font-family: 'Arial',sans-serif;font-size: 10.0pt\"><\/td>\n<\/tr>\n<tr>\n<td style=\"text-align: center\">20<\/td>\n<td><a href=\"https:\/\/ctivitae.concytec.gob.pe\/appDirectorioCTI\/VerDatosInvestigador.do?id_investigador=205283\">Mg. Wendy Sandy Gil Mej\u00eda<\/a><\/td>\n<td style=\"text-align: left\">wgil@unsa.edu.pe<\/td>\n<td style=\"font-family: 'Arial',sans-serif;font-size: 10.0pt\"><\/td>\n<td style=\"font-family: 'Arial',sans-serif;font-size: 10.0pt\"><\/td>\n<\/tr>\n<tr>\n<td>21<\/td>\n<td><a href=\"https:\/\/ctivitae.concytec.gob.pe\/appDirectorioCTI\/VerDatosInvestigador.do?id_investigador=215724\">Mg. Paola Jessica Alarc\u00f3n Saravia<\/a><\/td>\n<td>palarcons@unsa.edu.pe<\/td>\n<td style=\"font-family: Arial, sans-serif;font-size: 10pt\"><\/td>\n<td style=\"font-family: 'Arial',sans-serif;font-size: 10.0pt\"><\/td>\n<\/tr>\n<tr style=\"background-color: #800000;color: white;text-align: center\">\n<td style=\"font-weight: bold;font-family: Arial, sans-serif;font-size: 11pt;text-align: center\" colspan=\"5\">DOCENTE INVITADO<\/td>\n<\/tr>\n<tr>\n<td style=\"text-align: center\">22<\/td>\n<td><a href=\"https:\/\/ctivitae.concytec.gob.pe\/appDirectorioCTI\/VerDatosInvestigador.do?id_investigador=337246\">Mg. Dora Graciela Carnero Buiza<\/a><\/td>\n<td style=\"text-align: left\">dcarnerobu@unsa.edu.pe<\/td>\n<td style=\"font-family: 'Arial',sans-serif;font-size: 10.0pt\"><\/td>\n<td style=\"font-family: 'Arial',sans-serif;font-size: 10.0pt\"><\/td>\n<\/tr>\n<tr style=\"background-color: #800000;color: white;text-align: center\">\n<td style=\"font-weight: bold;font-family: Arial, sans-serif;font-size: 11pt;text-align: center\" colspan=\"5\">JEFES DE PR\u00c1CTICAS<\/td>\n<\/tr>\n<tr>\n<td style=\"font-family: Arial, sans-serif;font-size: 11pt;text-align: center\">23<\/td>\n<td style=\"font-family: 'Arial',sans-serif;font-size: 11.0pt\">Mg. Mitjal Schkimit Mery Chacana<\/td>\n<td style=\"font-family: Arial, sans-serif;font-size: 11pt;text-align: left\">mmery@unsa.edu.pe<\/td>\n<td style=\"font-family: 'Arial',sans-serif;font-size: 10.0pt\"><\/td>\n<td style=\"font-family: 'Arial',sans-serif;font-size: 10.0pt\"><\/td>\n<\/tr>\n<tr>\n<td style=\"font-family: Arial, sans-serif;font-size: 11pt;text-align: center\">24<\/td>\n<td style=\"font-family: 'Arial',sans-serif;font-size: 11.0pt\">Mg. Danilo Jhonath Llerena Puma<\/td>\n<td style=\"font-family: Arial, sans-serif;font-size: 11pt;text-align: left\">dllenapu@unsa.edu.pe<\/td>\n<td style=\"font-family: 'Arial',sans-serif;font-size: 10.0pt\"><\/td>\n<td style=\"font-family: 'Arial',sans-serif;font-size: 10.0pt\"><\/td>\n<\/tr>\n<\/tbody>\n<\/table>\n<p>&nbsp;<\/p>\n","protected":false},"excerpt":{"rendered":"<p>PERSONAL DOCENTE \u2013 ESCUELA DE PROFESIONAL DE TRABAJO SOCIAL N\u00b0 \u00a0 \u00a0 \u00a0 \u00a0 \u00a0 \u00a0 \u00a0 \u00a0 \u00a0 \u00a0 \u00a0NOMBRE Y APELLIDOS\u00a0 \u00a0 \u00a0 \u00a0 \u00a0 \u00a0 \u00a0 \u00a0 \u00a0 \u00a0 \u00a0 \u00a0 \u00a0 \u00a0 \u00a0 \u00a0 \u00a0 \u00a0CORREO INSTITUCIONAL\u00a0 \u00a0 \u00a0 \u00a0\u00a0 DOCENTES NOMBRADOS 1 Dra. Eva Diaz Gamero De Salas ddiazg@unsa.edu.pe 2 [&hellip;]<\/p>\n","protected":false},"author":1,"featured_media":1672,"parent":0,"menu_order":0,"comment_status":"closed","ping_status":"closed","template":"","meta":{"_acf_changed":false,"footnotes":""},"class_list":["post-1116","page","type-page","status-publish","has-post-thumbnail","hentry"],"acf":[],"_links":{"self":[{"href":"https:\/\/fchs.unsa.edu.pe\/trabajosocial\/wp-json\/wp\/v2\/pages\/1116","targetHints":{"allow":["GET"]}}],"collection":[{"href":"https:\/\/fchs.unsa.edu.pe\/trabajosocial\/wp-json\/wp\/v2\/pages"}],"about":[{"href":"https:\/\/fchs.unsa.edu.pe\/trabajosocial\/wp-json\/wp\/v2\/types\/page"}],"author":[{"embeddable":true,"href":"https:\/\/fchs.unsa.edu.pe\/trabajosocial\/wp-json\/wp\/v2\/users\/1"}],"replies":[{"embeddable":true,"href":"https:\/\/fchs.unsa.edu.pe\/trabajosocial\/wp-json\/wp\/v2\/comments?post=1116"}],"version-history":[{"count":128,"href":"https:\/\/fchs.unsa.edu.pe\/trabajosocial\/wp-json\/wp\/v2\/pages\/1116\/revisions"}],"predecessor-version":[{"id":2544,"href":"https:\/\/fchs.unsa.edu.pe\/trabajosocial\/wp-json\/wp\/v2\/pages\/1116\/revisions\/2544"}],"wp:featuredmedia":[{"embeddable":true,"href":"https:\/\/fchs.unsa.edu.pe\/trabajosocial\/wp-json\/wp\/v2\/media\/1672"}],"wp:attachment":[{"href":"https:\/\/fchs.unsa.edu.pe\/trabajosocial\/wp-json\/wp\/v2\/media?parent=1116"}],"curies":[{"name":"wp","href":"https:\/\/api.w.org\/{rel}","templated":true}]}}