{"id":1124,"date":"2017-07-13T18:52:31","date_gmt":"2017-07-13T18:52:31","guid":{"rendered":"http:\/\/www2.unsa.edu.pe\/escuelas\/trasocial\/?page_id=1124"},"modified":"2026-04-13T10:29:18","modified_gmt":"2026-04-13T15:29:18","slug":"vision-y-mision","status":"publish","type":"page","link":"https:\/\/fchs.unsa.edu.pe\/trabajosocial\/vision-y-mision\/","title":{"rendered":"Visi\u00f3n y Misi\u00f3n"},"content":{"rendered":"<h4><a href=\"https:\/\/fchs.unsa.edu.pe\/trabajosocial\/wp-content\/uploads\/sites\/4\/2026\/04\/RESOLUCION-DECANAL-N\u00b0-068-2026-FCHS-UNSA-MISIONY-VISION.pdf\">RESOLUCI\u00d3N DECANAL N\u00b0 068-2026-FCHS-UNSA MISI\u00d3NY VISI\u00d3N<\/a><\/h4>\n<h2><strong>Visi\u00f3n de la Escuela Profesional de Trabajo Social<\/strong><\/h2>\n<p style=\"text-align: center\"><img loading=\"lazy\" decoding=\"async\" class=\"wp-image-1751 size-medium alignnone\" src=\"https:\/\/fchs.unsa.edu.pe\/trabajosocial\/wp-content\/uploads\/sites\/4\/2020\/06\/mision_y_vision1-360x203.jpg\" alt=\"\" width=\"360\" height=\"203\" \/><\/p>\n<p><b>Ser una Escuela referente en la formaci\u00f3n de trabajadores sociales, orientados a la innovaci\u00f3n social, comprometidos en promover la justicia, la inclusi\u00f3n, la equidad para un desarrollo social sostenible y humano.<\/b><\/p>\n<p>&nbsp;<\/p>\n<h2><strong>Misi\u00f3n de la Escuela Profesional de Trabajo Social<\/strong><\/h2>\n<p style=\"text-align: center\"><img loading=\"lazy\" decoding=\"async\" class=\"alignnone size-medium wp-image-1752\" src=\"https:\/\/fchs.unsa.edu.pe\/trabajosocial\/wp-content\/uploads\/sites\/4\/2020\/06\/mision_y_vison2-360x203.jpg\" alt=\"\" width=\"360\" height=\"203\" \/><\/p>\n<p><b>Formar<\/b> <b>profesionales competentes, cr\u00edticos, innovadores, \u00e9ticos, con prospectiva, comprometidos a la soluci\u00f3n de la problem\u00e1tica social, en base a la investigaci\u00f3n, planificaci\u00f3n y metodolog\u00edas de intervenci\u00f3n a nivel de persona, familia, grupo, redes sociales y comunidad para contribuir al desarrollo de la sociedad bajo los criterios de eficacia, equidad y sostenibilidad.<\/b><\/p>\n","protected":false},"excerpt":{"rendered":"<p>RESOLUCI\u00d3N DECANAL N\u00b0 068-2026-FCHS-UNSA MISI\u00d3NY VISI\u00d3N Visi\u00f3n de la Escuela Profesional de Trabajo Social Ser una Escuela referente en la formaci\u00f3n de trabajadores sociales, orientados a la innovaci\u00f3n social, comprometidos en promover la justicia, la inclusi\u00f3n, la equidad para un desarrollo social sostenible y humano. &nbsp; Misi\u00f3n de la Escuela Profesional de Trabajo Social Formar [&hellip;]<\/p>\n","protected":false},"author":1,"featured_media":0,"parent":0,"menu_order":0,"comment_status":"closed","ping_status":"closed","template":"","meta":{"_acf_changed":false,"footnotes":""},"class_list":["post-1124","page","type-page","status-publish","hentry"],"acf":[],"_links":{"self":[{"href":"https:\/\/fchs.unsa.edu.pe\/trabajosocial\/wp-json\/wp\/v2\/pages\/1124","targetHints":{"allow":["GET"]}}],"collection":[{"href":"https:\/\/fchs.unsa.edu.pe\/trabajosocial\/wp-json\/wp\/v2\/pages"}],"about":[{"href":"https:\/\/fchs.unsa.edu.pe\/trabajosocial\/wp-json\/wp\/v2\/types\/page"}],"author":[{"embeddable":true,"href":"https:\/\/fchs.unsa.edu.pe\/trabajosocial\/wp-json\/wp\/v2\/users\/1"}],"replies":[{"embeddable":true,"href":"https:\/\/fchs.unsa.edu.pe\/trabajosocial\/wp-json\/wp\/v2\/comments?post=1124"}],"version-history":[{"count":20,"href":"https:\/\/fchs.unsa.edu.pe\/trabajosocial\/wp-json\/wp\/v2\/pages\/1124\/revisions"}],"predecessor-version":[{"id":2662,"href":"https:\/\/fchs.unsa.edu.pe\/trabajosocial\/wp-json\/wp\/v2\/pages\/1124\/revisions\/2662"}],"wp:attachment":[{"href":"https:\/\/fchs.unsa.edu.pe\/trabajosocial\/wp-json\/wp\/v2\/media?parent=1124"}],"curies":[{"name":"wp","href":"https:\/\/api.w.org\/{rel}","templated":true}]}}