{"id":1137,"date":"2017-07-13T19:01:59","date_gmt":"2017-07-13T19:01:59","guid":{"rendered":"http:\/\/www2.unsa.edu.pe\/escuelas\/trasocial\/?page_id=1137"},"modified":"2018-07-11T10:25:44","modified_gmt":"2018-07-11T15:25:44","slug":"campo-ocupacion","status":"publish","type":"page","link":"https:\/\/fchs.unsa.edu.pe\/trabajosocial\/campo-ocupacion\/","title":{"rendered":"Campo Ocupacional"},"content":{"rendered":"<h4>ESPACIOS DE INTERVENCI\u00d3N DEL TRABAJADOR SOCIAL<\/h4>\n<ul>\n<li>EDUCACION\n<ul>\n<li>A nivel administrativo (Direcciones Regionales de Educaci\u00f3n y Unidades de Gesti\u00f3n Educativa)<\/li>\n<li>Instituciones Educativas (Departamento de Tutor\u00eda, anteriormente OBE).<\/li>\n<li>Centros de Educaci\u00f3n Ocupacional (estatal y privado)<\/li>\n<li>Universidades<\/li>\n<li>Instituciones Educativas T\u00e9cnicas Superiores.<\/li>\n<\/ul>\n<\/li>\n<li>EMPRESAS Y ENTIDADES BANCARIAS Y FINANCIERAS(P\u00fablicas y privadas)<\/li>\n<li>Gerencia de Servicios Sociales de Bienestar de personal y Recursos Humanos.<\/li>\n<li>SALUD: Hospitales, policl\u00ednicos, Centros de Salud, Postas, Cl\u00ednicas, otros.<\/li>\n<li>ORGANISMOS NO GUBERNAMENTALES DE COOPERACION NACIONAL E INTERNACIONAL<\/li>\n<li>GOBIERNOS REGIONALES Y LOCALES: Gerencia de Servicios sociales, Gerencia de promoci\u00f3n Social, DEMUNAS, OMAPED, PARTICIPACION CIUDADANA.<\/li>\n<li>CENTROS DE READAPTACION Y REINSERCION SOCIAL. (Instituciones Penitenciarias, Centros Juveniles, otros.)<\/li>\n<li>CENTROS DE REHABILITACION (De estimulaci\u00f3n Temprana, Cl\u00ednicas y de intervenci\u00f3n especializada en Terapias)<\/li>\n<li>COOPERATIVAS: de vivienda, servicios, cr\u00e9ditos, agrarias, micro empresariales.<\/li>\n<li>FUERZAS ARMADAS Y POLICIA NACIONAL DEL PERU<\/li>\n<li>MINISTERIOS: De inclusi\u00f3n Social. De la Mujer, de Salud, Educaci\u00f3n, Energ\u00eda Minas, Producci\u00f3n, Vivienda, Agricultura, Trasporte, Medio Ambiente, Justifica, otros.<\/li>\n<li>MINISTERIO PUBLICO: Fiscal\u00edas de Familia.<\/li>\n<li>PODER JUDICIAL.<\/li>\n<li>ORGANIZACIONES SOCIALES DE BASE.<\/li>\n<li>TRABAJO INDEPENDIENTE: Asesor\u00edas y Consultor\u00edas, Centros de Orientaci\u00f3n Familiar.<\/li>\n<\/ul>\n","protected":false},"excerpt":{"rendered":"<p>ESPACIOS DE INTERVENCI\u00d3N DEL TRABAJADOR SOCIAL EDUCACION A nivel administrativo (Direcciones Regionales de Educaci\u00f3n y Unidades de Gesti\u00f3n Educativa) Instituciones Educativas (Departamento de Tutor\u00eda, anteriormente OBE). Centros de Educaci\u00f3n Ocupacional (estatal y privado) Universidades Instituciones Educativas T\u00e9cnicas Superiores. EMPRESAS Y ENTIDADES BANCARIAS Y FINANCIERAS(P\u00fablicas y privadas) Gerencia de Servicios Sociales de Bienestar de personal y [&hellip;]<\/p>\n","protected":false},"author":1,"featured_media":1208,"parent":0,"menu_order":0,"comment_status":"closed","ping_status":"closed","template":"","meta":{"_acf_changed":false,"footnotes":""},"class_list":["post-1137","page","type-page","status-publish","has-post-thumbnail","hentry"],"acf":[],"_links":{"self":[{"href":"https:\/\/fchs.unsa.edu.pe\/trabajosocial\/wp-json\/wp\/v2\/pages\/1137","targetHints":{"allow":["GET"]}}],"collection":[{"href":"https:\/\/fchs.unsa.edu.pe\/trabajosocial\/wp-json\/wp\/v2\/pages"}],"about":[{"href":"https:\/\/fchs.unsa.edu.pe\/trabajosocial\/wp-json\/wp\/v2\/types\/page"}],"author":[{"embeddable":true,"href":"https:\/\/fchs.unsa.edu.pe\/trabajosocial\/wp-json\/wp\/v2\/users\/1"}],"replies":[{"embeddable":true,"href":"https:\/\/fchs.unsa.edu.pe\/trabajosocial\/wp-json\/wp\/v2\/comments?post=1137"}],"version-history":[{"count":3,"href":"https:\/\/fchs.unsa.edu.pe\/trabajosocial\/wp-json\/wp\/v2\/pages\/1137\/revisions"}],"predecessor-version":[{"id":1466,"href":"https:\/\/fchs.unsa.edu.pe\/trabajosocial\/wp-json\/wp\/v2\/pages\/1137\/revisions\/1466"}],"wp:featuredmedia":[{"embeddable":true,"href":"https:\/\/fchs.unsa.edu.pe\/trabajosocial\/wp-json\/wp\/v2\/media\/1208"}],"wp:attachment":[{"href":"https:\/\/fchs.unsa.edu.pe\/trabajosocial\/wp-json\/wp\/v2\/media?parent=1137"}],"curies":[{"name":"wp","href":"https:\/\/api.w.org\/{rel}","templated":true}]}}