{"id":1146,"date":"2017-07-13T19:08:41","date_gmt":"2017-07-13T19:08:41","guid":{"rendered":"http:\/\/www2.unsa.edu.pe\/escuelas\/trasocial\/?page_id=1146"},"modified":"2020-06-03T01:19:46","modified_gmt":"2020-06-03T06:19:46","slug":"resena-historica","status":"publish","type":"page","link":"https:\/\/fchs.unsa.edu.pe\/trabajosocial\/resena-historica\/","title":{"rendered":"Rese\u00f1a Hist\u00f3rica"},"content":{"rendered":"<p><strong>Historia Programa Profesional de Trabajo Social:<\/strong><\/p>\n<p>La Escuela Profesional de Trabajo Social de la Universidad Nacional de San Agust\u00edn, fue creada un 27 de enero de 1964, anexa a la Facultad de Letras, siendo su primera directora la Dra. Teresa Echegaray de Ball\u00f3n; funcionando en la Calle San Agust\u00edn del Cercado de Arequipa. En 1984 la Universidad Nacional de San Agust\u00edn, crea el sistema facultativo, por lo que la Escuela Profesional de Trabajo Social fue incorporada dentro de la Facultad de Ciencias Hist\u00f3rico Sociales, as\u00ed como tambi\u00e9n las Escuelas de Antropolog\u00eda, Sociolog\u00eda, Historia y \u00faltimamente, Turismo y Hoteler\u00eda, funcionando desde entonces en la Avenida Venezuela s\/n como parte del \u00c1rea de Ciencias Sociales de la Universidad Nacional de San Agust\u00edn.<\/p>\n<p>En 1993 se realiza una reforma del Plan de Estudios de la Escuela de acuerdo a los lineamientos de la Universidad; pasando desde su creaci\u00f3n por nueve Planes de Estudio.<\/p>\n<p>En el a\u00f1o 2005 se realiz\u00f3 una reestructuraci\u00f3n del Plan de Estudios. Y se implementa un nuevo Plan de Estudios 2006-2010. En el 2010, dentro de los objetivos y proceso de Autoevaluaci\u00f3n con fines de Acreditaci\u00f3n se actualiza el Perfil de Ingresante, del Egresado, del Docente; se elaboran los instrumentos de Gesti\u00f3n de la Escuela Profesional de Trabajo Social: Plan de Desarrollo Institucional Estrat\u00e9gico 2011-2015, y Proyecto Pedag\u00f3gico 2011-2015.<\/p>\n<p>Consecuentes con la Pol\u00edtica de Calidad de la ense\u00f1anza superior de nuestra Universidad Nacional de San Agust\u00edn y de nuestra Escuela; a fines del a\u00f1o acad\u00e9mico 2011, se eval\u00fao el Plan de Estudios y se realizan modificaciones y actualizadas; por lo que se pudo actualizar el Plan de Estudios Actualizado al 2012, y en proceso de autorizaci\u00f3n de cambios en el vice- rectorado acad\u00e9mico.<\/p>\n<p>Finalmente, a partir del a\u00f1o 2014, se hicieron las gestiones para implementar el nuevo plan de estudios vigente, el mismo que fue aprobado en el a\u00f1o 2017.<\/p>\n","protected":false},"excerpt":{"rendered":"<p>Historia Programa Profesional de Trabajo Social: La Escuela Profesional de Trabajo Social de la Universidad Nacional de San Agust\u00edn, fue creada un 27 de enero de 1964, anexa a la Facultad de Letras, siendo su primera directora la Dra. Teresa Echegaray de Ball\u00f3n; funcionando en la Calle San Agust\u00edn del Cercado de Arequipa. En 1984 [&hellip;]<\/p>\n","protected":false},"author":1,"featured_media":1241,"parent":0,"menu_order":0,"comment_status":"closed","ping_status":"closed","template":"","meta":{"_acf_changed":false,"footnotes":""},"class_list":["post-1146","page","type-page","status-publish","has-post-thumbnail","hentry"],"acf":[],"_links":{"self":[{"href":"https:\/\/fchs.unsa.edu.pe\/trabajosocial\/wp-json\/wp\/v2\/pages\/1146","targetHints":{"allow":["GET"]}}],"collection":[{"href":"https:\/\/fchs.unsa.edu.pe\/trabajosocial\/wp-json\/wp\/v2\/pages"}],"about":[{"href":"https:\/\/fchs.unsa.edu.pe\/trabajosocial\/wp-json\/wp\/v2\/types\/page"}],"author":[{"embeddable":true,"href":"https:\/\/fchs.unsa.edu.pe\/trabajosocial\/wp-json\/wp\/v2\/users\/1"}],"replies":[{"embeddable":true,"href":"https:\/\/fchs.unsa.edu.pe\/trabajosocial\/wp-json\/wp\/v2\/comments?post=1146"}],"version-history":[{"count":7,"href":"https:\/\/fchs.unsa.edu.pe\/trabajosocial\/wp-json\/wp\/v2\/pages\/1146\/revisions"}],"predecessor-version":[{"id":1668,"href":"https:\/\/fchs.unsa.edu.pe\/trabajosocial\/wp-json\/wp\/v2\/pages\/1146\/revisions\/1668"}],"wp:featuredmedia":[{"embeddable":true,"href":"https:\/\/fchs.unsa.edu.pe\/trabajosocial\/wp-json\/wp\/v2\/media\/1241"}],"wp:attachment":[{"href":"https:\/\/fchs.unsa.edu.pe\/trabajosocial\/wp-json\/wp\/v2\/media?parent=1146"}],"curies":[{"name":"wp","href":"https:\/\/api.w.org\/{rel}","templated":true}]}}