{"id":1769,"date":"2020-06-20T05:16:35","date_gmt":"2020-06-20T10:16:35","guid":{"rendered":"https:\/\/fchs.unsa.edu.pe\/trabajosocial\/?page_id=1769"},"modified":"2025-11-07T10:52:38","modified_gmt":"2025-11-07T15:52:38","slug":"presentacion","status":"publish","type":"page","link":"https:\/\/fchs.unsa.edu.pe\/trabajosocial\/presentacion\/","title":{"rendered":"Presentaci\u00f3n"},"content":{"rendered":"<p>El Trabajo Social es una profesi\u00f3n basada en la pr\u00e1ctica y una disciplina acad\u00e9mica que promueve el cambio y el desarrollo social, la cohesi\u00f3n social, y el fortalecimiento y la promoci\u00f3n de las personas.<\/p>\n<p data-start=\"401\" data-end=\"562\">Los principios de la justicia social, los derechos humanos, la responsabilidad colectiva y el respeto a la diversidad son fundamentales para el Trabajo Social.<\/p>\n<p data-start=\"564\" data-end=\"808\">Respaldada por las teor\u00edas del Trabajo Social, las ciencias sociales, las humanidades y los conocimientos ind\u00edgenas, el Trabajo Social involucra a las personas y las estructuras para hacer frente a desaf\u00edos de la vida y aumentar el bienestar.<\/p>\n<p data-start=\"810\" data-end=\"1174\">La Carrera de Trabajo Social brinda herramientas y metodolog\u00edas de trabajo para promover un avance en la vida de grupos sociales vulnerados socialmente. A la actualidad, en el a\u00f1o 2025, la carrera cuenta con 483 estudiantes matriculados, quienes se forman con compromiso y vocaci\u00f3n de servicio para contribuir al desarrollo social desde diferentes contextos.<\/p>\n<p data-start=\"1176\" data-end=\"1430\">El cambio social se basa en la premisa de que la intervenci\u00f3n del Trabajo Social se lleva a cabo cuando, en la situaci\u00f3n actual sea a nivel individual, familiar, grupal, comunitario o social, se considera que hay una necesidad de cambio y desarrollo.<\/p>\n","protected":false},"excerpt":{"rendered":"<p>El Trabajo Social es una profesi\u00f3n basada en la pr\u00e1ctica y una disciplina acad\u00e9mica que promueve el cambio y el desarrollo social, la cohesi\u00f3n social, y el fortalecimiento y la promoci\u00f3n de las personas. Los principios de la justicia social, los derechos humanos, la responsabilidad colectiva y el respeto a la diversidad son fundamentales para [&hellip;]<\/p>\n","protected":false},"author":6,"featured_media":1770,"parent":0,"menu_order":0,"comment_status":"closed","ping_status":"closed","template":"","meta":{"_acf_changed":false,"footnotes":""},"class_list":["post-1769","page","type-page","status-publish","has-post-thumbnail","hentry"],"acf":[],"_links":{"self":[{"href":"https:\/\/fchs.unsa.edu.pe\/trabajosocial\/wp-json\/wp\/v2\/pages\/1769","targetHints":{"allow":["GET"]}}],"collection":[{"href":"https:\/\/fchs.unsa.edu.pe\/trabajosocial\/wp-json\/wp\/v2\/pages"}],"about":[{"href":"https:\/\/fchs.unsa.edu.pe\/trabajosocial\/wp-json\/wp\/v2\/types\/page"}],"author":[{"embeddable":true,"href":"https:\/\/fchs.unsa.edu.pe\/trabajosocial\/wp-json\/wp\/v2\/users\/6"}],"replies":[{"embeddable":true,"href":"https:\/\/fchs.unsa.edu.pe\/trabajosocial\/wp-json\/wp\/v2\/comments?post=1769"}],"version-history":[{"count":10,"href":"https:\/\/fchs.unsa.edu.pe\/trabajosocial\/wp-json\/wp\/v2\/pages\/1769\/revisions"}],"predecessor-version":[{"id":2567,"href":"https:\/\/fchs.unsa.edu.pe\/trabajosocial\/wp-json\/wp\/v2\/pages\/1769\/revisions\/2567"}],"wp:featuredmedia":[{"embeddable":true,"href":"https:\/\/fchs.unsa.edu.pe\/trabajosocial\/wp-json\/wp\/v2\/media\/1770"}],"wp:attachment":[{"href":"https:\/\/fchs.unsa.edu.pe\/trabajosocial\/wp-json\/wp\/v2\/media?parent=1769"}],"curies":[{"name":"wp","href":"https:\/\/api.w.org\/{rel}","templated":true}]}}