{"id":1813,"date":"2020-06-24T05:16:36","date_gmt":"2020-06-24T10:16:36","guid":{"rendered":"https:\/\/fchs.unsa.edu.pe\/trabajosocial\/?page_id=1813"},"modified":"2020-06-25T06:25:46","modified_gmt":"2020-06-25T11:25:46","slug":"destacados","status":"publish","type":"page","link":"https:\/\/fchs.unsa.edu.pe\/trabajosocial\/destacados\/","title":{"rendered":"Destacados"},"content":{"rendered":"<table width=\"90%\" cellspacing=\"10\" cellpadding=\"10\">\n<tbody>\n<tr>\n<td colspan=\"8\"><strong>DIRECCI\u00d3N UNIVERSITARIA DE FORMACI\u00d3N ACAD\u00c9MICA<\/strong><\/td>\n<\/tr>\n<tr>\n<td colspan=\"8\">\n<h5><strong>Ranking 2019 Esc: Trabajo Social Promoci\u00f3n 4\u00ba a\u00f1o<\/strong><\/h5>\n<\/td>\n<\/tr>\n<tr style=\"background: #e0e0e0\">\n<th>Pto<\/th>\n<th>CUI<\/th>\n<th>COD. ING.<\/th>\n<th>Apellidos y Nombres<\/th>\n<th>Ponderado<\/th>\n<th>Crd.Apr.<\/th>\n<th>Cur.Apr.<\/th>\n<th>Nro.Mat.<\/th>\n<\/tr>\n<tr style=\"border-bottom: 1px solid #ccc\">\n<td>1<\/td>\n<td>20160996<\/td>\n<td>TS161001<\/td>\n<td>VALDEIGLESIAS\/MESTAS, MARYORI HARIETH<\/td>\n<td>17.2451<\/td>\n<td>177.5<\/td>\n<td>45<\/td>\n<td>1<\/td>\n<\/tr>\n<tr style=\"border-bottom: 1px solid #ccc\">\n<td>2<\/td>\n<td>20141285<\/td>\n<td>TS141037<\/td>\n<td>INCALLA\/VALDIVIA, FIORELA KAREN<\/td>\n<td>16.9408<\/td>\n<td>177.5<\/td>\n<td>45<\/td>\n<td>1<\/td>\n<\/tr>\n<tr style=\"border-bottom: 1px solid #ccc\">\n<td>3<\/td>\n<td>20163693<\/td>\n<td>TS161048<\/td>\n<td>MAMANI\/QUISPE, KATTY ANGELA<\/td>\n<td>16.7662<\/td>\n<td>177.5<\/td>\n<td>45<\/td>\n<td>1<\/td>\n<\/tr>\n<tr style=\"border-bottom: 1px solid #ccc\">\n<td>4<\/td>\n<td>20160979<\/td>\n<td>TS160005<\/td>\n<td>GUEVARA\/ROQUE, ALLISON MILENA<\/td>\n<td>16.7493<\/td>\n<td>177.5<\/td>\n<td>45<\/td>\n<td>1<\/td>\n<\/tr>\n<tr style=\"border-bottom: 1px solid #ccc\">\n<td>5<\/td>\n<td>20160990<\/td>\n<td>TS161014<\/td>\n<td>TAQUIRE\/QUIJAHUAMAN, LADY LAURA<\/td>\n<td>16.6648<\/td>\n<td>177.5<\/td>\n<td>45<\/td>\n<td>1<\/td>\n<\/tr>\n<td colspan=\"8\">\n<h5><strong>Ranking 2019 Esc: Trabajo Social Promoci\u00f3n 3\u00ba a\u00f1o<\/strong><\/h5>\n<\/td>\n<\/tr>\n<tr style=\"background: #e0e0e0\">\n<th>Pto<\/th>\n<th>CUI<\/th>\n<th>COD. ING.<\/th>\n<th>Apellidos y Nombres<\/th>\n<th>Ponderado<\/th>\n<th>Crd.Apr.<\/th>\n<th>Cur.Apr.<\/th>\n<th>Nro.Mat.<\/th>\n<\/tr>\n<tr style=\"border-bottom: 1px solid #ccc\">\n<td>1<\/td>\n<td>20114004<\/td>\n<td>TS173002<\/td>\n<td>CRUZ\/CCAMA, MARIA ALEJANDRA<\/td>\n<td>17.3889<\/td>\n<td>126<\/td>\n<td>41<\/td>\n<td>1<\/td>\n<\/tr>\n<tr style=\"border-bottom: 1px solid #ccc\">\n<td>2<\/td>\n<td>20170946<\/td>\n<td>TS170030<\/td>\n<td>HUARILLOCLLA\/TICLLA, DEYANIRA ANA<\/td>\n<td>17.1587<\/td>\n<td>126<\/td>\n<td>41<\/td>\n<td>1<\/td>\n<\/tr>\n<tr style=\"border-bottom: 1px solid #ccc\">\n<td>3<\/td>\n<td>20051590<\/td>\n<td>TS173001<\/td>\n<td>MIRANDA\/SALAS, YESENIA MAGNOLIA<\/td>\n<td>16.9127<\/td>\n<td>126<\/td>\n<td>41<\/td>\n<td>1<\/td>\n<\/tr>\n<tr style=\"border-bottom: 1px solid #ccc\">\n<td>4<\/td>\n<td>20172392<\/td>\n<td>TS172010<\/td>\n<td>LIMA\/FLORES, YESSICA EULALIA<\/td>\n<td>16.8889<\/td>\n<td>126<\/td>\n<td>41<\/td>\n<td>1<\/td>\n<\/tr>\n<tr style=\"border-bottom: 1px solid #ccc\">\n<td>5<\/td>\n<td>20143346<\/td>\n<td>TS171044<\/td>\n<td>PE\u00c3\u2018A\/QUISPE, LUCIA DE LOS ANGELES<\/td>\n<td>16.6667<\/td>\n<td>126<\/td>\n<td>41<\/td>\n<td>1<\/td>\n<\/tr>\n<td colspan=\"8\">\n<h5><strong>Ranking 2019 Esc: Trabajo Social Promoci\u00f3n 2\u00ba a\u00f1o<\/strong><\/h5>\n<\/td>\n<\/tr>\n<tr style=\"background: #e0e0e0\">\n<th>Pto<\/th>\n<th>CUI<\/th>\n<th>COD. ING.<\/th>\n<th>Apellidos y Nombres<\/th>\n<th>Ponderado<\/th>\n<th>Crd.Apr.<\/th>\n<th>Cur.Apr.<\/th>\n<th>Nro.Mat.<\/th>\n<\/tr>\n<tr style=\"border-bottom: 1px solid #ccc\">\n<td>1<\/td>\n<td>20181819<\/td>\n<td>TS180010<\/td>\n<td>MONTA\u00c3\u2018EZ\/CENTENO, MARISOL ELIZABETH<\/td>\n<td>17.4198<\/td>\n<td>81<\/td>\n<td>28<\/td>\n<td>1<\/td>\n<\/tr>\n<tr style=\"border-bottom: 1px solid #ccc\">\n<td>2<\/td>\n<td>20181820<\/td>\n<td>TS180016<\/td>\n<td>MAMANI\/HUAYTA, ROSSY DANUSKA<\/td>\n<td>17.0115<\/td>\n<td>87<\/td>\n<td>30<\/td>\n<td>1<\/td>\n<\/tr>\n<tr style=\"border-bottom: 1px solid #ccc\">\n<td>3<\/td>\n<td>20101139<\/td>\n<td>TS171035<\/td>\n<td>PALOMINO\/GOZZER, FATIMA ELEYM<\/td>\n<td>16.6771<\/td>\n<td>96<\/td>\n<td>32<\/td>\n<td>1<\/td>\n<\/tr>\n<tr style=\"border-bottom: 1px solid #ccc\">\n<td>4<\/td>\n<td>20180878<\/td>\n<td>TS180024<\/td>\n<td>VILCA\/CHIRE, CYNTHIA SHIRLEY<\/td>\n<td>16.6667<\/td>\n<td>81<\/td>\n<td>28<\/td>\n<td>1<\/td>\n<\/tr>\n<tr style=\"border-bottom: 1px solid #ccc\">\n<td>5<\/td>\n<td>20181813<\/td>\n<td>TS180004<\/td>\n<td>TORRES\/BENTURA, JENIFER NICOL<\/td>\n<td>16.6548<\/td>\n<td>84<\/td>\n<td>29<\/td>\n<td>1<\/td>\n<\/tr>\n<td colspan=\"8\">\n<h5><strong>Ranking 2019 Esc: Trabajo Social Promoci\u00f3n 1\u00ba a\u00f1o<\/strong><\/h5>\n<\/td>\n<\/tr>\n<tr style=\"background: #e0e0e0\">\n<th>Pto<\/th>\n<th>CUI<\/th>\n<th>COD. ING.<\/th>\n<th>Apellidos y Nombres<\/th>\n<th>Ponderado<\/th>\n<th>Crd.Apr.<\/th>\n<th>Cur.Apr.<\/th>\n<th>Nro.Mat.<\/th>\n<\/tr>\n<tr style=\"border-bottom: 1px solid #ccc\">\n<td>1<\/td>\n<td>20193486<\/td>\n<td>TS191005<\/td>\n<td>OSCO\/GAMARRA, EDITH ANGELA<\/td>\n<td>17.2195<\/td>\n<td>41<\/td>\n<td>14<\/td>\n<td>1<\/td>\n<\/tr>\n<tr style=\"border-bottom: 1px solid #ccc\">\n<td>2<\/td>\n<td>20190981<\/td>\n<td>TS190039<\/td>\n<td>ARPI\/MENDOZA, JOHANNA ANDREA<\/td>\n<td>16.9756<\/td>\n<td>41<\/td>\n<td>14<\/td>\n<td>1<\/td>\n<\/tr>\n<tr style=\"border-bottom: 1px solid #ccc\">\n<td>3<\/td>\n<td>20191001<\/td>\n<td>TS190016<\/td>\n<td>PEREDO\/CAYRA, MARYORI VANESSA<\/td>\n<td>16.9756<\/td>\n<td>41<\/td>\n<td>14<\/td>\n<td>1<\/td>\n<\/tr>\n<tr style=\"border-bottom: 1px solid #ccc\">\n<td>4<\/td>\n<td>20190993<\/td>\n<td>TS190003<\/td>\n<td>VARGAS\/SANCA, JACKELINE ESMERALDA<\/td>\n<td>16.8293<\/td>\n<td>41<\/td>\n<td>14<\/td>\n<td>1<\/td>\n<\/tr>\n<tr style=\"border-bottom: 1px solid #ccc\">\n<td>5<\/td>\n<td>20097809<\/td>\n<td>TS181008<\/td>\n<td>MOROCCO\/CALLA, LIZ MONICA<\/td>\n<td>16.6866<\/td>\n<td>67<\/td>\n<td>23<\/td>\n<td>1<\/td>\n<\/tr>\n<\/tbody>\n<\/table>\n","protected":false},"excerpt":{"rendered":"<p>DIRECCI\u00d3N UNIVERSITARIA DE FORMACI\u00d3N ACAD\u00c9MICA Ranking 2019 Esc: Trabajo Social Promoci\u00f3n 4\u00ba a\u00f1o Pto CUI COD. ING. Apellidos y Nombres Ponderado Crd.Apr. Cur.Apr. Nro.Mat. 1 20160996 TS161001 VALDEIGLESIAS\/MESTAS, MARYORI HARIETH 17.2451 177.5 45 1 2 20141285 TS141037 INCALLA\/VALDIVIA, FIORELA KAREN 16.9408 177.5 45 1 3 20163693 TS161048 MAMANI\/QUISPE, KATTY ANGELA 16.7662 177.5 45 1 4 [&hellip;]<\/p>\n","protected":false},"author":6,"featured_media":0,"parent":0,"menu_order":0,"comment_status":"closed","ping_status":"closed","template":"","meta":{"_acf_changed":false,"footnotes":""},"class_list":["post-1813","page","type-page","status-publish","hentry"],"acf":[],"_links":{"self":[{"href":"https:\/\/fchs.unsa.edu.pe\/trabajosocial\/wp-json\/wp\/v2\/pages\/1813","targetHints":{"allow":["GET"]}}],"collection":[{"href":"https:\/\/fchs.unsa.edu.pe\/trabajosocial\/wp-json\/wp\/v2\/pages"}],"about":[{"href":"https:\/\/fchs.unsa.edu.pe\/trabajosocial\/wp-json\/wp\/v2\/types\/page"}],"author":[{"embeddable":true,"href":"https:\/\/fchs.unsa.edu.pe\/trabajosocial\/wp-json\/wp\/v2\/users\/6"}],"replies":[{"embeddable":true,"href":"https:\/\/fchs.unsa.edu.pe\/trabajosocial\/wp-json\/wp\/v2\/comments?post=1813"}],"version-history":[{"count":14,"href":"https:\/\/fchs.unsa.edu.pe\/trabajosocial\/wp-json\/wp\/v2\/pages\/1813\/revisions"}],"predecessor-version":[{"id":1833,"href":"https:\/\/fchs.unsa.edu.pe\/trabajosocial\/wp-json\/wp\/v2\/pages\/1813\/revisions\/1833"}],"wp:attachment":[{"href":"https:\/\/fchs.unsa.edu.pe\/trabajosocial\/wp-json\/wp\/v2\/media?parent=1813"}],"curies":[{"name":"wp","href":"https:\/\/api.w.org\/{rel}","templated":true}]}}