{"id":1889,"date":"2020-07-09T06:05:02","date_gmt":"2020-07-09T11:05:02","guid":{"rendered":"https:\/\/fchs.unsa.edu.pe\/trabajosocial\/?page_id=1889"},"modified":"2025-09-10T18:25:45","modified_gmt":"2025-09-10T23:25:45","slug":"comisiones-permanentes-de-trabajos","status":"publish","type":"page","link":"https:\/\/fchs.unsa.edu.pe\/trabajosocial\/comisiones-permanentes-de-trabajos\/","title":{"rendered":"Comisiones Permanentes de Trabajos"},"content":{"rendered":"<p style=\"text-align: center\"><strong>Comit\u00e9s<\/strong><\/p>\n<table style=\"border: 2px solid black;border-collapse: collapse\" align=\"center\">\n<thead style=\"background-color: #add8e6\">\n<tr>\n<th style=\"border: 1px solid black;padding: 8px\">N\u00b0<\/th>\n<th style=\"border: 1px solid black;padding: 8px\">NOMBRES Y APELLIDOS<\/th>\n<th style=\"border: 1px solid black;padding: 8px\">CARGO<\/th>\n<\/tr>\n<\/thead>\n<tbody>\n<tr>\n<td style=\"border: 1px solid black;padding: 8px\">1<\/td>\n<td style=\"border: 1px solid black;padding: 8px\">Lic. Mar\u00eda Antonieta Torres Espejo<\/td>\n<td style=\"border: 1px solid black;padding: 8px\">Presidenta del Comit\u00e9 Consultivo<\/td>\n<\/tr>\n<tr>\n<td style=\"border: 1px solid black;padding: 8px\">2<\/td>\n<td style=\"border: 1px solid black;padding: 8px\">Mg. Mar\u00eda Jauregui Montes<\/td>\n<td style=\"border: 1px solid black;padding: 8px\">Presidenta de la Asociaci\u00f3n de Egresados<\/td>\n<\/tr>\n<\/tbody>\n<\/table>\n<p>&nbsp;<\/p>\n<p style=\"text-align: center\"><strong>Comisi\u00f3n Acad\u00e9mica<\/strong><\/p>\n<table style=\"border: 2px solid black;border-collapse: collapse\" align=\"center\">\n<thead style=\"background-color: #add8e6\">\n<tr>\n<th style=\"border: 1px solid black;padding: 8px\">N\u00b0<\/th>\n<th style=\"border: 1px solid black;padding: 8px\">NOMBRES Y APELLIDOS<\/th>\n<th style=\"border: 1px solid black;padding: 8px\">CARGO<\/th>\n<\/tr>\n<\/thead>\n<tbody>\n<tr>\n<td style=\"border: 1px solid black;padding: 8px\">1<\/td>\n<td style=\"border: 1px solid black;padding: 8px\">Dra. Hilda Pinto Pomareda<\/td>\n<td style=\"border: 1px solid black;padding: 8px\">Presidenta<\/td>\n<\/tr>\n<tr>\n<td style=\"border: 1px solid black;padding: 8px\">2<\/td>\n<td style=\"border: 1px solid black;padding: 8px\">Dra. Liliana \u00c1lvarez Salinas<\/td>\n<td style=\"border: 1px solid black;padding: 8px\">Integrante<\/td>\n<\/tr>\n<tr>\n<td style=\"border: 1px solid black;padding: 8px\">3<\/td>\n<td style=\"border: 1px solid black;padding: 8px\">Mg. Gianny Carol Ortega Paredes<\/td>\n<td style=\"border: 1px solid black;padding: 8px\">Integrante<\/td>\n<\/tr>\n<tr>\n<td style=\"border: 1px solid black;padding: 8px\">4<\/td>\n<td style=\"border: 1px solid black;padding: 8px\">Ana Paula Pari Rivero<\/td>\n<td style=\"border: 1px solid black;padding: 8px\">Estudiante<\/td>\n<\/tr>\n<tr>\n<td style=\"border: 1px solid black;padding: 8px\">5<\/td>\n<td style=\"border: 1px solid black;padding: 8px\">Elisa Chura Alejo<\/td>\n<td style=\"border: 1px solid black;padding: 8px\">Egresada<\/td>\n<\/tr>\n<\/tbody>\n<\/table>\n<p>&nbsp;<\/p>\n<p style=\"text-align: center\"><strong>Comisi\u00f3n de Tutor\u00eda<\/strong><\/p>\n<table style=\"border: 2px solid black;border-collapse: collapse\" align=\"center\">\n<thead style=\"background-color: #add8e6\">\n<tr>\n<th style=\"border: 1px solid black;padding: 8px\">N\u00b0<\/th>\n<th style=\"border: 1px solid black;padding: 8px\">NOMBRES Y APELLIDOS<\/th>\n<th style=\"border: 1px solid black;padding: 8px\">CARGO<\/th>\n<\/tr>\n<\/thead>\n<tbody>\n<tr>\n<td style=\"border: 1px solid black;padding: 8px\">1<\/td>\n<td style=\"border: 1px solid black;padding: 8px\">Dra. Gloria Monz\u00f3n \u00c1lvarez<\/td>\n<td style=\"border: 1px solid black;padding: 8px\">Presidenta<\/td>\n<\/tr>\n<tr>\n<td style=\"border: 1px solid black;padding: 8px\">2<\/td>\n<td style=\"border: 1px solid black;padding: 8px\">Mg. Gianny Carol Ortega Paredes<\/td>\n<td style=\"border: 1px solid black;padding: 8px\">Integrante<\/td>\n<\/tr>\n<\/tbody>\n<\/table>\n<p>&nbsp;<\/p>\n<p style=\"text-align: center\"><strong>Comisi\u00f3n de POI<\/strong><\/p>\n<table style=\"border: 2px solid black;border-collapse: collapse\" align=\"center\">\n<thead style=\"background-color: #add8e6\">\n<tr>\n<th style=\"border: 1px solid black;padding: 8px\">N\u00b0<\/th>\n<th style=\"border: 1px solid black;padding: 8px\">NOMBRES Y APELLIDOS<\/th>\n<th style=\"border: 1px solid black;padding: 8px\">CARGO<\/th>\n<\/tr>\n<\/thead>\n<tbody>\n<tr>\n<td style=\"border: 1px solid black;padding: 8px\">1<\/td>\n<td style=\"border: 1px solid black;padding: 8px\">Mg. Otilia Rodr\u00edguez Alarc\u00f3n<\/td>\n<td style=\"border: 1px solid black;padding: 8px\">Presidenta<\/td>\n<\/tr>\n<tr>\n<td style=\"border: 1px solid black;padding: 8px\">2<\/td>\n<td style=\"border: 1px solid black;padding: 8px\">Dra. Luz Marina Gamarra del Castillo<\/td>\n<td style=\"border: 1px solid black;padding: 8px\">Integrante<\/td>\n<\/tr>\n<tr>\n<td style=\"border: 1px solid black;padding: 8px\">3<\/td>\n<td style=\"border: 1px solid black;padding: 8px\">Mg. Gianny Carol Ortega Paredes<\/td>\n<td style=\"border: 1px solid black;padding: 8px\">Integrante<\/td>\n<\/tr>\n<\/tbody>\n<\/table>\n<p>&nbsp;<\/p>\n<p style=\"text-align: center\"><strong>Comisi\u00f3n de P\u00e1gina Web<\/strong><\/p>\n<table style=\"border: 2px solid black;border-collapse: collapse\" align=\"center\">\n<thead style=\"background-color: #add8e6\">\n<tr>\n<th style=\"border: 1px solid black;padding: 8px\">N\u00b0<\/th>\n<th style=\"border: 1px solid black;padding: 8px\">NOMBRES Y APELLIDOS<\/th>\n<th style=\"border: 1px solid black;padding: 8px\">CARGO<\/th>\n<\/tr>\n<\/thead>\n<tbody>\n<tr>\n<td style=\"border: 1px solid black;padding: 8px\">1<\/td>\n<td style=\"border: 1px solid black;padding: 8px\">Dra. Yaneth Alem\u00e1n Vilca<\/td>\n<td style=\"border: 1px solid black;padding: 8px\">Presidenta<\/td>\n<\/tr>\n<\/tbody>\n<\/table>\n<p>&nbsp;<\/p>\n<p style=\"text-align: center\"><strong>Comisi\u00f3n de Movilidad Estudiantil<\/strong><\/p>\n<table style=\"border: 2px solid black;border-collapse: collapse\" align=\"center\">\n<thead style=\"background-color: #add8e6\">\n<tr>\n<th style=\"border: 1px solid black;padding: 8px\">N\u00b0<\/th>\n<th style=\"border: 1px solid black;padding: 8px\">NOMBRES Y APELLIDOS<\/th>\n<th style=\"border: 1px solid black;padding: 8px\">CARGO<\/th>\n<\/tr>\n<\/thead>\n<tbody>\n<tr>\n<td style=\"border: 1px solid black;padding: 8px\">1<\/td>\n<td style=\"border: 1px solid black;padding: 8px\">Dra. Merly Lazo Manrique<\/td>\n<td style=\"border: 1px solid black;padding: 8px\">Presidenta<\/td>\n<\/tr>\n<tr>\n<td style=\"border: 1px solid black;padding: 8px\">2<\/td>\n<td style=\"border: 1px solid black;padding: 8px\">Dra. Joly Zegarra C\u00e1ceres<\/td>\n<td style=\"border: 1px solid black;padding: 8px\">Integrante<\/td>\n<\/tr>\n<\/tbody>\n<\/table>\n<p>&nbsp;<\/p>\n<p style=\"text-align: center\"><strong>Comisi\u00f3n de Egresados<\/strong><\/p>\n<table style=\"border: 2px solid black;border-collapse: collapse\" align=\"center\">\n<thead style=\"background-color: #add8e6\">\n<tr>\n<th style=\"border: 2px solid black;padding: 8px\">N\u00b0<\/th>\n<th style=\"border: 1px solid black;padding: 8px\">NOMBRES Y APELLIDOS<\/th>\n<th style=\"border: 1px solid black;padding: 8px\">CARGO<\/th>\n<\/tr>\n<\/thead>\n<tbody>\n<tr>\n<td style=\"border: 1px solid black;padding: 8px\">1<\/td>\n<td style=\"border: 1px solid black;padding: 8px\">Mg. Otilia Rodr\u00edguez Alarc\u00f3n<\/td>\n<td style=\"border: 1px solid black;padding: 8px\">Presidenta<\/td>\n<\/tr>\n<tr>\n<td style=\"border: 1px solid black;padding: 8px\">2<\/td>\n<td style=\"border: 1px solid black;padding: 8px\">Dra. Lilia Calder\u00f3n N\u00fa\u00f1ez<\/td>\n<td style=\"border: 1px solid black;padding: 8px\">Integrante<\/td>\n<\/tr>\n<\/tbody>\n<\/table>\n","protected":false},"excerpt":{"rendered":"<p>Comit\u00e9s N\u00b0 NOMBRES Y APELLIDOS CARGO 1 Lic. Mar\u00eda Antonieta Torres Espejo Presidenta del Comit\u00e9 Consultivo 2 Mg. Mar\u00eda Jauregui Montes Presidenta de la Asociaci\u00f3n de Egresados &nbsp; Comisi\u00f3n Acad\u00e9mica N\u00b0 NOMBRES Y APELLIDOS CARGO 1 Dra. Hilda Pinto Pomareda Presidenta 2 Dra. Liliana \u00c1lvarez Salinas Integrante 3 Mg. Gianny Carol Ortega Paredes Integrante 4 [&hellip;]<\/p>\n","protected":false},"author":6,"featured_media":0,"parent":0,"menu_order":0,"comment_status":"closed","ping_status":"closed","template":"","meta":{"_acf_changed":false,"footnotes":""},"class_list":["post-1889","page","type-page","status-publish","hentry"],"acf":[],"_links":{"self":[{"href":"https:\/\/fchs.unsa.edu.pe\/trabajosocial\/wp-json\/wp\/v2\/pages\/1889","targetHints":{"allow":["GET"]}}],"collection":[{"href":"https:\/\/fchs.unsa.edu.pe\/trabajosocial\/wp-json\/wp\/v2\/pages"}],"about":[{"href":"https:\/\/fchs.unsa.edu.pe\/trabajosocial\/wp-json\/wp\/v2\/types\/page"}],"author":[{"embeddable":true,"href":"https:\/\/fchs.unsa.edu.pe\/trabajosocial\/wp-json\/wp\/v2\/users\/6"}],"replies":[{"embeddable":true,"href":"https:\/\/fchs.unsa.edu.pe\/trabajosocial\/wp-json\/wp\/v2\/comments?post=1889"}],"version-history":[{"count":31,"href":"https:\/\/fchs.unsa.edu.pe\/trabajosocial\/wp-json\/wp\/v2\/pages\/1889\/revisions"}],"predecessor-version":[{"id":2354,"href":"https:\/\/fchs.unsa.edu.pe\/trabajosocial\/wp-json\/wp\/v2\/pages\/1889\/revisions\/2354"}],"wp:attachment":[{"href":"https:\/\/fchs.unsa.edu.pe\/trabajosocial\/wp-json\/wp\/v2\/media?parent=1889"}],"curies":[{"name":"wp","href":"https:\/\/api.w.org\/{rel}","templated":true}]}}