{"id":1905,"date":"2020-07-15T07:28:23","date_gmt":"2020-07-15T12:28:23","guid":{"rendered":"https:\/\/fchs.unsa.edu.pe\/trabajosocial\/?page_id=1905"},"modified":"2020-07-15T07:57:06","modified_gmt":"2020-07-15T12:57:06","slug":"articulos-cientificos","status":"publish","type":"page","link":"https:\/\/fchs.unsa.edu.pe\/trabajosocial\/articulos-cientificos\/","title":{"rendered":"Art\u00edculos cient\u00edficos"},"content":{"rendered":"<p>Lista de Art\u00edculos Cient\u00edficos:<\/p>\n<ul>\n<li>Art\u00edculo Cientifico, revista indexada investigaci\u00f3n de Yaneth Alem\u00e1n, <a href=\"https:\/\/fchs.unsa.edu.pe\/trabajosocial\/wp-content\/uploads\/sites\/4\/2020\/07\/Articulo_Cientifico_revista_indexada_investigacion_Yaneth_Aleman.pdf\" target=\"_blank\" rel=\"noopener\">Descargar documento PDF<\/a><\/li>\n<\/ul>\n","protected":false},"excerpt":{"rendered":"<p>Lista de Art\u00edculos Cient\u00edficos: Art\u00edculo Cientifico, revista indexada investigaci\u00f3n de Yaneth Alem\u00e1n, Descargar documento PDF<\/p>\n","protected":false},"author":6,"featured_media":0,"parent":0,"menu_order":0,"comment_status":"closed","ping_status":"closed","template":"","meta":{"_acf_changed":false,"footnotes":""},"class_list":["post-1905","page","type-page","status-publish","hentry"],"acf":[],"_links":{"self":[{"href":"https:\/\/fchs.unsa.edu.pe\/trabajosocial\/wp-json\/wp\/v2\/pages\/1905","targetHints":{"allow":["GET"]}}],"collection":[{"href":"https:\/\/fchs.unsa.edu.pe\/trabajosocial\/wp-json\/wp\/v2\/pages"}],"about":[{"href":"https:\/\/fchs.unsa.edu.pe\/trabajosocial\/wp-json\/wp\/v2\/types\/page"}],"author":[{"embeddable":true,"href":"https:\/\/fchs.unsa.edu.pe\/trabajosocial\/wp-json\/wp\/v2\/users\/6"}],"replies":[{"embeddable":true,"href":"https:\/\/fchs.unsa.edu.pe\/trabajosocial\/wp-json\/wp\/v2\/comments?post=1905"}],"version-history":[{"count":3,"href":"https:\/\/fchs.unsa.edu.pe\/trabajosocial\/wp-json\/wp\/v2\/pages\/1905\/revisions"}],"predecessor-version":[{"id":1920,"href":"https:\/\/fchs.unsa.edu.pe\/trabajosocial\/wp-json\/wp\/v2\/pages\/1905\/revisions\/1920"}],"wp:attachment":[{"href":"https:\/\/fchs.unsa.edu.pe\/trabajosocial\/wp-json\/wp\/v2\/media?parent=1905"}],"curies":[{"name":"wp","href":"https:\/\/api.w.org\/{rel}","templated":true}]}}