{"id":1928,"date":"2020-07-23T04:00:04","date_gmt":"2020-07-23T09:00:04","guid":{"rendered":"https:\/\/fchs.unsa.edu.pe\/trabajosocial\/?page_id=1928"},"modified":"2020-07-23T04:41:42","modified_gmt":"2020-07-23T09:41:42","slug":"proyectos-de-proyeccion-social","status":"publish","type":"page","link":"https:\/\/fchs.unsa.edu.pe\/trabajosocial\/proyectos-de-proyeccion-social\/","title":{"rendered":"Proyectos de Proyecci\u00f3n Social y Extensi\u00f3n Universitaria"},"content":{"rendered":"<p>T\u00edtulo del proyecto: \u201cValorando a nuestra Ni\u00f1ez\u201d<br \/>\nResponsables e integrantes: Dra. Smilzinia Huerta Tapia, Dra. Yaneth Alem\u00e1n Vilca<\/p>\n<p>Archivo para descarga: <a href=\"https:\/\/fchs.unsa.edu.pe\/trabajosocial\/wp-content\/uploads\/sites\/4\/2020\/07\/PROYECCION-_SOCIAL_Valorando-a-nuestra-Ninez.docx\" target=\"_blank\" rel=\"noopener\">Valorando a nuestra Ni\u00f1ez<\/a><\/p>\n<p>Fotos:<\/p>\n\n\t\t<style type=\"text\/css\">\n\t\t\t#gallery-1 {\n\t\t\t\tmargin: auto;\n\t\t\t}\n\t\t\t#gallery-1 .gallery-item {\n\t\t\t\tfloat: left;\n\t\t\t\tmargin-top: 10px;\n\t\t\t\ttext-align: center;\n\t\t\t\twidth: 100%;\n\t\t\t}\n\t\t\t#gallery-1 img {\n\t\t\t\tborder: 2px solid #cfcfcf;\n\t\t\t}\n\t\t\t#gallery-1 .gallery-caption {\n\t\t\t\tmargin-left: 0;\n\t\t\t}\n\t\t\t\/* see gallery_shortcode() in wp-includes\/media.php *\/\n\t\t<\/style>\n\t\t<div id='gallery-1' class='gallery galleryid-1928 gallery-columns-1 gallery-size-full'><dl class='gallery-item'>\n\t\t\t<dt class='gallery-icon landscape'>\n\t\t\t\t<img loading=\"lazy\" decoding=\"async\" width=\"423\" height=\"283\" src=\"https:\/\/fchs.unsa.edu.pe\/trabajosocial\/wp-content\/uploads\/sites\/4\/2020\/07\/1.jpg\" class=\"attachment-full size-full\" alt=\"\" aria-describedby=\"gallery-1-1939\" \/>\n\t\t\t<\/dt>\n\t\t\t\t<dd class='wp-caption-text gallery-caption' id='gallery-1-1939'>\n\t\t\t\tREUNION CON EL COMIT\u00c9 DIRECTIVO DE LUCHA CONTRA EL TRABAJO INFANTIL \n\t\t\t\t<\/dd><\/dl><br style=\"clear: both\" \/><dl class='gallery-item'>\n\t\t\t<dt class='gallery-icon landscape'>\n\t\t\t\t<img loading=\"lazy\" decoding=\"async\" width=\"510\" height=\"404\" src=\"https:\/\/fchs.unsa.edu.pe\/trabajosocial\/wp-content\/uploads\/sites\/4\/2020\/07\/2.jpg\" class=\"attachment-full size-full\" alt=\"\" aria-describedby=\"gallery-1-1940\" \/>\n\t\t\t<\/dt>\n\t\t\t\t<dd class='wp-caption-text gallery-caption' id='gallery-1-1940'>\n\t\t\t\tPARTICIPANDO EN DESFILE POR EL DIA MUNDIAL EN CONTRA DEL TRABAJO INFANTIL\n\t\t\t\t<\/dd><\/dl><br style=\"clear: both\" \/><dl class='gallery-item'>\n\t\t\t<dt class='gallery-icon landscape'>\n\t\t\t\t<img loading=\"lazy\" decoding=\"async\" width=\"548\" height=\"351\" src=\"https:\/\/fchs.unsa.edu.pe\/trabajosocial\/wp-content\/uploads\/sites\/4\/2020\/07\/3.jpg\" class=\"attachment-full size-full\" alt=\"\" aria-describedby=\"gallery-1-1941\" \/>\n\t\t\t<\/dt>\n\t\t\t\t<dd class='wp-caption-text gallery-caption' id='gallery-1-1941'>\n\t\t\t\tESTUDIANTES CON PANCARTAS Y TRAJES ALUSIVOS\n\t\t\t\t<\/dd><\/dl><br style=\"clear: both\" \/><dl class='gallery-item'>\n\t\t\t<dt class='gallery-icon landscape'>\n\t\t\t\t<img loading=\"lazy\" decoding=\"async\" width=\"556\" height=\"396\" src=\"https:\/\/fchs.unsa.edu.pe\/trabajosocial\/wp-content\/uploads\/sites\/4\/2020\/07\/4.jpg\" class=\"attachment-full size-full\" alt=\"\" aria-describedby=\"gallery-1-1942\" \/>\n\t\t\t<\/dt>\n\t\t\t\t<dd class='wp-caption-text gallery-caption' id='gallery-1-1942'>\n\t\t\t\tPARTICIPANDO EN FERIA DEL PODER JUDICIAL\n\t\t\t\t<\/dd><\/dl><br style=\"clear: both\" \/><dl class='gallery-item'>\n\t\t\t<dt class='gallery-icon landscape'>\n\t\t\t\t<img loading=\"lazy\" decoding=\"async\" width=\"553\" height=\"362\" src=\"https:\/\/fchs.unsa.edu.pe\/trabajosocial\/wp-content\/uploads\/sites\/4\/2020\/07\/5.jpg\" class=\"attachment-full size-full\" alt=\"\" aria-describedby=\"gallery-1-1943\" \/>\n\t\t\t<\/dt>\n\t\t\t\t<dd class='wp-caption-text gallery-caption' id='gallery-1-1943'>\n\t\t\t\tFERIA INFORMATIVA EN LA FERIA ANDRES AVELINO C\u00c1CERES\n\t\t\t\t<\/dd><\/dl><br style=\"clear: both\" \/>\n\t\t<\/div>\n\n<hr \/>\n<p>&nbsp;<\/p>\n","protected":false},"excerpt":{"rendered":"<p>T\u00edtulo del proyecto: \u201cValorando a nuestra Ni\u00f1ez\u201d Responsables e integrantes: Dra. Smilzinia Huerta Tapia, Dra. Yaneth Alem\u00e1n Vilca Archivo para descarga: Valorando a nuestra Ni\u00f1ez Fotos: &nbsp;<\/p>\n","protected":false},"author":6,"featured_media":0,"parent":0,"menu_order":0,"comment_status":"closed","ping_status":"closed","template":"","meta":{"_acf_changed":false,"footnotes":""},"class_list":["post-1928","page","type-page","status-publish","hentry"],"acf":[],"_links":{"self":[{"href":"https:\/\/fchs.unsa.edu.pe\/trabajosocial\/wp-json\/wp\/v2\/pages\/1928","targetHints":{"allow":["GET"]}}],"collection":[{"href":"https:\/\/fchs.unsa.edu.pe\/trabajosocial\/wp-json\/wp\/v2\/pages"}],"about":[{"href":"https:\/\/fchs.unsa.edu.pe\/trabajosocial\/wp-json\/wp\/v2\/types\/page"}],"author":[{"embeddable":true,"href":"https:\/\/fchs.unsa.edu.pe\/trabajosocial\/wp-json\/wp\/v2\/users\/6"}],"replies":[{"embeddable":true,"href":"https:\/\/fchs.unsa.edu.pe\/trabajosocial\/wp-json\/wp\/v2\/comments?post=1928"}],"version-history":[{"count":6,"href":"https:\/\/fchs.unsa.edu.pe\/trabajosocial\/wp-json\/wp\/v2\/pages\/1928\/revisions"}],"predecessor-version":[{"id":2323,"href":"https:\/\/fchs.unsa.edu.pe\/trabajosocial\/wp-json\/wp\/v2\/pages\/1928\/revisions\/2323"}],"wp:attachment":[{"href":"https:\/\/fchs.unsa.edu.pe\/trabajosocial\/wp-json\/wp\/v2\/media?parent=1928"}],"curies":[{"name":"wp","href":"https:\/\/api.w.org\/{rel}","templated":true}]}}