{"id":1930,"date":"2020-07-23T04:00:30","date_gmt":"2020-07-23T09:00:30","guid":{"rendered":"https:\/\/fchs.unsa.edu.pe\/trabajosocial\/?page_id=1930"},"modified":"2025-11-14T11:14:52","modified_gmt":"2025-11-14T16:14:52","slug":"responsabilidad-social","status":"publish","type":"page","link":"https:\/\/fchs.unsa.edu.pe\/trabajosocial\/responsabilidad-social\/","title":{"rendered":"Proyectos de Responsabilidad Social 2025"},"content":{"rendered":"<h3 style=\"text-align: center\"><strong>Nro. 1 : Estudiantes Agustinos por la Equidad<\/strong><\/h3>\n<p style=\"text-align: center\">\u00a0<a href=\"https:\/\/www.unsa.edu.pe\/promueven-la-equidad-de-genero-con-marcha-organizada-por-estudiantes-agustinos\/\">Actividad: Marcha Proequidad de g\u00e9nero<\/a><\/p>\n<p style=\"text-align: center\">Realizada el 06 de Noviembre de 2025 | 12:30 pm<\/p>\n<p><img loading=\"lazy\" decoding=\"async\" class=\"size-full wp-image-2535 aligncenter\" src=\"https:\/\/fchs.unsa.edu.pe\/trabajosocial\/wp-content\/uploads\/sites\/4\/2025\/11\/Imagen-de-WhatsApp-2025-11-06-a-las-19.02.08_dd36a4c2.jpg\" alt=\"\" width=\"1600\" height=\"391\" srcset=\"https:\/\/fchs.unsa.edu.pe\/trabajosocial\/wp-content\/uploads\/sites\/4\/2025\/11\/Imagen-de-WhatsApp-2025-11-06-a-las-19.02.08_dd36a4c2.jpg 1600w, https:\/\/fchs.unsa.edu.pe\/trabajosocial\/wp-content\/uploads\/sites\/4\/2025\/11\/Imagen-de-WhatsApp-2025-11-06-a-las-19.02.08_dd36a4c2-768x188.jpg 768w, https:\/\/fchs.unsa.edu.pe\/trabajosocial\/wp-content\/uploads\/sites\/4\/2025\/11\/Imagen-de-WhatsApp-2025-11-06-a-las-19.02.08_dd36a4c2-1536x375.jpg 1536w\" sizes=\"auto, (max-width: 1600px) 100vw, 1600px\" \/><\/p>\n<p>&nbsp;<\/p>\n<p style=\"text-align: center\"><strong>Actividad<\/strong>: Talleres de autoestima para estudiantes de la I.E Padre Perez de Guere\u00f1\u00fa<\/p>\n<p style=\"text-align: center\">Realizada los d\u00edas jueves del 2025 | 12:20 pm<\/p>\n<p>&nbsp;<\/p>\n<p><img loading=\"lazy\" decoding=\"async\" class=\"alignnone wp-image-2555 size-large\" src=\"https:\/\/fchs.unsa.edu.pe\/trabajosocial\/wp-content\/uploads\/sites\/4\/2025\/11\/WhatsApp-Image-2025-11-06-at-9.28.39-PM-848x355.jpeg\" alt=\"\" width=\"848\" height=\"355\" srcset=\"https:\/\/fchs.unsa.edu.pe\/trabajosocial\/wp-content\/uploads\/sites\/4\/2025\/11\/WhatsApp-Image-2025-11-06-at-9.28.39-PM-848x355.jpeg 848w, https:\/\/fchs.unsa.edu.pe\/trabajosocial\/wp-content\/uploads\/sites\/4\/2025\/11\/WhatsApp-Image-2025-11-06-at-9.28.39-PM-1170x489.jpeg 1170w\" sizes=\"auto, (max-width: 848px) 100vw, 848px\" \/><\/p>\n<p>&nbsp;<\/p>\n<p><strong>OTROS PROYECTOS:<\/strong><\/p>\n<p>T\u00edtulo del proyecto: \u201cFomentando la cultura ambiental en la Comunidad Agustina del \u00c1rea de Sociales, Universidad Nacional de San Agust\u00edn de Arequipa \u2013 2019\u201d<br \/>\nResponsable e integrantes: Dra. Yaneth Alem\u00e1n Vilca &#8211; Responsable, Dra. Smilzinia Huerta Tapia, Mg. Gloria Monz\u00f3n \u00c1lvarez, Mg. Carol Ortega Paredes<\/p>\n<p>Archivo para descarga: <a href=\"https:\/\/drive.google.com\/file\/d\/1FFTX8btqdcf-cIykwNvd55gJVJwChVeF\/view?usp=sharing\" target=\"_blank\" rel=\"noopener\">Clic aqu\u00ed<\/a><\/p>\n<p>Fotos:<\/p>\n\n\t\t<style type=\"text\/css\">\n\t\t\t#gallery-1 {\n\t\t\t\tmargin: auto;\n\t\t\t}\n\t\t\t#gallery-1 .gallery-item {\n\t\t\t\tfloat: left;\n\t\t\t\tmargin-top: 10px;\n\t\t\t\ttext-align: center;\n\t\t\t\twidth: 100%;\n\t\t\t}\n\t\t\t#gallery-1 img {\n\t\t\t\tborder: 2px solid #cfcfcf;\n\t\t\t}\n\t\t\t#gallery-1 .gallery-caption {\n\t\t\t\tmargin-left: 0;\n\t\t\t}\n\t\t\t\/* see gallery_shortcode() in wp-includes\/media.php *\/\n\t\t<\/style>\n\t\t<div id='gallery-1' class='gallery galleryid-1930 gallery-columns-1 gallery-size-full'><dl class='gallery-item'>\n\t\t\t<dt class='gallery-icon landscape'>\n\t\t\t\t<img loading=\"lazy\" decoding=\"async\" width=\"584\" height=\"335\" src=\"https:\/\/fchs.unsa.edu.pe\/trabajosocial\/wp-content\/uploads\/sites\/4\/2020\/07\/R_1.jpg\" class=\"attachment-full size-full\" alt=\"\" \/>\n\t\t\t<\/dt><\/dl><br style=\"clear: both\" \/><dl class='gallery-item'>\n\t\t\t<dt class='gallery-icon landscape'>\n\t\t\t\t<img loading=\"lazy\" decoding=\"async\" width=\"619\" height=\"279\" src=\"https:\/\/fchs.unsa.edu.pe\/trabajosocial\/wp-content\/uploads\/sites\/4\/2020\/07\/R_2.jpg\" class=\"attachment-full size-full\" alt=\"\" \/>\n\t\t\t<\/dt><\/dl><br style=\"clear: both\" \/><dl class='gallery-item'>\n\t\t\t<dt class='gallery-icon landscape'>\n\t\t\t\t<img loading=\"lazy\" decoding=\"async\" width=\"524\" height=\"288\" src=\"https:\/\/fchs.unsa.edu.pe\/trabajosocial\/wp-content\/uploads\/sites\/4\/2020\/07\/R_3.jpg\" class=\"attachment-full size-full\" alt=\"\" \/>\n\t\t\t<\/dt><\/dl><br style=\"clear: both\" \/><dl class='gallery-item'>\n\t\t\t<dt class='gallery-icon landscape'>\n\t\t\t\t<img loading=\"lazy\" decoding=\"async\" width=\"573\" height=\"464\" src=\"https:\/\/fchs.unsa.edu.pe\/trabajosocial\/wp-content\/uploads\/sites\/4\/2020\/07\/R_4.jpg\" class=\"attachment-full size-full\" alt=\"\" \/>\n\t\t\t<\/dt><\/dl><br style=\"clear: both\" \/><dl class='gallery-item'>\n\t\t\t<dt class='gallery-icon landscape'>\n\t\t\t\t<img loading=\"lazy\" decoding=\"async\" width=\"546\" height=\"427\" src=\"https:\/\/fchs.unsa.edu.pe\/trabajosocial\/wp-content\/uploads\/sites\/4\/2020\/07\/R_5.jpg\" class=\"attachment-full size-full\" alt=\"\" \/>\n\t\t\t<\/dt><\/dl><br style=\"clear: both\" \/>\n\t\t<\/div>\n\n<hr \/>\n<p>T\u00edtulo del proyecto: FORTALECIMIENTO DEL LIDERAGZO A LOS ACTORES SOCIALES COMUNITARIOS DEL DISTRITO DE ALTO SELVA ALEGRE Y SOCABAYA<\/p>\n<p>Responsable e integrantes: ORTEGA PAREDES GIANNY CAROL, ALEMAN VILCA YANETH<\/p>\n<p>Archivo para descarga: <a href=\"https:\/\/drive.google.com\/file\/d\/1zv8HU2NMtgrT8NorMNJ9A_7gpf3vbfPm\/view?usp=sharing\" target=\"_blank\" rel=\"noopener\">Clic aqu\u00ed<\/a><\/p>\n<p>Fotos:<\/p>\n\n\t\t<style type=\"text\/css\">\n\t\t\t#gallery-2 {\n\t\t\t\tmargin: auto;\n\t\t\t}\n\t\t\t#gallery-2 .gallery-item {\n\t\t\t\tfloat: left;\n\t\t\t\tmargin-top: 10px;\n\t\t\t\ttext-align: center;\n\t\t\t\twidth: 100%;\n\t\t\t}\n\t\t\t#gallery-2 img {\n\t\t\t\tborder: 2px solid #cfcfcf;\n\t\t\t}\n\t\t\t#gallery-2 .gallery-caption {\n\t\t\t\tmargin-left: 0;\n\t\t\t}\n\t\t\t\/* see gallery_shortcode() in wp-includes\/media.php *\/\n\t\t<\/style>\n\t\t<div id='gallery-2' class='gallery galleryid-1930 gallery-columns-1 gallery-size-full'><dl class='gallery-item'>\n\t\t\t<dt class='gallery-icon landscape'>\n\t\t\t\t<img loading=\"lazy\" decoding=\"async\" width=\"632\" height=\"445\" src=\"https:\/\/fchs.unsa.edu.pe\/trabajosocial\/wp-content\/uploads\/sites\/4\/2020\/07\/R_6.jpg\" class=\"attachment-full size-full\" alt=\"\" \/>\n\t\t\t<\/dt><\/dl><br style=\"clear: both\" \/><dl class='gallery-item'>\n\t\t\t<dt class='gallery-icon landscape'>\n\t\t\t\t<img loading=\"lazy\" decoding=\"async\" width=\"741\" height=\"425\" src=\"https:\/\/fchs.unsa.edu.pe\/trabajosocial\/wp-content\/uploads\/sites\/4\/2020\/07\/R_7.jpg\" class=\"attachment-full size-full\" alt=\"\" \/>\n\t\t\t<\/dt><\/dl><br style=\"clear: both\" \/><dl class='gallery-item'>\n\t\t\t<dt class='gallery-icon landscape'>\n\t\t\t\t<img loading=\"lazy\" decoding=\"async\" width=\"575\" height=\"491\" src=\"https:\/\/fchs.unsa.edu.pe\/trabajosocial\/wp-content\/uploads\/sites\/4\/2020\/07\/R_8.jpg\" class=\"attachment-full size-full\" alt=\"\" \/>\n\t\t\t<\/dt><\/dl><br style=\"clear: both\" \/><dl class='gallery-item'>\n\t\t\t<dt class='gallery-icon landscape'>\n\t\t\t\t<img loading=\"lazy\" decoding=\"async\" width=\"574\" height=\"460\" src=\"https:\/\/fchs.unsa.edu.pe\/trabajosocial\/wp-content\/uploads\/sites\/4\/2020\/07\/R_9.jpg\" class=\"attachment-full size-full\" alt=\"\" \/>\n\t\t\t<\/dt><\/dl><br style=\"clear: both\" \/><dl class='gallery-item'>\n\t\t\t<dt class='gallery-icon landscape'>\n\t\t\t\t<img loading=\"lazy\" decoding=\"async\" width=\"558\" height=\"462\" src=\"https:\/\/fchs.unsa.edu.pe\/trabajosocial\/wp-content\/uploads\/sites\/4\/2020\/07\/R_10.jpg\" class=\"attachment-full size-full\" alt=\"\" \/>\n\t\t\t<\/dt><\/dl><br style=\"clear: both\" \/><dl class='gallery-item'>\n\t\t\t<dt class='gallery-icon landscape'>\n\t\t\t\t<img loading=\"lazy\" decoding=\"async\" width=\"628\" height=\"392\" src=\"https:\/\/fchs.unsa.edu.pe\/trabajosocial\/wp-content\/uploads\/sites\/4\/2020\/07\/R_11.jpg\" class=\"attachment-full size-full\" alt=\"\" \/>\n\t\t\t<\/dt><\/dl><br style=\"clear: both\" \/><dl class='gallery-item'>\n\t\t\t<dt class='gallery-icon landscape'>\n\t\t\t\t<img loading=\"lazy\" decoding=\"async\" width=\"606\" height=\"469\" src=\"https:\/\/fchs.unsa.edu.pe\/trabajosocial\/wp-content\/uploads\/sites\/4\/2020\/07\/R_12.jpg\" class=\"attachment-full size-full\" alt=\"\" srcset=\"https:\/\/fchs.unsa.edu.pe\/trabajosocial\/wp-content\/uploads\/sites\/4\/2020\/07\/R_12.jpg 606w, https:\/\/fchs.unsa.edu.pe\/trabajosocial\/wp-content\/uploads\/sites\/4\/2020\/07\/R_12-88x67.jpg 88w\" sizes=\"auto, (max-width: 606px) 100vw, 606px\" \/>\n\t\t\t<\/dt><\/dl><br style=\"clear: both\" \/><dl class='gallery-item'>\n\t\t\t<dt class='gallery-icon landscape'>\n\t\t\t\t<img loading=\"lazy\" decoding=\"async\" width=\"563\" height=\"368\" src=\"https:\/\/fchs.unsa.edu.pe\/trabajosocial\/wp-content\/uploads\/sites\/4\/2020\/07\/R_13.jpg\" class=\"attachment-full size-full\" alt=\"\" \/>\n\t\t\t<\/dt><\/dl><br style=\"clear: both\" \/>\n\t\t<\/div>\n\n<hr \/>\n<p>&nbsp;<\/p>\n","protected":false},"excerpt":{"rendered":"<p>Nro. 1 : Estudiantes Agustinos por la Equidad \u00a0Actividad: Marcha Proequidad de g\u00e9nero Realizada el 06 de Noviembre de 2025 | 12:30 pm &nbsp; Actividad: Talleres de autoestima para estudiantes de la I.E Padre Perez de Guere\u00f1\u00fa Realizada los d\u00edas jueves del 2025 | 12:20 pm &nbsp; &nbsp; OTROS PROYECTOS: T\u00edtulo del proyecto: \u201cFomentando la [&hellip;]<\/p>\n","protected":false},"author":6,"featured_media":0,"parent":0,"menu_order":0,"comment_status":"closed","ping_status":"closed","template":"","meta":{"_acf_changed":false,"footnotes":""},"class_list":["post-1930","page","type-page","status-publish","hentry"],"acf":[],"_links":{"self":[{"href":"https:\/\/fchs.unsa.edu.pe\/trabajosocial\/wp-json\/wp\/v2\/pages\/1930","targetHints":{"allow":["GET"]}}],"collection":[{"href":"https:\/\/fchs.unsa.edu.pe\/trabajosocial\/wp-json\/wp\/v2\/pages"}],"about":[{"href":"https:\/\/fchs.unsa.edu.pe\/trabajosocial\/wp-json\/wp\/v2\/types\/page"}],"author":[{"embeddable":true,"href":"https:\/\/fchs.unsa.edu.pe\/trabajosocial\/wp-json\/wp\/v2\/users\/6"}],"replies":[{"embeddable":true,"href":"https:\/\/fchs.unsa.edu.pe\/trabajosocial\/wp-json\/wp\/v2\/comments?post=1930"}],"version-history":[{"count":14,"href":"https:\/\/fchs.unsa.edu.pe\/trabajosocial\/wp-json\/wp\/v2\/pages\/1930\/revisions"}],"predecessor-version":[{"id":2571,"href":"https:\/\/fchs.unsa.edu.pe\/trabajosocial\/wp-json\/wp\/v2\/pages\/1930\/revisions\/2571"}],"wp:attachment":[{"href":"https:\/\/fchs.unsa.edu.pe\/trabajosocial\/wp-json\/wp\/v2\/media?parent=1930"}],"curies":[{"name":"wp","href":"https:\/\/api.w.org\/{rel}","templated":true}]}}