{"id":2021,"date":"2020-09-23T08:29:28","date_gmt":"2020-09-23T13:29:28","guid":{"rendered":"https:\/\/fchs.unsa.edu.pe\/trabajosocial\/?page_id=2021"},"modified":"2026-04-08T21:48:43","modified_gmt":"2026-04-09T02:48:43","slug":"politica-de-la-calidad","status":"publish","type":"page","link":"https:\/\/fchs.unsa.edu.pe\/trabajosocial\/politica-de-la-calidad\/","title":{"rendered":"Pol\u00edtica de la Calidad"},"content":{"rendered":"<p>La Universidad Nacional de San Agust\u00edn de Arequipa reafirma su compromiso con la excelencia acad\u00e9mica, cient\u00edfica y de gesti\u00f3n institucional, garantizando que sus servicios educativos, de investigaci\u00f3n, extensi\u00f3n y responsabilidad social se desarrollen bajo un<br \/>\nenfoque de calidad, equidad, transparencia y mejora continua.<br \/>\nLa Universidad se compromete a:<\/p>\n<ul>\n<li>Asegurar la formaci\u00f3n integral de estudiantes de pregrado y posgrado, promoviendo el desarrollo de competencias profesionales y valores \u00e9ticos que contribuyan al desarrollo sostenible de la regi\u00f3n y el pa\u00eds.<\/li>\n<li>Impulsar la investigaci\u00f3n, innovaci\u00f3n y creatividad; orientada a la generaci\u00f3n de conocimiento y a la soluci\u00f3n de problemas del entorno regional, nacional e internacional.<\/li>\n<li>Promover la responsabilidad social universitaria, contribuyendo al desarrollo sostenible y al bienestar de la comunidad.<\/li>\n<li>Fortalecer la gesti\u00f3n administrativa asegurando la eficiencia en el uso de los recursos y la satisfacci\u00f3n de las partes interesadas.<\/li>\n<li>Garantizar la sostenibilidad del licenciamiento y los est\u00e1ndares de los modelos de acreditaci\u00f3n, fortaleciendo una cultura de calidad y mejora continua.<\/li>\n<li>Cumplir con los requisitos legales, normativos y reglamentarios aplicables.<\/li>\n<\/ul>\n<p>La presente pol\u00edtica es difundida a nuestras partes interesadas, y es revisada de forma peri\u00f3dica para garantizar su idoneidad.<\/p>\n<p>Arequipa, 26 de enero de 2026<\/p>\n<p style=\"text-align: center\">RECTOR<br \/>\nAprobada con RCU N\u00b0 0051-2026 emitida el 5 de febrero de 2026<\/p>\n<p style=\"text-align: center\">\n","protected":false},"excerpt":{"rendered":"<p>La Universidad Nacional de San Agust\u00edn de Arequipa reafirma su compromiso con la excelencia acad\u00e9mica, cient\u00edfica y de gesti\u00f3n institucional, garantizando que sus servicios educativos, de investigaci\u00f3n, extensi\u00f3n y responsabilidad social se desarrollen bajo un enfoque de calidad, equidad, transparencia y mejora continua. La Universidad se compromete a: Asegurar la formaci\u00f3n integral de estudiantes de [&hellip;]<\/p>\n","protected":false},"author":6,"featured_media":0,"parent":0,"menu_order":0,"comment_status":"closed","ping_status":"closed","template":"","meta":{"_acf_changed":false,"footnotes":""},"class_list":["post-2021","page","type-page","status-publish","hentry"],"acf":[],"_links":{"self":[{"href":"https:\/\/fchs.unsa.edu.pe\/trabajosocial\/wp-json\/wp\/v2\/pages\/2021","targetHints":{"allow":["GET"]}}],"collection":[{"href":"https:\/\/fchs.unsa.edu.pe\/trabajosocial\/wp-json\/wp\/v2\/pages"}],"about":[{"href":"https:\/\/fchs.unsa.edu.pe\/trabajosocial\/wp-json\/wp\/v2\/types\/page"}],"author":[{"embeddable":true,"href":"https:\/\/fchs.unsa.edu.pe\/trabajosocial\/wp-json\/wp\/v2\/users\/6"}],"replies":[{"embeddable":true,"href":"https:\/\/fchs.unsa.edu.pe\/trabajosocial\/wp-json\/wp\/v2\/comments?post=2021"}],"version-history":[{"count":8,"href":"https:\/\/fchs.unsa.edu.pe\/trabajosocial\/wp-json\/wp\/v2\/pages\/2021\/revisions"}],"predecessor-version":[{"id":2627,"href":"https:\/\/fchs.unsa.edu.pe\/trabajosocial\/wp-json\/wp\/v2\/pages\/2021\/revisions\/2627"}],"wp:attachment":[{"href":"https:\/\/fchs.unsa.edu.pe\/trabajosocial\/wp-json\/wp\/v2\/media?parent=2021"}],"curies":[{"name":"wp","href":"https:\/\/api.w.org\/{rel}","templated":true}]}}