{"id":2026,"date":"2020-09-23T08:37:46","date_gmt":"2020-09-23T13:37:46","guid":{"rendered":"https:\/\/fchs.unsa.edu.pe\/trabajosocial\/?page_id=2026"},"modified":"2026-04-08T21:37:58","modified_gmt":"2026-04-09T02:37:58","slug":"objetivos-de-la-calidad","status":"publish","type":"page","link":"https:\/\/fchs.unsa.edu.pe\/trabajosocial\/objetivos-de-la-calidad\/","title":{"rendered":"Objetivos de la Calidad"},"content":{"rendered":"<ol>\n<li>Garantizar que los programas de pregrado y posgrado formen profesionales altamente competentes mediante metodolog\u00edas de ense\u00f1anza innovadoras, logrando altos niveles de satisfacci\u00f3n estudiantil y una empleabilidad superior.<\/li>\n<li>Fortalecer la investigaci\u00f3n, innovaci\u00f3n y creatividad en la comunidad universitaria, mediante proyectos aprobados y publicaciones; asegurando resultados que respondan a las necesidades sociales, cient\u00edficas y productivas del entorno.<\/li>\n<li>Consolidar la responsabilidad social universitaria, fortaleciendo la participaci\u00f3n institucional en programas, proyectos y actividades orientadas al bienestar de la comunidad.<\/li>\n<li>Optimizar la gesti\u00f3n administrativa asegurando la eficiencia y uso responsable de los recursos institucionales, con enfoque en la satisfacci\u00f3n de las partes interesadas.<\/li>\n<li>Asegurar el cumplimiento de las Condiciones B\u00e1sicas de Calidad y los est\u00e1ndares de acreditaci\u00f3n.<\/li>\n<li>Garantizar una cultura de calidad con enfoque en la mejora continua.<\/li>\n<li>Asegurar el cumplimiento de los requisitos legales y dem\u00e1s disposiciones aplicables anuestros servicios, mediante una gestion oportuna de su identificaci\u00f3n, actualizaci\u00f3n y control.<\/li>\n<\/ol>\n<p style=\"text-align: left\">\u00a0 \u00a0 \u00a0Arequipa, 26 de enero de 2026<\/p>\n<p style=\"text-align: center\">RECTOR<\/p>\n<p style=\"text-align: center\">Aprobada con RCU N\u00b0 051-2026 emitida el 05 de febrero de 2026<\/p>\n","protected":false},"excerpt":{"rendered":"<p>Garantizar que los programas de pregrado y posgrado formen profesionales altamente competentes mediante metodolog\u00edas de ense\u00f1anza innovadoras, logrando altos niveles de satisfacci\u00f3n estudiantil y una empleabilidad superior. Fortalecer la investigaci\u00f3n, innovaci\u00f3n y creatividad en la comunidad universitaria, mediante proyectos aprobados y publicaciones; asegurando resultados que respondan a las necesidades sociales, cient\u00edficas y productivas del entorno. [&hellip;]<\/p>\n","protected":false},"author":6,"featured_media":0,"parent":0,"menu_order":0,"comment_status":"closed","ping_status":"closed","template":"","meta":{"_acf_changed":false,"footnotes":""},"class_list":["post-2026","page","type-page","status-publish","hentry"],"acf":[],"_links":{"self":[{"href":"https:\/\/fchs.unsa.edu.pe\/trabajosocial\/wp-json\/wp\/v2\/pages\/2026","targetHints":{"allow":["GET"]}}],"collection":[{"href":"https:\/\/fchs.unsa.edu.pe\/trabajosocial\/wp-json\/wp\/v2\/pages"}],"about":[{"href":"https:\/\/fchs.unsa.edu.pe\/trabajosocial\/wp-json\/wp\/v2\/types\/page"}],"author":[{"embeddable":true,"href":"https:\/\/fchs.unsa.edu.pe\/trabajosocial\/wp-json\/wp\/v2\/users\/6"}],"replies":[{"embeddable":true,"href":"https:\/\/fchs.unsa.edu.pe\/trabajosocial\/wp-json\/wp\/v2\/comments?post=2026"}],"version-history":[{"count":4,"href":"https:\/\/fchs.unsa.edu.pe\/trabajosocial\/wp-json\/wp\/v2\/pages\/2026\/revisions"}],"predecessor-version":[{"id":2625,"href":"https:\/\/fchs.unsa.edu.pe\/trabajosocial\/wp-json\/wp\/v2\/pages\/2026\/revisions\/2625"}],"wp:attachment":[{"href":"https:\/\/fchs.unsa.edu.pe\/trabajosocial\/wp-json\/wp\/v2\/media?parent=2026"}],"curies":[{"name":"wp","href":"https:\/\/api.w.org\/{rel}","templated":true}]}}