{"id":2095,"date":"2020-12-13T10:27:37","date_gmt":"2020-12-13T15:27:37","guid":{"rendered":"https:\/\/fchs.unsa.edu.pe\/trabajosocial\/?page_id=2095"},"modified":"2020-12-13T10:27:37","modified_gmt":"2020-12-13T15:27:37","slug":"reconocimiento-institucional","status":"publish","type":"page","link":"https:\/\/fchs.unsa.edu.pe\/trabajosocial\/reconocimiento-institucional\/","title":{"rendered":"Reconocimiento Institucional"},"content":{"rendered":"<p>El programa de estudio de Trabajo Social de la Facultad de Ciencias Hist\u00f3rico Sociales recibe reconocimiento Institucional por Autoridades.<\/p>\n<hr \/>\n<p><strong>Noviembre de 2020<\/strong><\/p>\n<p>Autoridades de la Universidad Nacional de San Agust\u00edn de Arequipa realizan reconocimiento por concluir con \u00e9xito los 34 est\u00e1ndares de su Autoevaluaci\u00f3n.<\/p>\n<p>Fotos:<\/p>\n<p><img loading=\"lazy\" decoding=\"async\" class=\"aligncenter  wp-image-2093\" src=\"https:\/\/fchs.unsa.edu.pe\/trabajosocial\/wp-content\/uploads\/sites\/4\/2020\/12\/Firmas.jpg\" alt=\"\" width=\"534\" height=\"663\" srcset=\"https:\/\/fchs.unsa.edu.pe\/trabajosocial\/wp-content\/uploads\/sites\/4\/2020\/12\/Firmas.jpg 900w, https:\/\/fchs.unsa.edu.pe\/trabajosocial\/wp-content\/uploads\/sites\/4\/2020\/12\/Firmas-768x953.jpg 768w\" sizes=\"auto, (max-width: 534px) 100vw, 534px\" \/><\/p>\n<p><img loading=\"lazy\" decoding=\"async\" class=\"aligncenter  wp-image-2097\" src=\"https:\/\/fchs.unsa.edu.pe\/trabajosocial\/wp-content\/uploads\/sites\/4\/2020\/12\/Auditorio.jpg\" alt=\"\" width=\"534\" height=\"304\" srcset=\"https:\/\/fchs.unsa.edu.pe\/trabajosocial\/wp-content\/uploads\/sites\/4\/2020\/12\/Auditorio.jpg 1280w, https:\/\/fchs.unsa.edu.pe\/trabajosocial\/wp-content\/uploads\/sites\/4\/2020\/12\/Auditorio-768x437.jpg 768w\" sizes=\"auto, (max-width: 534px) 100vw, 534px\" \/><\/p>\n<p><img loading=\"lazy\" decoding=\"async\" class=\"aligncenter  wp-image-2098\" src=\"https:\/\/fchs.unsa.edu.pe\/trabajosocial\/wp-content\/uploads\/sites\/4\/2020\/12\/CalleSanAgustin.jpg\" alt=\"\" width=\"534\" height=\"387\" \/><\/p>\n","protected":false},"excerpt":{"rendered":"<p>El programa de estudio de Trabajo Social de la Facultad de Ciencias Hist\u00f3rico Sociales recibe reconocimiento Institucional por Autoridades. Noviembre de 2020 Autoridades de la Universidad Nacional de San Agust\u00edn de Arequipa realizan reconocimiento por concluir con \u00e9xito los 34 est\u00e1ndares de su Autoevaluaci\u00f3n. Fotos:<\/p>\n","protected":false},"author":6,"featured_media":0,"parent":0,"menu_order":0,"comment_status":"closed","ping_status":"closed","template":"","meta":{"_acf_changed":false,"footnotes":""},"class_list":["post-2095","page","type-page","status-publish","hentry"],"acf":[],"_links":{"self":[{"href":"https:\/\/fchs.unsa.edu.pe\/trabajosocial\/wp-json\/wp\/v2\/pages\/2095","targetHints":{"allow":["GET"]}}],"collection":[{"href":"https:\/\/fchs.unsa.edu.pe\/trabajosocial\/wp-json\/wp\/v2\/pages"}],"about":[{"href":"https:\/\/fchs.unsa.edu.pe\/trabajosocial\/wp-json\/wp\/v2\/types\/page"}],"author":[{"embeddable":true,"href":"https:\/\/fchs.unsa.edu.pe\/trabajosocial\/wp-json\/wp\/v2\/users\/6"}],"replies":[{"embeddable":true,"href":"https:\/\/fchs.unsa.edu.pe\/trabajosocial\/wp-json\/wp\/v2\/comments?post=2095"}],"version-history":[{"count":1,"href":"https:\/\/fchs.unsa.edu.pe\/trabajosocial\/wp-json\/wp\/v2\/pages\/2095\/revisions"}],"predecessor-version":[{"id":2099,"href":"https:\/\/fchs.unsa.edu.pe\/trabajosocial\/wp-json\/wp\/v2\/pages\/2095\/revisions\/2099"}],"wp:attachment":[{"href":"https:\/\/fchs.unsa.edu.pe\/trabajosocial\/wp-json\/wp\/v2\/media?parent=2095"}],"curies":[{"name":"wp","href":"https:\/\/api.w.org\/{rel}","templated":true}]}}