{"id":2514,"date":"2025-11-06T18:29:40","date_gmt":"2025-11-06T23:29:40","guid":{"rendered":"https:\/\/fchs.unsa.edu.pe\/trabajosocial\/?page_id=2514"},"modified":"2026-04-13T10:53:02","modified_gmt":"2026-04-13T15:53:02","slug":"lineas-de-investigacion","status":"publish","type":"page","link":"https:\/\/fchs.unsa.edu.pe\/trabajosocial\/lineas-de-investigacion\/","title":{"rendered":"Lineas de Investigacion"},"content":{"rendered":"<p><a href=\"https:\/\/fchs.unsa.edu.pe\/trabajosocial\/wp-content\/uploads\/sites\/4\/2026\/04\/RESOLUCION-DE-CONSEJO-UNIVERSITARIO-N\u00b0-0246-2022-lineas-de-investigacion.pdf\">RESOLUCI\u00d3N DE CONSEJO UNIVERSITARIO N\u00b0 0246-2022 lineas de investigacion<\/a><\/p>\n<p><strong>L\u00edneas de investigaci\u00f3n v\u00ednculadas y aprobadas al programa de estudios:<\/strong><\/p>\n<ol>\n<li>Bienestar social y organizacional<\/li>\n<li>Responsabilidad social<\/li>\n<li>Gerencia social<\/li>\n<li>Desigualdad g\u00e9nero, etnicidad y exclusi\u00f3n social<\/li>\n<li>Familia y derechos humanos<\/li>\n<li>Epistemolog\u00eda y metodolog\u00eda en Trabajo Social<\/li>\n<li>Liderazgo<\/li>\n<li>Organizaciones y movimientos sociales: procesos y representaciones socio culturales<\/li>\n<li>Conflictos Sociales<\/li>\n<li>Democracia<\/li>\n<li>Modelos de intervenci\u00f3n y gesti\u00f3n del desarrollo<\/li>\n<li>Educaci\u00f3n: saberes y tecnolog\u00eda<\/li>\n<li>Pol\u00edticas sociales<\/li>\n<li>Medio ambiente y participaci\u00f3n ciudadana<\/li>\n<li>Violencia<\/li>\n<li>Promoci\u00f3n social y de la salud<\/li>\n<li>Neurociencia social<\/li>\n<li>Salud mental y terapia<\/li>\n<\/ol>\n","protected":false},"excerpt":{"rendered":"<p>RESOLUCI\u00d3N DE CONSEJO UNIVERSITARIO N\u00b0 0246-2022 lineas de investigacion L\u00edneas de investigaci\u00f3n v\u00ednculadas y aprobadas al programa de estudios: Bienestar social y organizacional Responsabilidad social Gerencia social Desigualdad g\u00e9nero, etnicidad y exclusi\u00f3n social Familia y derechos humanos Epistemolog\u00eda y metodolog\u00eda en Trabajo Social Liderazgo Organizaciones y movimientos sociales: procesos y representaciones socio culturales Conflictos Sociales [&hellip;]<\/p>\n","protected":false},"author":13,"featured_media":2194,"parent":0,"menu_order":0,"comment_status":"closed","ping_status":"closed","template":"","meta":{"_acf_changed":false,"footnotes":""},"class_list":["post-2514","page","type-page","status-publish","has-post-thumbnail","hentry"],"acf":[],"_links":{"self":[{"href":"https:\/\/fchs.unsa.edu.pe\/trabajosocial\/wp-json\/wp\/v2\/pages\/2514","targetHints":{"allow":["GET"]}}],"collection":[{"href":"https:\/\/fchs.unsa.edu.pe\/trabajosocial\/wp-json\/wp\/v2\/pages"}],"about":[{"href":"https:\/\/fchs.unsa.edu.pe\/trabajosocial\/wp-json\/wp\/v2\/types\/page"}],"author":[{"embeddable":true,"href":"https:\/\/fchs.unsa.edu.pe\/trabajosocial\/wp-json\/wp\/v2\/users\/13"}],"replies":[{"embeddable":true,"href":"https:\/\/fchs.unsa.edu.pe\/trabajosocial\/wp-json\/wp\/v2\/comments?post=2514"}],"version-history":[{"count":8,"href":"https:\/\/fchs.unsa.edu.pe\/trabajosocial\/wp-json\/wp\/v2\/pages\/2514\/revisions"}],"predecessor-version":[{"id":2665,"href":"https:\/\/fchs.unsa.edu.pe\/trabajosocial\/wp-json\/wp\/v2\/pages\/2514\/revisions\/2665"}],"wp:featuredmedia":[{"embeddable":true,"href":"https:\/\/fchs.unsa.edu.pe\/trabajosocial\/wp-json\/wp\/v2\/media\/2194"}],"wp:attachment":[{"href":"https:\/\/fchs.unsa.edu.pe\/trabajosocial\/wp-json\/wp\/v2\/media?parent=2514"}],"curies":[{"name":"wp","href":"https:\/\/api.w.org\/{rel}","templated":true}]}}