{"id":2518,"date":"2025-11-06T18:30:50","date_gmt":"2025-11-06T23:30:50","guid":{"rendered":"https:\/\/fchs.unsa.edu.pe\/trabajosocial\/?page_id=2518"},"modified":"2025-11-06T21:49:09","modified_gmt":"2025-11-07T02:49:09","slug":"proyectos-de-investigacion","status":"publish","type":"page","link":"https:\/\/fchs.unsa.edu.pe\/trabajosocial\/proyectos-de-investigacion\/","title":{"rendered":"Proyectos de Investigaci\u00f3n"},"content":{"rendered":"<h2 data-start=\"199\" data-end=\"264\"><strong data-start=\"202\" data-end=\"264\">Investigaci\u00f3n en el Programa de Estudios de Trabajo Social<\/strong><\/h2>\n<p data-start=\"266\" data-end=\"521\">La <strong data-start=\"269\" data-end=\"297\">investigaci\u00f3n cient\u00edfica<\/strong> es una actividad fundamental en nuestro <strong data-start=\"338\" data-end=\"380\">Programa de Estudios<\/strong>, ya que permite comprender, analizar y transformar las diversas problem\u00e1ticas sociales que afectan a la persona, grupo, familia, redes y comunidad.<\/p>\n<p data-start=\"523\" data-end=\"772\">Docentes, estudiantes y egresados participan activamente en proyectos de investigaci\u00f3n orientados al <strong data-start=\"624\" data-end=\"665\">desarrollo acad\u00e9mico, social y humano<\/strong>, promoviendo la generaci\u00f3n de conocimientos que fortalezcan la pr\u00e1ctica profesional del trabajador social.<\/p>\n<p data-start=\"774\" data-end=\"1146\">Este compromiso con la investigaci\u00f3n es <strong data-start=\"814\" data-end=\"879\">impulsado y respaldado por el Vicerrectorado de Investigaci\u00f3n<\/strong> de nuestra universidad, que cumple un papel clave en la promoci\u00f3n, financiamiento y difusi\u00f3n de los estudios realizados. De este modo, buscamos consolidarnos como una <strong data-start=\"1047\" data-end=\"1145\">comunidad acad\u00e9mica comprometida con la innovaci\u00f3n social, la equidad y el bienestar colectivo<\/strong>.<\/p>\n<p data-start=\"1148\" data-end=\"1309\">Para conocer m\u00e1s sobre los trabajos desarrollados, puede acceder a la informaci\u00f3n sobre <strong data-start=\"1236\" data-end=\"1260\">proyectos concluidos<\/strong> y <strong data-start=\"1263\" data-end=\"1285\">proyectos en curso<\/strong> en el siguiente enlace:<\/p>\n<p data-start=\"1311\" data-end=\"1354\">? <a href=\"https:\/\/proyectos-vri.unsa.edu.pe\/informacion-investigacion\/index.php\/Proyectos_departamento\/index?departamento=DTS\"><em data-start=\"1314\" data-end=\"1354\">Departamento acad\u00e9mico de Trabajo Social<\/em><\/a><\/p>\n<hr data-start=\"1356\" data-end=\"1359\" \/>\n<p data-start=\"1410\" data-end=\"1814\">Una de las principales l\u00edneas de desarrollo investigativo en nuestro programa es la <strong data-start=\"1494\" data-end=\"1518\">elaboraci\u00f3n de tesis<\/strong> conducentes a la <strong data-start=\"1536\" data-end=\"1593\">obtenci\u00f3n del t\u00edtulo profesional de Trabajador Social<\/strong>.<br data-start=\"1594\" data-end=\"1597\" \/>Estas investigaciones reflejan el compromiso \u00e9tico y cient\u00edfico de nuestros egresados con el an\u00e1lisis de la realidad social y la b\u00fasqueda de soluciones a los problemas que enfrenta la poblaci\u00f3n en distintos contextos.<\/p>\n<p data-start=\"1816\" data-end=\"1948\">Para acceder a las tesis sustentadas en el Programa de Estudios de Trabajo Social, puede consultar el <strong data-start=\"1918\" data-end=\"1947\">Repositorio Institucional<\/strong>:<\/p>\n<p data-start=\"1950\" data-end=\"1980\">? <a href=\"https:\/\/repositorio.unsa.edu.pe\/collections\/79bb7644-818c-40ad-b153-44da04355c0c\"><em data-start=\"1953\" data-end=\"1980\">Tesis de Trabajo Social<\/em><\/a><\/p>\n","protected":false},"excerpt":{"rendered":"<p>Investigaci\u00f3n en el Programa de Estudios de Trabajo Social La investigaci\u00f3n cient\u00edfica es una actividad fundamental en nuestro Programa de Estudios, ya que permite comprender, analizar y transformar las diversas problem\u00e1ticas sociales que afectan a la persona, grupo, familia, redes y comunidad. Docentes, estudiantes y egresados participan activamente en proyectos de investigaci\u00f3n orientados al desarrollo [&hellip;]<\/p>\n","protected":false},"author":13,"featured_media":0,"parent":0,"menu_order":0,"comment_status":"closed","ping_status":"closed","template":"","meta":{"_acf_changed":false,"footnotes":""},"class_list":["post-2518","page","type-page","status-publish","hentry"],"acf":[],"_links":{"self":[{"href":"https:\/\/fchs.unsa.edu.pe\/trabajosocial\/wp-json\/wp\/v2\/pages\/2518","targetHints":{"allow":["GET"]}}],"collection":[{"href":"https:\/\/fchs.unsa.edu.pe\/trabajosocial\/wp-json\/wp\/v2\/pages"}],"about":[{"href":"https:\/\/fchs.unsa.edu.pe\/trabajosocial\/wp-json\/wp\/v2\/types\/page"}],"author":[{"embeddable":true,"href":"https:\/\/fchs.unsa.edu.pe\/trabajosocial\/wp-json\/wp\/v2\/users\/13"}],"replies":[{"embeddable":true,"href":"https:\/\/fchs.unsa.edu.pe\/trabajosocial\/wp-json\/wp\/v2\/comments?post=2518"}],"version-history":[{"count":3,"href":"https:\/\/fchs.unsa.edu.pe\/trabajosocial\/wp-json\/wp\/v2\/pages\/2518\/revisions"}],"predecessor-version":[{"id":2554,"href":"https:\/\/fchs.unsa.edu.pe\/trabajosocial\/wp-json\/wp\/v2\/pages\/2518\/revisions\/2554"}],"wp:attachment":[{"href":"https:\/\/fchs.unsa.edu.pe\/trabajosocial\/wp-json\/wp\/v2\/media?parent=2518"}],"curies":[{"name":"wp","href":"https:\/\/api.w.org\/{rel}","templated":true}]}}