{"id":1060,"date":"2017-07-10T13:42:16","date_gmt":"2017-07-10T13:42:16","guid":{"rendered":"http:\/\/www2.unsa.edu.pe\/escuelas\/turhoteleria\/?page_id=1060"},"modified":"2026-02-05T11:31:41","modified_gmt":"2026-02-05T16:31:41","slug":"resena-historica","status":"publish","type":"page","link":"https:\/\/fchs.unsa.edu.pe\/turismo\/resena-historica\/","title":{"rendered":"RESE\u00d1A HISTORICA"},"content":{"rendered":"<p>La Escuela Profesional de Turismo y Hoteler\u00eda fue creada por acuerdo de Consejo de Facultad el 01 de setiembre y por la Asamblea Universitaria en sesi\u00f3n del 09 de setiembre de 1999. Por lo que cuenta con 17 a\u00f1os de creaci\u00f3n.<\/p>\n<p>La Escuela Profesional de Turismo y Hoteler\u00eda forma parte de la Facultad de Ciencias Hist\u00f3rico Sociales Su plan de estudios es de 05 a\u00f1os. A la culminaci\u00f3n de los estudios otorga el grado acad\u00e9mico de Bachiller en Turismo y Hoteler\u00eda y el T\u00edtulo Profesional de Licenciado en Turismo y Hoteler\u00eda.<\/p>\n<p>La Universidad Nacional de San Agust\u00edn asume la necesidad de la formaci\u00f3n de profesionales en Turismo y Hoteler\u00eda, por lo que la Escuela proporciona al graduado la percepci\u00f3n y herramientas para identificar, evaluar y desarrollar estrategias que permitan alcanzar una mayor competitividad y crecimiento del sector tur\u00edstico en el Per\u00fa.<\/p>\n<p>Actualmente La Escuela Profesional de Turismo y Hoteler\u00eda tienen como director al Lic. Orlando Maque D\u00edaz y est\u00e1 conformada por 12 docentes de especialidad; cuenta con m\u00e1s de 500 estudiantes matriculados y 12 promociones de egresados.<\/p>\n","protected":false},"excerpt":{"rendered":"<p>La Escuela Profesional de Turismo y Hoteler\u00eda fue creada por acuerdo de Consejo de Facultad el 01 de setiembre y por la Asamblea Universitaria en sesi\u00f3n del 09 de setiembre de 1999. Por lo que cuenta con 17 a\u00f1os de creaci\u00f3n. La Escuela Profesional de Turismo y Hoteler\u00eda forma parte de la Facultad de Ciencias [&hellip;]<\/p>\n","protected":false},"author":1,"featured_media":1333,"parent":0,"menu_order":0,"comment_status":"closed","ping_status":"closed","template":"","meta":{"_acf_changed":false,"footnotes":""},"class_list":["post-1060","page","type-page","status-publish","has-post-thumbnail","hentry"],"acf":[],"_links":{"self":[{"href":"https:\/\/fchs.unsa.edu.pe\/turismo\/wp-json\/wp\/v2\/pages\/1060","targetHints":{"allow":["GET"]}}],"collection":[{"href":"https:\/\/fchs.unsa.edu.pe\/turismo\/wp-json\/wp\/v2\/pages"}],"about":[{"href":"https:\/\/fchs.unsa.edu.pe\/turismo\/wp-json\/wp\/v2\/types\/page"}],"author":[{"embeddable":true,"href":"https:\/\/fchs.unsa.edu.pe\/turismo\/wp-json\/wp\/v2\/users\/1"}],"replies":[{"embeddable":true,"href":"https:\/\/fchs.unsa.edu.pe\/turismo\/wp-json\/wp\/v2\/comments?post=1060"}],"version-history":[{"count":2,"href":"https:\/\/fchs.unsa.edu.pe\/turismo\/wp-json\/wp\/v2\/pages\/1060\/revisions"}],"predecessor-version":[{"id":1636,"href":"https:\/\/fchs.unsa.edu.pe\/turismo\/wp-json\/wp\/v2\/pages\/1060\/revisions\/1636"}],"wp:featuredmedia":[{"embeddable":true,"href":"https:\/\/fchs.unsa.edu.pe\/turismo\/wp-json\/wp\/v2\/media\/1333"}],"wp:attachment":[{"href":"https:\/\/fchs.unsa.edu.pe\/turismo\/wp-json\/wp\/v2\/media?parent=1060"}],"curies":[{"name":"wp","href":"https:\/\/api.w.org\/{rel}","templated":true}]}}