{"id":1062,"date":"2017-07-10T13:43:31","date_gmt":"2017-07-10T13:43:31","guid":{"rendered":"http:\/\/www2.unsa.edu.pe\/escuelas\/turhoteleria\/?page_id=1062"},"modified":"2017-11-02T21:57:52","modified_gmt":"2017-11-02T21:57:52","slug":"vision-y-mision","status":"publish","type":"page","link":"https:\/\/fchs.unsa.edu.pe\/turismo\/vision-y-mision\/","title":{"rendered":"Visi\u00f3n y Misi\u00f3n"},"content":{"rendered":"<div class=\"cua-gra\"><img loading=\"lazy\" decoding=\"async\" class=\"hidden-xs alignnone size-medium wp-image-1179\" src=\"https:\/\/fchs.unsa.edu.pe\/turismo\/wp-content\/uploads\/sites\/6\/2017\/09\/Arequipa-Convento_4-360x203.jpg\" alt=\"\" width=\"360\" height=\"203\" \/><\/p>\n<h1>VISI\u00d3N<\/h1>\n<p>Ser una Escuela Profesional altamente competitiva y l\u00edder en la formaci\u00f3n de profesionales en el campo del Turismo y Hoteler\u00eda con capacidad creativa e innovadora con la calidad de servicio para trabajar en equipo bajo un pensamiento sist\u00e9mico y estrat\u00e9gico.Teniendo presenta una formaci\u00f3n cient\u00edfica, humanista y proactiva que coadyuve al desarrollo en una perspectiva de investigaci\u00f3n, planificaci\u00f3n y generadora de unidades productivas orientadas al turismo en un contexto global y de desarrollo sostenible.<\/div>\n<div class=\"cua-gri\"><img loading=\"lazy\" decoding=\"async\" class=\"hidden-xs alignnone size-medium wp-image-1177\" src=\"https:\/\/fchs.unsa.edu.pe\/turismo\/wp-content\/uploads\/sites\/6\/2017\/09\/20-360x203.jpg\" alt=\"\" width=\"360\" height=\"203\" \/><\/p>\n<h1>MISI\u00d3N<\/h1>\n<p>La Escuela de Turismo y Hoteler\u00eda es una instituci\u00f3n dedicada a la formaci\u00f3n integral de acad\u00e9micos y profesionales de Turismo, con capacidad de investigar crear y difundir conocimientos para contribuir al desarrollo sostenible del turismo.<\/div>\n<p>&nbsp;<\/p>\n","protected":false},"excerpt":{"rendered":"<p>&nbsp;<\/p>\n","protected":false},"author":1,"featured_media":0,"parent":0,"menu_order":0,"comment_status":"closed","ping_status":"closed","template":"","meta":{"_acf_changed":false,"footnotes":""},"class_list":["post-1062","page","type-page","status-publish","hentry"],"acf":[],"_links":{"self":[{"href":"https:\/\/fchs.unsa.edu.pe\/turismo\/wp-json\/wp\/v2\/pages\/1062","targetHints":{"allow":["GET"]}}],"collection":[{"href":"https:\/\/fchs.unsa.edu.pe\/turismo\/wp-json\/wp\/v2\/pages"}],"about":[{"href":"https:\/\/fchs.unsa.edu.pe\/turismo\/wp-json\/wp\/v2\/types\/page"}],"author":[{"embeddable":true,"href":"https:\/\/fchs.unsa.edu.pe\/turismo\/wp-json\/wp\/v2\/users\/1"}],"replies":[{"embeddable":true,"href":"https:\/\/fchs.unsa.edu.pe\/turismo\/wp-json\/wp\/v2\/comments?post=1062"}],"version-history":[{"count":3,"href":"https:\/\/fchs.unsa.edu.pe\/turismo\/wp-json\/wp\/v2\/pages\/1062\/revisions"}],"predecessor-version":[{"id":1239,"href":"https:\/\/fchs.unsa.edu.pe\/turismo\/wp-json\/wp\/v2\/pages\/1062\/revisions\/1239"}],"wp:attachment":[{"href":"https:\/\/fchs.unsa.edu.pe\/turismo\/wp-json\/wp\/v2\/media?parent=1062"}],"curies":[{"name":"wp","href":"https:\/\/api.w.org\/{rel}","templated":true}]}}