{"id":1408,"date":"2023-06-26T12:22:34","date_gmt":"2023-06-26T17:22:34","guid":{"rendered":"https:\/\/fchs.unsa.edu.pe\/turismo\/?page_id=1408"},"modified":"2026-02-03T12:18:45","modified_gmt":"2026-02-03T17:18:45","slug":"mision","status":"publish","type":"page","link":"https:\/\/fchs.unsa.edu.pe\/turismo\/mision\/","title":{"rendered":"NUESTRA MISI\u00d3N"},"content":{"rendered":"<p>\u201cLa Escuela Profesional de Turismo y Hoteler\u00eda de la Universidad Nacional de San Agust\u00edn de Arequipa tiene como misi\u00f3n formar profesionales altamente competentes, \u00e9ticos e innovadores, con capacidad para la investigaci\u00f3n cient\u00edfica, la generaci\u00f3n de conocimiento tecnol\u00f3gico y human\u00edstico, y el desarrollo de soluciones pertinentes para el sector tur\u00edstico y hotelero. Asimismo, promueve una formaci\u00f3n integral basada en competencias, orientada a la sostenibilidad, la responsabilidad social universitaria, la valoraci\u00f3n del patrimonio cultural y natural, y la excelencia en la gesti\u00f3n de servicios tur\u00edsticos. Con ello, contribuye de manera activa al desarrollo regional y nacional, en concordancia con las demandas del entorno y los desaf\u00edos de un contexto global. \u201d.<\/p>\n","protected":false},"excerpt":{"rendered":"<p>\u201cLa Escuela Profesional de Turismo y Hoteler\u00eda de la Universidad Nacional de San Agust\u00edn de Arequipa tiene como misi\u00f3n formar profesionales altamente competentes, \u00e9ticos e innovadores, con capacidad para la investigaci\u00f3n cient\u00edfica, la generaci\u00f3n de conocimiento tecnol\u00f3gico y human\u00edstico, y el desarrollo de soluciones pertinentes para el sector tur\u00edstico y hotelero. Asimismo, promueve una formaci\u00f3n [&hellip;]<\/p>\n","protected":false},"author":6,"featured_media":0,"parent":0,"menu_order":0,"comment_status":"closed","ping_status":"closed","template":"","meta":{"_acf_changed":false,"footnotes":""},"class_list":["post-1408","page","type-page","status-publish","hentry"],"acf":[],"_links":{"self":[{"href":"https:\/\/fchs.unsa.edu.pe\/turismo\/wp-json\/wp\/v2\/pages\/1408","targetHints":{"allow":["GET"]}}],"collection":[{"href":"https:\/\/fchs.unsa.edu.pe\/turismo\/wp-json\/wp\/v2\/pages"}],"about":[{"href":"https:\/\/fchs.unsa.edu.pe\/turismo\/wp-json\/wp\/v2\/types\/page"}],"author":[{"embeddable":true,"href":"https:\/\/fchs.unsa.edu.pe\/turismo\/wp-json\/wp\/v2\/users\/6"}],"replies":[{"embeddable":true,"href":"https:\/\/fchs.unsa.edu.pe\/turismo\/wp-json\/wp\/v2\/comments?post=1408"}],"version-history":[{"count":5,"href":"https:\/\/fchs.unsa.edu.pe\/turismo\/wp-json\/wp\/v2\/pages\/1408\/revisions"}],"predecessor-version":[{"id":1614,"href":"https:\/\/fchs.unsa.edu.pe\/turismo\/wp-json\/wp\/v2\/pages\/1408\/revisions\/1614"}],"wp:attachment":[{"href":"https:\/\/fchs.unsa.edu.pe\/turismo\/wp-json\/wp\/v2\/media?parent=1408"}],"curies":[{"name":"wp","href":"https:\/\/api.w.org\/{rel}","templated":true}]}}