{"id":1414,"date":"2023-06-26T12:28:13","date_gmt":"2023-06-26T17:28:13","guid":{"rendered":"https:\/\/fchs.unsa.edu.pe\/turismo\/?page_id=1414"},"modified":"2026-02-03T12:56:27","modified_gmt":"2026-02-03T17:56:27","slug":"vision","status":"publish","type":"page","link":"https:\/\/fchs.unsa.edu.pe\/turismo\/vision\/","title":{"rendered":"VISION"},"content":{"rendered":"<p><img loading=\"lazy\" decoding=\"async\" class=\"size-full wp-image-1415 alignright\" src=\"https:\/\/fchs.unsa.edu.pe\/turismo\/wp-content\/uploads\/sites\/6\/2023\/06\/20-360x203-1.jpg\" alt=\"\" width=\"360\" height=\"203\" \/>La Escuela Profesional de Turismo y Hoteler\u00eda aspira a ser una unidad acad\u00e9mica l\u00edder y de excelencia en la formaci\u00f3n de profesionales en turismo y hoteler\u00eda, reconocida en el \u00e1mbito nacional e internacional por su calidad educativa, su contribuci\u00f3n cient\u00edfica, su capacidad de innovaci\u00f3n y su compromiso con el desarrollo sostenible del sector. Se proyecta como una Escuela que impulsa la investigaci\u00f3n aplicada, la gesti\u00f3n inteligente de destinos tur\u00edsticos, el emprendimiento competitivo, la articulaci\u00f3n efectiva con los sectores p\u00fablico y privado, y la generaci\u00f3n de valor para la sociedad. De esta manera, fortalece el rol de la Universidad Nacional de San Agust\u00edn de Arequipa como instituci\u00f3n referente para el progreso regional y del pa\u00eds.<\/p>\n","protected":false},"excerpt":{"rendered":"<p>La Escuela Profesional de Turismo y Hoteler\u00eda aspira a ser una unidad acad\u00e9mica l\u00edder y de excelencia en la formaci\u00f3n de profesionales en turismo y hoteler\u00eda, reconocida en el \u00e1mbito nacional e internacional por su calidad educativa, su contribuci\u00f3n cient\u00edfica, su capacidad de innovaci\u00f3n y su compromiso con el desarrollo sostenible del sector. Se proyecta [&hellip;]<\/p>\n","protected":false},"author":6,"featured_media":0,"parent":0,"menu_order":0,"comment_status":"closed","ping_status":"closed","template":"","meta":{"_acf_changed":false,"footnotes":""},"class_list":["post-1414","page","type-page","status-publish","hentry"],"acf":[],"_links":{"self":[{"href":"https:\/\/fchs.unsa.edu.pe\/turismo\/wp-json\/wp\/v2\/pages\/1414","targetHints":{"allow":["GET"]}}],"collection":[{"href":"https:\/\/fchs.unsa.edu.pe\/turismo\/wp-json\/wp\/v2\/pages"}],"about":[{"href":"https:\/\/fchs.unsa.edu.pe\/turismo\/wp-json\/wp\/v2\/types\/page"}],"author":[{"embeddable":true,"href":"https:\/\/fchs.unsa.edu.pe\/turismo\/wp-json\/wp\/v2\/users\/6"}],"replies":[{"embeddable":true,"href":"https:\/\/fchs.unsa.edu.pe\/turismo\/wp-json\/wp\/v2\/comments?post=1414"}],"version-history":[{"count":3,"href":"https:\/\/fchs.unsa.edu.pe\/turismo\/wp-json\/wp\/v2\/pages\/1414\/revisions"}],"predecessor-version":[{"id":1627,"href":"https:\/\/fchs.unsa.edu.pe\/turismo\/wp-json\/wp\/v2\/pages\/1414\/revisions\/1627"}],"wp:attachment":[{"href":"https:\/\/fchs.unsa.edu.pe\/turismo\/wp-json\/wp\/v2\/media?parent=1414"}],"curies":[{"name":"wp","href":"https:\/\/api.w.org\/{rel}","templated":true}]}}