{"id":1423,"date":"2023-06-26T14:26:33","date_gmt":"2023-06-26T19:26:33","guid":{"rendered":"https:\/\/fchs.unsa.edu.pe\/turismo\/?page_id=1423"},"modified":"2023-06-28T02:21:01","modified_gmt":"2023-06-28T07:21:01","slug":"competencias-generales","status":"publish","type":"page","link":"https:\/\/fchs.unsa.edu.pe\/turismo\/competencias-generales\/","title":{"rendered":"Competencias Generales"},"content":{"rendered":"<p>COMPETENCIAS GENERALES<\/p>\n<p>G1. Interact\u00faa con otras personas, trabajando en equipo y en diferentes contextos, comunic\u00e1ndose integralmente en su idioma y otros.<br \/>\nG2. Asume el compromiso de respetar y conservar el medio ambiente as\u00ed como los recursos tur\u00edsticos naturales y culturales considerando los principios de sostenibilidad y cumpliendo las normas respectivas.<br \/>\nG3. Explica los problemas sociales mas relevantes del Per\u00fa desde el punto de vista social y cultural. Con el fin de comprometerse a contribuir en su soluci\u00f3n planteando proyectos, programas que contribuyan al desarrollo local, regional y nacional.<br \/>\nG4. Reflexiona cr\u00edticamente sobre diferentes planteamientos y perspectivas relacionadas con la pr\u00e1ctica profesional y ciudadan\u00eda, as\u00ed como alternativas de soluci\u00f3n.<br \/>\nG5. Reconoce la importancia de la investigaci\u00f3n cient\u00edfica y tecnol\u00f3gica, as\u00ed como del empleo de m\u00e9todos cient\u00edficos para afrontar los problemas del sector tur\u00edstico.<br \/>\nG6. Gestiona la informaci\u00f3n proveniente de diferentes fuentes para utilizarla de manera cr\u00edtica, creativa y con iniciativa en la resoluci\u00f3n de problemas sociales y en el emprendimiento de proyectos. Act\u00faa \u00e9ticamente en sus comportamientos, dentro y fuera de la universidad a fin de fortalecer sus valores constituy\u00e9ndose en un agente de transformaci\u00f3n y desarrollo en la sociedad.<\/p>\n","protected":false},"excerpt":{"rendered":"<p>COMPETENCIAS GENERALES G1. Interact\u00faa con otras personas, trabajando en equipo y en diferentes contextos, comunic\u00e1ndose integralmente en su idioma y otros. G2. Asume el compromiso de respetar y conservar el medio ambiente as\u00ed como los recursos tur\u00edsticos naturales y culturales considerando los principios de sostenibilidad y cumpliendo las normas respectivas. G3. Explica los problemas sociales [&hellip;]<\/p>\n","protected":false},"author":6,"featured_media":0,"parent":0,"menu_order":0,"comment_status":"closed","ping_status":"closed","template":"","meta":{"_acf_changed":false,"footnotes":""},"class_list":["post-1423","page","type-page","status-publish","hentry"],"acf":[],"_links":{"self":[{"href":"https:\/\/fchs.unsa.edu.pe\/turismo\/wp-json\/wp\/v2\/pages\/1423","targetHints":{"allow":["GET"]}}],"collection":[{"href":"https:\/\/fchs.unsa.edu.pe\/turismo\/wp-json\/wp\/v2\/pages"}],"about":[{"href":"https:\/\/fchs.unsa.edu.pe\/turismo\/wp-json\/wp\/v2\/types\/page"}],"author":[{"embeddable":true,"href":"https:\/\/fchs.unsa.edu.pe\/turismo\/wp-json\/wp\/v2\/users\/6"}],"replies":[{"embeddable":true,"href":"https:\/\/fchs.unsa.edu.pe\/turismo\/wp-json\/wp\/v2\/comments?post=1423"}],"version-history":[{"count":3,"href":"https:\/\/fchs.unsa.edu.pe\/turismo\/wp-json\/wp\/v2\/pages\/1423\/revisions"}],"predecessor-version":[{"id":1447,"href":"https:\/\/fchs.unsa.edu.pe\/turismo\/wp-json\/wp\/v2\/pages\/1423\/revisions\/1447"}],"wp:attachment":[{"href":"https:\/\/fchs.unsa.edu.pe\/turismo\/wp-json\/wp\/v2\/media?parent=1423"}],"curies":[{"name":"wp","href":"https:\/\/api.w.org\/{rel}","templated":true}]}}